{"id":498,"date":"2017-05-09T15:00:42","date_gmt":"2017-05-09T21:00:42","guid":{"rendered":"http:\/\/www.beneficenciapublica.oaxaca.gob.mx\/?page_id=498"},"modified":"2017-05-09T15:00:42","modified_gmt":"2017-05-09T21:00:42","slug":"fraccion-xliv-donaciones-hechas-a-terceros","status":"publish","type":"page","link":"https:\/\/www.oaxaca.gob.mx\/apbp\/fraccion-xliv-donaciones-hechas-a-terceros\/","title":{"rendered":"Fracci\u00f3n XLIV. Donaciones hechas a terceros."},"content":{"rendered":"<p>\t\t\t\t<a href=\"https:\/\/www.oaxaca.gob.mx\/apbp\/wp-content\/uploads\/sites\/10\/2017\/05\/fracc-XLIV-Personas-f\u00edsicas.pdf\" target=\"_blank\" rel=\"noopener noreferrer\">Apoyo a Personas F\u00edsicas<\/a><\/p>\n<p>Fortalecimiento Institucional<\/p>\n<p><a href=\"https:\/\/www.oaxaca.gob.mx\/apbp\/wp-content\/uploads\/sites\/10\/2017\/05\/fracc-XLIV-Instituciones.pdf\" target=\"_blank\" rel=\"noopener noreferrer\">Apoyo en Especie a Instituciones<\/a><\/p>\n<p><a href=\"https:\/\/www.oaxaca.gob.mx\/apbp\/wp-content\/uploads\/sites\/10\/2018\/01\/Donaci\u00f3n-Distrito-V-del-Congreso-del-Estado-de-Oaxaca.pdf\" target=\"_blank\" rel=\"noopener noreferrer\">Donaci\u00f3n Distrito V del Congreso del Estado de Oaxaca<\/a><\/p>\n<p><a href=\"https:\/\/www.oaxaca.gob.mx\/apbp\/wp-content\/uploads\/sites\/10\/2018\/01\/Donaci\u00f3n-Mario-Hern\u00e1ndez-Ram\u00edrez.pdf\" target=\"_blank\" rel=\"noopener noreferrer\">Donaci\u00f3n Mario Hern\u00e1ndez Ram\u00edrez<\/a><\/p>\n<p><a href=\"https:\/\/www.oaxaca.gob.mx\/apbp\/wp-content\/uploads\/sites\/10\/2018\/01\/Donaci\u00f3n-San-Pedro-Amuzgos.pdf\" target=\"_blank\" rel=\"noopener noreferrer\">Donaci\u00f3n San Pedro Amuzgos<\/a><\/p>\n<p><a href=\"https:\/\/www.oaxaca.gob.mx\/apbp\/wp-content\/uploads\/sites\/10\/2018\/01\/Donaci\u00f3n-San-Pedro-Amuzgos-II.pdf\" target=\"_blank\" rel=\"noopener noreferrer\">Donaci\u00f3n San Pedro Amuzgos II<\/a><\/p>\n<p><a href=\"https:\/\/www.oaxaca.gob.mx\/apbp\/wp-content\/uploads\/sites\/10\/2018\/01\/Donaci\u00f3n-San-Pedro-Mixtepec.pdf\" target=\"_blank\" rel=\"noopener noreferrer\">Donaci\u00f3n San Pedro Mixtepec<\/a><\/p>\n<p><a href=\"https:\/\/www.oaxaca.gob.mx\/apbp\/wp-content\/uploads\/sites\/10\/2018\/01\/Donaci\u00f3n-San-Pedro-Mixtepec-II.pdf\" target=\"_blank\" rel=\"noopener noreferrer\">Donaci\u00f3n San Pedro Mixtepec II<\/a><\/p>\n<p><a href=\"https:\/\/www.oaxaca.gob.mx\/apbp\/wp-content\/uploads\/sites\/10\/2018\/01\/Donaci\u00f3n-Trinidad-de-Zaachila.pdf\" target=\"_blank\" rel=\"noopener noreferrer\">Donaci\u00f3n Trinidad de Zaachila<\/a>\t\t<\/p>\n","protected":false},"excerpt":{"rendered":"<p>Apoyo a Personas F\u00edsicas Fortalecimiento Institucional Apoyo en Especie a Instituciones Donaci\u00f3n Distrito V del Congreso del Estado de Oaxaca Donaci\u00f3n Mario Hern\u00e1ndez Ram\u00edrez Donaci\u00f3n San Pedro Amuzgos Donaci\u00f3n San Pedro Amuzgos II Donaci\u00f3n San Pedro Mixtepec Donaci\u00f3n San Pedro Mixtepec II Donaci\u00f3n Trinidad de Zaachila<\/p>\n","protected":false},"author":1,"featured_media":0,"parent":0,"menu_order":0,"comment_status":"closed","ping_status":"closed","template":"","meta":{"episode_type":"","audio_file":"","podmotor_file_id":"","podmotor_episode_id":"","cover_image":"","cover_image_id":"","duration":"","filesize":"","filesize_raw":"","date_recorded":"","explicit":"","block":"","itunes_episode_number":"","itunes_title":"","itunes_season_number":"","itunes_episode_type":"","footnotes":""},"categories":[],"tags":[],"class_list":["post-498","page","type-page","status-publish","hentry"],"acf":[],"publishpress_future_action":{"enabled":false,"date":"2026-05-14 13:43:31","action":"change-status","newStatus":"draft","terms":[],"taxonomy":"category","extraData":[]},"publishpress_future_workflow_manual_trigger":{"enabledWorkflows":[]},"_links":{"self":[{"href":"https:\/\/www.oaxaca.gob.mx\/apbp\/wp-json\/wp\/v2\/pages\/498","targetHints":{"allow":["GET"]}}],"collection":[{"href":"https:\/\/www.oaxaca.gob.mx\/apbp\/wp-json\/wp\/v2\/pages"}],"about":[{"href":"https:\/\/www.oaxaca.gob.mx\/apbp\/wp-json\/wp\/v2\/types\/page"}],"author":[{"embeddable":true,"href":"https:\/\/www.oaxaca.gob.mx\/apbp\/wp-json\/wp\/v2\/users\/1"}],"replies":[{"embeddable":true,"href":"https:\/\/www.oaxaca.gob.mx\/apbp\/wp-json\/wp\/v2\/comments?post=498"}],"version-history":[{"count":0,"href":"https:\/\/www.oaxaca.gob.mx\/apbp\/wp-json\/wp\/v2\/pages\/498\/revisions"}],"wp:attachment":[{"href":"https:\/\/www.oaxaca.gob.mx\/apbp\/wp-json\/wp\/v2\/media?parent=498"}],"wp:term":[{"taxonomy":"category","embeddable":true,"href":"https:\/\/www.oaxaca.gob.mx\/apbp\/wp-json\/wp\/v2\/categories?post=498"},{"taxonomy":"post_tag","embeddable":true,"href":"https:\/\/www.oaxaca.gob.mx\/apbp\/wp-json\/wp\/v2\/tags?post=498"}],"curies":[{"name":"wp","href":"https:\/\/api.w.org\/{rel}","templated":true}]}}