{"id":45,"date":"2017-03-02T11:12:42","date_gmt":"2017-03-02T17:12:42","guid":{"rendered":"http:\/\/www.beneficenciapublica.oaxaca.gob.mx\/?page_id=45"},"modified":"2019-09-12T14:05:42","modified_gmt":"2019-09-12T19:05:42","slug":"obligaciones-transparencia","status":"publish","type":"page","link":"https:\/\/www.oaxaca.gob.mx\/apbp\/obligaciones-transparencia\/","title":{"rendered":"CUMPLIMIENTO DE OBLIGACIONES DE TRANSPARENCIA"},"content":{"rendered":"<p>&nbsp;<\/p>\n<ul class=\"listas-geo\">\n<li class=\"li1\"><a href=\"https:\/\/www.oaxaca.gob.mx\/apbp\/wp-content\/uploads\/sites\/10\/2019\/07\/LGTA70-.xlsx\">LGTA70. \u00faltimo p\u00e1rrafo. Obligaciones aplicables<\/a><\/li>\n<li class=\"li1\"><a href=\"https:\/\/www.oaxaca.gob.mx\/apbp\/wp-content\/uploads\/sites\/10\/2019\/07\/LGTA80B-.SEMESTRAL.xlsx\">80b. Informaci\u00f3n de Inter\u00e9s P\u00fablico determinado por el organismo garante.<\/a><\/li>\n<li class=\"li1\"><a href=\"https:\/\/www.oaxaca.gob.mx\/apbp\/wp-content\/uploads\/sites\/10\/2019\/01\/LGTA70FI-TREMINADO-.xlsx\">Fracci\u00f3n I. Marco Normativo<\/a><\/li>\n<li class=\"li1\"><a href=\"https:\/\/www.oaxaca.gob.mx\/apbp\/wp-content\/uploads\/sites\/10\/2019\/01\/LGTA71FIA1-1.xlsx\">Fracci\u00f3n Ia1. Hiperv\u00ednculo al Plan Nacional de Desarrollo.<\/a><\/li>\n<li class=\"li1\"><a href=\"https:\/\/www.oaxaca.gob.mx\/apbp\/wp-content\/uploads\/sites\/10\/2018\/11\/LGTA71-FIB1-ENVIADA.xlsx\">Fracci\u00f3n Ib1. Presupuesto de egresos.<\/a><\/li>\n<li class=\"li1\"><a href=\"https:\/\/www.oaxaca.gob.mx\/apbp\/wp-content\/uploads\/sites\/10\/2019\/07\/LGTA71FIC1.xlsx\">Fracci\u00f3n Ic1. Hiperv\u00ednculo al listado de expropiaciones.<\/a><\/li>\n<li class=\"li1\"><a href=\"https:\/\/www.oaxaca.gob.mx\/apbp\/wp-content\/uploads\/sites\/10\/2019\/07\/LGTA71FID1.xlsx\">Fracci\u00f3n Id1. Hiperv\u00ednculo a las cancelaciones y condonaciones de cr\u00e9ditos fiscales.<\/a><\/li>\n<li class=\"li1\"><a href=\"https:\/\/www.oaxaca.gob.mx\/apbp\/wp-content\/uploads\/sites\/10\/2019\/07\/LGTA71FIE1.xlsx\">Fracci\u00f3n Ie1. Hiperv\u00ednculo a la informaci\u00f3n de los corredores y notarios p\u00fablicos.<\/a><\/li>\n<li class=\"li1\"><a href=\"https:\/\/www.oaxaca.gob.mx\/apbp\/wp-content\/uploads\/sites\/10\/2018\/11\/LGTA71-FIF-12.xlsx\">Fraccci\u00f3n If1. Hiperv\u00ednculo a los planes de desarrollo urbano.<\/a><\/li>\n<li class=\"li1\"><a href=\"https:\/\/www.oaxaca.gob.mx\/apbp\/wp-content\/uploads\/sites\/10\/2019\/07\/LGTA71FIG1.xlsx\">Fracci\u00f3n Ig1. Disposiciones administrativas.<\/a><\/li>\n<li class=\"li1\"><a href=\"https:\/\/www.oaxaca.gob.mx\/apbp\/wp-content\/uploads\/sites\/10\/2019\/07\/LTAO36-unico-parrafo-1.xlsx\">O36-\u00fanico p\u00e1rrafo. Informaci\u00f3n sobre obra p\u00fablica.<\/a><\/li>\n<li class=\"li1\"><a href=\"https:\/\/www.oaxaca.gob.mx\/apbp\/wp-content\/uploads\/sites\/10\/2019\/07\/LGTA70FIIA.xlsx\">Fracci\u00f3n IIa. Estructura Org\u00e1nica.<\/a><\/li>\n<li class=\"li1\"><a href=\"https:\/\/www.oaxaca.gob.mx\/apbp\/wp-content\/uploads\/sites\/10\/2019\/07\/LGTA70FIIB.xlsx\">Fracci\u00f3n IIb.\u00a0Organigrama<\/a><\/li>\n<li class=\"li1\"><a href=\"https:\/\/www.oaxaca.gob.mx\/apbp\/wp-content\/uploads\/sites\/10\/2019\/07\/LGTA70FIII.xlsx\">Fracci\u00f3n III. Facultades.<\/a><\/li>\n<li class=\"li1\"><a href=\"https:\/\/www.oaxaca.gob.mx\/apbp\/wp-content\/uploads\/sites\/10\/2019\/02\/LGTA70FIV.xlsx\">Fracci\u00f3n IV. Metas y objetivos.<\/a><\/li>\n<li class=\"li1\"><a href=\"https:\/\/www.oaxaca.gob.mx\/apbp\/wp-content\/uploads\/sites\/10\/2019\/07\/LGTA70FV.xlsx\">Fracci\u00f3n V. Indicadores.<\/a><\/li>\n<li class=\"li1\"><a href=\"https:\/\/www.oaxaca.gob.mx\/apbp\/wp-content\/uploads\/sites\/10\/2019\/07\/LGTA70FVI.xlsx\">Fracci\u00f3n VI. Indicadores de resultados.<\/a><\/li>\n<li class=\"li1\"><a href=\"https:\/\/www.oaxaca.gob.mx\/apbp\/wp-content\/uploads\/sites\/10\/2019\/09\/LGTA70FVII.xlsx\">Fracci\u00f3n VII. Directorio<\/a><\/li>\n<li class=\"li1\"><a href=\"https:\/\/www.oaxaca.gob.mx\/apbp\/wp-content\/uploads\/sites\/10\/2019\/07\/LGTA70FVIII.xlsx\">Fracci\u00f3n VIII. Remuneraci\u00f3n<\/a><\/li>\n<li class=\"li1\"><a href=\"https:\/\/www.oaxaca.gob.mx\/apbp\/wp-content\/uploads\/sites\/10\/2019\/07\/LTAO21FVIIIA-.xlsx\">Fracci\u00f3n VIIIa. Publicaci\u00f3n en medios alternativos.<\/a><\/li>\n<li class=\"li1\"><a href=\"https:\/\/www.oaxaca.gob.mx\/apbp\/wp-content\/uploads\/sites\/10\/2019\/07\/LTAO21FVIIIB-.xlsx\">Fracci\u00f3n VIIIb. Medios electr\u00f3nicos para recibir quejas, sugerencias o propuestas.<\/a><\/li>\n<li class=\"li1\"><a href=\"https:\/\/www.oaxaca.gob.mx\/apbp\/wp-content\/uploads\/sites\/10\/2019\/07\/LGTA70FIX.xlsx\">Fracci\u00f3n IX. Gastos de representaci\u00f3n y vi\u00e1ticos.<\/a><\/li>\n<li class=\"li1\"><a href=\"https:\/\/www.oaxaca.gob.mx\/apbp\/wp-content\/uploads\/sites\/10\/2019\/07\/LGTA70FXA.xlsx\">Fracci\u00f3n Xa. Plazas y personal de base y confianza.<\/a><\/li>\n<li class=\"li1\"><a href=\"https:\/\/www.oaxaca.gob.mx\/apbp\/wp-content\/uploads\/sites\/10\/2019\/07\/LGTA70FXB.xlsx\">Fracci\u00f3n Xb.\u00a0Total de plazas vacantes y ocupadas del personal de base y confianza<\/a><\/li>\n<li class=\"li1\"><a href=\"https:\/\/www.oaxaca.gob.mx\/apbp\/wp-content\/uploads\/sites\/10\/2019\/01\/LGTA70-FXI1.xlsx\">Fracci\u00f3n XI.\u00a0Personal contratado por honorarios<\/a><\/li>\n<li class=\"li1\"><a href=\"https:\/\/www.oaxaca.gob.mx\/apbp\/wp-content\/uploads\/sites\/10\/2019\/07\/LGTA70FXII.xlsx\">Fracci\u00f3n XII. Declaraciones patrimoniales.<\/a><\/li>\n<li class=\"li1\"><a href=\"https:\/\/www.oaxaca.gob.mx\/apbp\/wp-content\/uploads\/sites\/10\/2019\/01\/LGTA70FXIII-UT-TERMINADO.xlsx\">Fracci\u00f3n XIII. Unidad de transparencia.<\/a><\/li>\n<li class=\"li1\"><a href=\"https:\/\/www.oaxaca.gob.mx\/apbp\/wp-content\/uploads\/sites\/10\/2019\/07\/LGTA70FXIV.xlsx\">Fracci\u00f3n XIV. Convocatorias.<\/a><\/li>\n<li class=\"li1\"><a href=\"https:\/\/www.oaxaca.gob.mx\/apbp\/wp-content\/uploads\/sites\/10\/2019\/07\/LGTA70FXVB.xlsx\">Fracci\u00f3n XVb. Programas de subsidios, est\u00edmulos y apoyos.<\/a><\/li>\n<li class=\"li1\"><a href=\"https:\/\/www.oaxaca.gob.mx\/apbp\/wp-content\/uploads\/sites\/10\/2018\/05\/LGTA70FXXVI.xlsx\">Fracci\u00f3n XVI. Contratos o convenios.<\/a><\/li>\n<li class=\"li1\"><a href=\"https:\/\/www.oaxaca.gob.mx\/apbp\/wp-content\/uploads\/sites\/10\/2019\/07\/LGTA70FXVIA.xlsx\">Fracci\u00f3n XVIa. Condiciones generales de trabajo y sindicatos Normatividad laboral.<\/a><\/li>\n<li class=\"li1\"><a href=\"\/apbp\/wp-content\/uploads\/sites\/10\/2019\/01\/LGTA70FXVIB-1.xlsx\">Fracci\u00f3n XVIb. Condiciones generales de trabajo y sindicatos, recursos p\u00fablicos entregados a sindicatos.<\/a><\/li>\n<li class=\"li1\"><a href=\"https:\/\/www.oaxaca.gob.mx\/apbp\/wp-content\/uploads\/sites\/10\/2019\/07\/LGTA70FXVII.xlsx\">Fracci\u00f3n XVII. Informaci\u00f3n curricular.<\/a><\/li>\n<li class=\"li1\"><a href=\"https:\/\/www.oaxaca.gob.mx\/apbp\/wp-content\/uploads\/sites\/10\/2019\/07\/LGTA70FXVIII.xlsx\">Fracci\u00f3n XVIII. Sanciones Administrativas<\/a><\/li>\n<li class=\"li1\"><a href=\"https:\/\/www.oaxaca.gob.mx\/apbp\/wp-content\/uploads\/sites\/10\/2019\/07\/LGTA70FXIX.xlsx\">Fracci\u00f3n XIX. Servicios.<\/a><\/li>\n<li class=\"li1\"><a href=\"https:\/\/www.oaxaca.gob.mx\/apbp\/wp-content\/uploads\/sites\/10\/2019\/07\/LGTA70FXX.xlsx\">Fracci\u00f3n XX. Tr\u00e1mites.<\/a><\/li>\n<li class=\"li1\"><a href=\"https:\/\/www.oaxaca.gob.mx\/apbp\/wp-content\/uploads\/sites\/10\/2019\/01\/LGTA70FXXIA.xlsx\">Fracci\u00f3n XXIa. Presupuesto asignado anual.<\/a><\/li>\n<li class=\"li1\"><a href=\"https:\/\/www.oaxaca.gob.mx\/apbp\/wp-content\/uploads\/sites\/10\/2019\/07\/LGTA70FXXIB.xlsx\">Fracci\u00f3n XXIb.\u00a0Ejercicio de los egresos presupuestarios.<\/a><\/li>\n<li class=\"li1\"><a href=\"https:\/\/www.oaxaca.gob.mx\/apbp\/wp-content\/uploads\/sites\/10\/2019\/01\/LGTA70FXXIC.xlsx\">Fracci\u00f3n XXIc. Cuenta p\u00fablica.<\/a><\/li>\n<li class=\"li1\"><a href=\"https:\/\/www.oaxaca.gob.mx\/apbp\/wp-content\/uploads\/sites\/10\/2018\/11\/LGTA70FXXIIIA.xlsx\">Fracci\u00f3n XXIIIa. Programa Anual de comunicaci\u00f3n social.<\/a><\/li>\n<li class=\"li1\"><a href=\"https:\/\/www.oaxaca.gob.mx\/apbp\/wp-content\/uploads\/sites\/10\/2019\/08\/LGTA70FXXIIIB.xlsx\">Fracci\u00f3n XXIIIb. Contrataci\u00f3n de servicios de publicidad oficial<\/a><\/li>\n<li class=\"li1\"><a href=\"https:\/\/www.oaxaca.gob.mx\/apbp\/wp-content\/uploads\/sites\/10\/2019\/08\/LGTA70FXXIIID.xlsx\">Fracci\u00f3n XXIIId. Informaci\u00f3n de tiempos oficiales en radio y televisi\u00f3n.<\/a><\/li>\n<li class=\"li1\"><a href=\"https:\/\/www.oaxaca.gob.mx\/apbp\/wp-content\/uploads\/sites\/10\/2019\/07\/LGTA70FXXIV.xlsx\">Fracci\u00f3n XXIV. Auditor\u00edas.<\/a><\/li>\n<li class=\"li1\"><a href=\"https:\/\/www.oaxaca.gob.mx\/apbp\/wp-content\/uploads\/sites\/10\/2018\/08\/LGTA70FXXXIA.xlsx\">Fracci\u00f3n XXV. Resultados de la dictaminaci\u00f3n de los Estados Financieros<\/a><\/li>\n<li class=\"li1\"><a href=\"https:\/\/www.oaxaca.gob.mx\/apbp\/wp-content\/uploads\/sites\/10\/2019\/07\/LGTA70FXXVI.xlsx\">Fracci\u00f3n XXVI. Personas que usan recursos p\u00fablicos.<\/a><\/li>\n<li class=\"li1\"><a href=\"\/apbp\/wp-content\/uploads\/sites\/10\/2019\/01\/LGTA70FXXVII-1.xlsx\">Fracci\u00f3n XXVII. Concesiones, contratos, convenios, permisos, licencias o autorizaciones otorgadas.<\/a><\/li>\n<li class=\"li1\"><a href=\"https:\/\/www.oaxaca.gob.mx\/apbp\/wp-content\/uploads\/sites\/10\/2019\/07\/LGTA70FXXVIIIA.xlsx\">Fracci\u00f3n XXVIIIa. Procedimientos de licitaci\u00f3n p\u00fablica e invitaci\u00f3n a cuando menos tres personas.<\/a><\/li>\n<li class=\"li1\"><a href=\"https:\/\/www.oaxaca.gob.mx\/apbp\/wp-content\/uploads\/sites\/10\/2019\/07\/LGTA70FXXVIIIB.xlsx\">Fracci\u00f3n XXVIIIb. Procedimientos de adjudicaci\u00f3n directa.<\/a><\/li>\n<li class=\"li1\"><a href=\"\/apbp\/wp-content\/uploads\/sites\/10\/2019\/01\/LGTA70FXLV-adto.20192-1.xlsx\">Fracci\u00f3n XVL. El cat\u00e1logo de disposici\u00f3n y gu\u00eda de archivo documental<\/a><\/li>\n<li class=\"li1\"><a href=\"https:\/\/www.oaxaca.gob.mx\/apbp\/wp-content\/uploads\/sites\/10\/2019\/07\/LGTA70FXXIX-1.xlsx\">Fracci\u00f3n XXIX. Informes.<\/a><\/li>\n<li class=\"li1\"><a href=\"https:\/\/www.oaxaca.gob.mx\/apbp\/wp-content\/uploads\/sites\/10\/2019\/07\/LGTA70FXXX.xlsx\">Fracci\u00f3n XXX. Estad\u00edsticas.<\/a><\/li>\n<li class=\"li1\"><a href=\"https:\/\/www.oaxaca.gob.mx\/apbp\/wp-content\/uploads\/sites\/10\/2019\/07\/LGTA70FXXXIA.xlsx\">Fracci\u00f3n XXXIa.\u00a0Informe\u00a0financiero gasto por capitulo, concepto y partida<\/a><\/li>\n<li class=\"li1\"><a href=\"https:\/\/www.oaxaca.gob.mx\/apbp\/wp-content\/uploads\/sites\/10\/2019\/07\/LGTA70FXXXIB.xlsx\">Fracci\u00f3n XXXIb. Informes financieros, contables,\u00a0presupuestales y programaticos<\/a><\/li>\n<li class=\"li1\"><a href=\"https:\/\/www.oaxaca.gob.mx\/apbp\/wp-content\/uploads\/sites\/10\/2019\/07\/LGTA70FXXXII.xlsx\">Fracci\u00f3n XXXII. Padr\u00f3n de proveedores y contratistas.<\/a><\/li>\n<li class=\"li1\"><a href=\"\/apbp\/wp-content\/uploads\/sites\/10\/2019\/01\/LGTA70FXXXIII-1.xlsx\">Fracci\u00f3n XXXIII. Convenios de coordinaci\u00f3n.<\/a><\/li>\n<li class=\"li1\"><a href=\"https:\/\/www.oaxaca.gob.mx\/apbp\/wp-content\/uploads\/sites\/10\/2019\/07\/LGTA70FXXXIVA.xlsx\">Fracci\u00f3n XXXIVa. Inventario de bienes muebles.<\/a><\/li>\n<li class=\"li1\"><a href=\"https:\/\/www.oaxaca.gob.mx\/apbp\/wp-content\/uploads\/sites\/10\/2019\/07\/LGTA70FXXXIVB.xlsx\">Fracci\u00f3n XXXIVb.\u00a0Altas practicadas a\u00a0bienes muebles.<\/a><\/li>\n<li class=\"li1\"><a href=\"https:\/\/www.oaxaca.gob.mx\/apbp\/wp-content\/uploads\/sites\/10\/2019\/07\/LGTA70FXXXIVC.xlsx\">Fracci\u00f3n XXXIVc. Inventario de bajas practicadas a bienes muebles.<\/a><\/li>\n<li class=\"li1\"><a href=\"https:\/\/www.oaxaca.gob.mx\/apbp\/wp-content\/uploads\/sites\/10\/2019\/07\/LGTA70FXXXIVD.xlsx\">Fracci\u00f3n XXXIVd. Inventario de bienes inmuebles.<\/a><\/li>\n<li class=\"li1\"><a href=\"https:\/\/www.oaxaca.gob.mx\/apbp\/wp-content\/uploads\/sites\/10\/2019\/07\/3.-LGTA70-FXXXVA-.xlsx\">Fracci\u00f3n XXXVa. Recomendaciones emitidas por los \u00f3rganos p\u00fablicos.<\/a><\/li>\n<li class=\"li1\"><a href=\"https:\/\/www.oaxaca.gob.mx\/apbp\/wp-content\/uploads\/sites\/10\/2019\/07\/4.-.-LGTA70-FXXXVB.xlsx\">Fracci\u00f3n XXXVb. Recomendaciones emitidas por los \u00f3rganos p\u00fablicos.<\/a><\/li>\n<li class=\"li1\"><a href=\"\/apbp\/wp-content\/uploads\/sites\/10\/2019\/01\/LGTA70FXXXVI-1.xlsx\">Fracci\u00f3n XXXVI. Las resoluciones y laudos.<\/a><\/li>\n<li class=\"li1\"><a href=\"https:\/\/www.oaxaca.gob.mx\/apbp\/wp-content\/uploads\/sites\/10\/2019\/07\/LGTA70FXXXVIIA.xlsx\">Fracci\u00f3n XXXVIIa. Mecanismos de participaci\u00f3n ciudadana.<\/a><\/li>\n<li class=\"li1\"><a href=\"https:\/\/www.oaxaca.gob.mx\/apbp\/wp-content\/uploads\/sites\/10\/2019\/07\/LGTA70FXXXVIIB.xlsx\">Fracci\u00f3n XXXVIIb. Participaci\u00f3n Ciudadana. Resultado de los mecanismos de participaci\u00f3n.<\/a><\/li>\n<li class=\"li1\"><a href=\"https:\/\/www.oaxaca.gob.mx\/apbp\/wp-content\/uploads\/sites\/10\/2019\/07\/LGTA70FXXXVIIIA.xlsx\">Fracci\u00f3n XXXVIIIa. Programas que ofrecen.<\/a><\/li>\n<li class=\"li1\"><a href=\"https:\/\/www.oaxaca.gob.mx\/apbp\/wp-content\/uploads\/sites\/10\/2019\/07\/LGTA70FXXXVIIIB.xlsx\">Fracci\u00f3n XXXVIIIb. Tr\u00e1mites para acceder a programas que ofrecen.<\/a><\/li>\n<li class=\"li1\"><a href=\"https:\/\/www.oaxaca.gob.mx\/apbp\/wp-content\/uploads\/sites\/10\/2019\/07\/5.-LGTA70FXXXIXA-semestral-.xlsx\">Fracci\u00f3n XXXIXa.\u00a0Sesiones del Comit\u00e9 de Transparencia<\/a>.<\/li>\n<li class=\"li1\"><a href=\"https:\/\/www.oaxaca.gob.mx\/apbp\/wp-content\/uploads\/sites\/10\/2019\/07\/6.-LGTA70FXXXIXB-semestral.xlsx\">Fracci\u00f3n XXXIXb.\u00a0Informe de resoluciones del Comit\u00e9 de Transparencia.<\/a><\/li>\n<li class=\"li1\"><a href=\"https:\/\/www.oaxaca.gob.mx\/apbp\/wp-content\/uploads\/sites\/10\/2019\/07\/7.-LGTA70-FXXXIXC.xlsx\">Fracci\u00f3n XXXIXc.\u00a0Integrantes del Comit\u00e9 de Transparencia.<\/a><\/li>\n<li class=\"li1\"><a href=\"https:\/\/www.oaxaca.gob.mx\/apbp\/wp-content\/uploads\/sites\/10\/2019\/07\/8.-.-LGTA70FXXXIXD.xlsx\">Fracci\u00f3n XXXIXd. Calendario de Sesiones Ordinarias del Comit\u00e9 de Transparencia.<\/a><\/li>\n<li class=\"li1\"><a href=\"https:\/\/www.oaxaca.gob.mx\/apbp\/wp-content\/uploads\/sites\/10\/2017\/05\/fraccion-XL.pdf\" target=\"_blank\" rel=\"noopener noreferrer\">Fracci\u00f3n XL. Evaluaciones y encuestas.<\/a><\/li>\n<li class=\"li1\"><a href=\"\/apbp\/wp-content\/uploads\/sites\/10\/2019\/01\/LGTA70FXLA-Evaluaci\u00f2n-y-Encuesta-sobre-Programas-1.xlsx\">Fracci\u00f3n XLa. Evaluaci\u00f3n y encuesta. Programas financiados con recursos p\u00fablicos.<\/a><\/li>\n<li class=\"li1\"><a href=\"\/apbp\/wp-content\/uploads\/sites\/10\/2019\/01\/LGTA70FXLB-Todas-las-Encuestas-sobre-Programas-1.xlsx\">Fracci\u00f3n XLb. Encuestas sobre programas financiados con recursos p\u00fablicos.<\/a><\/li>\n<li class=\"li1\"><a href=\"https:\/\/www.oaxaca.gob.mx\/apbp\/wp-content\/uploads\/sites\/10\/2019\/07\/LGTA70FXLI.xlsx\">Fracci\u00f3n XLI. Estudios financiados con recursos p\u00fablicos<\/a><\/li>\n<li class=\"li1\"><a href=\"https:\/\/www.oaxaca.gob.mx\/apbp\/wp-content\/uploads\/sites\/10\/2019\/07\/LGTA70FXLIIA.xlsx\">Fracci\u00f3n XLIIa. Listado de jubilados y pensionados.<\/a><\/li>\n<li class=\"li1\"><a href=\"https:\/\/www.oaxaca.gob.mx\/apbp\/wp-content\/uploads\/sites\/10\/2019\/07\/LGTA70FXLIIIA.xlsx\">Fracci\u00f3n XLIIIa. Ingresos recibidos por cualquier concepto.<\/a><\/li>\n<li class=\"li1\"><a href=\"https:\/\/www.oaxaca.gob.mx\/apbp\/wp-content\/uploads\/sites\/10\/2019\/07\/LGTA70FXLIIIB.xlsx\">Fracci\u00f3n XLIIIb. Responsable de recibir, administrar los ingresos.<\/a><\/li>\n<li class=\"li1\"><a href=\"http:\/\/www.apbp.oaxaca.gob.mx\/fraccion-xliv-donaciones-hechas-a-terceros\/\">Fracci\u00f3n XLIV. Donaciones hechas a terceros.<\/a><\/li>\n<li class=\"li1\"><a href=\"https:\/\/www.oaxaca.gob.mx\/apbp\/wp-content\/uploads\/sites\/10\/2019\/07\/LGTA70FXLIVA-Donaciones-en-dinero.xlsx\">Fracci\u00f3n XLIVa. Donaciones en dinero realizadas.<\/a><\/li>\n<li class=\"li1\"><a href=\"https:\/\/www.oaxaca.gob.mx\/apbp\/wp-content\/uploads\/sites\/10\/2019\/07\/LGTA70FXLIVB-Donaciones-en-especie.xlsx\">Fracci\u00f3n XLIVb. Donaciones en especie realizadas.<\/a><\/li>\n<li class=\"li1\"><a href=\"https:\/\/www.oaxaca.gob.mx\/apbp\/wp-content\/uploads\/sites\/10\/2018\/10\/LGTA70FXLV-adto.xlsx\">Fracci\u00f3n XLV. Cat\u00e1logo de disposici\u00f3n y gu\u00eda de archivo documental.<\/a><\/li>\n<li class=\"li1\"><a href=\"https:\/\/www.oaxaca.gob.mx\/apbp\/wp-content\/uploads\/sites\/10\/2019\/07\/LGTA70FXLVIA.xlsx\">Fracci\u00f3n XLVIa. Actas del Consejo Consultivo<\/a><\/li>\n<li class=\"li1\"><a href=\"https:\/\/www.oaxaca.gob.mx\/apbp\/wp-content\/uploads\/sites\/10\/2019\/07\/LGTA70FXLVIB.xlsx\">Fracci\u00f3n XLVIb. Actas de sesiones Opiniones y recomendaciones del Consejo Consultivo<\/a><\/li>\n<li class=\"li1\"><a href=\"https:\/\/www.oaxaca.gob.mx\/apbp\/wp-content\/uploads\/sites\/10\/2019\/08\/LGTA70FXLVIIC.xlsx\">Fracci\u00f3n XLVIIc. Aviso de que no se genera informaci\u00f3n sobre intervenci\u00f3n de comunicaciones<\/a><\/li>\n<li class=\"li1\"><a href=\"https:\/\/www.oaxaca.gob.mx\/apbp\/wp-content\/uploads\/sites\/10\/2019\/07\/9.-LGTA70-FXLVIIIA-.xlsx\">Fracci\u00f3n XLVIIIa. Mas informaci\u00f3n relacionada, informaci\u00f3n de inter\u00e9s p\u00fablico.<\/a><\/li>\n<li class=\"li1\"><a href=\"https:\/\/www.oaxaca.gob.mx\/apbp\/wp-content\/uploads\/sites\/10\/2019\/07\/10.-LGTA70FXLVIIIB.xlsx\">Fracci\u00f3n XLVIIIb. Mas informaci\u00f3n relacionada, preguntas frecuentes.<\/a><\/li>\n<li class=\"li1\"><a href=\"https:\/\/www.oaxaca.gob.mx\/apbp\/wp-content\/uploads\/sites\/10\/2019\/07\/11.-LGTA70FXLVIIIC.xlsx\">Fracci\u00f3n XLVIIIc. Mas informaci\u00f3n relacionada, transparencia proactiva.<\/a><\/li>\n<\/ul>\n<p>&nbsp;<\/p>\n","protected":false},"excerpt":{"rendered":"<p>&nbsp; LGTA70. \u00faltimo p\u00e1rrafo. Obligaciones aplicables 80b. Informaci\u00f3n de Inter\u00e9s P\u00fablico determinado por el organismo garante. Fracci\u00f3n I. Marco Normativo Fracci\u00f3n Ia1. Hiperv\u00ednculo al Plan Nacional de Desarrollo. Fracci\u00f3n Ib1. Presupuesto de egresos. Fracci\u00f3n Ic1. Hiperv\u00ednculo al listado de expropiaciones. Fracci\u00f3n Id1. Hiperv\u00ednculo a las cancelaciones y condonaciones de cr\u00e9ditos fiscales. Fracci\u00f3n Ie1. Hiperv\u00ednculo a [&hellip;]<\/p>\n","protected":false},"author":1,"featured_media":0,"parent":0,"menu_order":0,"comment_status":"closed","ping_status":"closed","template":"","meta":{"episode_type":"","audio_file":"","podmotor_file_id":"","podmotor_episode_id":"","cover_image":"","cover_image_id":"","duration":"","filesize":"","filesize_raw":"","date_recorded":"","explicit":"","block":"","itunes_episode_number":"","itunes_title":"","itunes_season_number":"","itunes_episode_type":"","footnotes":""},"categories":[],"tags":[],"class_list":["post-45","page","type-page","status-publish","hentry"],"acf":[],"publishpress_future_action":{"enabled":false,"date":"2026-05-14 13:42:36","action":"change-status","newStatus":"draft","terms":[],"taxonomy":"category","extraData":[]},"publishpress_future_workflow_manual_trigger":{"enabledWorkflows":[]},"_links":{"self":[{"href":"https:\/\/www.oaxaca.gob.mx\/apbp\/wp-json\/wp\/v2\/pages\/45","targetHints":{"allow":["GET"]}}],"collection":[{"href":"https:\/\/www.oaxaca.gob.mx\/apbp\/wp-json\/wp\/v2\/pages"}],"about":[{"href":"https:\/\/www.oaxaca.gob.mx\/apbp\/wp-json\/wp\/v2\/types\/page"}],"author":[{"embeddable":true,"href":"https:\/\/www.oaxaca.gob.mx\/apbp\/wp-json\/wp\/v2\/users\/1"}],"replies":[{"embeddable":true,"href":"https:\/\/www.oaxaca.gob.mx\/apbp\/wp-json\/wp\/v2\/comments?post=45"}],"version-history":[{"count":75,"href":"https:\/\/www.oaxaca.gob.mx\/apbp\/wp-json\/wp\/v2\/pages\/45\/revisions"}],"predecessor-version":[{"id":3414,"href":"https:\/\/www.oaxaca.gob.mx\/apbp\/wp-json\/wp\/v2\/pages\/45\/revisions\/3414"}],"wp:attachment":[{"href":"https:\/\/www.oaxaca.gob.mx\/apbp\/wp-json\/wp\/v2\/media?parent=45"}],"wp:term":[{"taxonomy":"category","embeddable":true,"href":"https:\/\/www.oaxaca.gob.mx\/apbp\/wp-json\/wp\/v2\/categories?post=45"},{"taxonomy":"post_tag","embeddable":true,"href":"https:\/\/www.oaxaca.gob.mx\/apbp\/wp-json\/wp\/v2\/tags?post=45"}],"curies":[{"name":"wp","href":"https:\/\/api.w.org\/{rel}","templated":true}]}}