{"id":409,"date":"2017-05-04T21:24:45","date_gmt":"2017-05-05T03:24:45","guid":{"rendered":"http:\/\/www.beneficenciapublica.oaxaca.gob.mx\/?page_id=409"},"modified":"2017-05-04T21:24:45","modified_gmt":"2017-05-05T03:24:45","slug":"fraccion-ix-gastos-de-representacion-y-viaticos","status":"publish","type":"page","link":"https:\/\/www.oaxaca.gob.mx\/apbp\/fraccion-ix-gastos-de-representacion-y-viaticos\/","title":{"rendered":"Fracci\u00f3n IX. Gastos de representaci\u00f3n y vi\u00e1ticos"},"content":{"rendered":"<p>\t\t\t\t<a href=\"https:\/\/www.oaxaca.gob.mx\/apbp\/wp-content\/uploads\/sites\/10\/2017\/05\/VIATICOS.pdf\" target=\"_blank\" rel=\"noopener noreferrer\">Tabulador de Vi\u00e1ticos<\/a><\/p>\n<p><a href=\"https:\/\/www.oaxaca.gob.mx\/apbp\/wp-content\/uploads\/sites\/10\/2017\/05\/viaticos-2016.pdf\" target=\"_blank\" rel=\"noopener noreferrer\">Vi\u00e1ticos 2016<\/a><\/p>\n<p><a href=\"https:\/\/www.oaxaca.gob.mx\/apbp\/wp-content\/uploads\/sites\/10\/2018\/01\/Oficios-de-comisi\u00f3n.pdf\" target=\"_blank\" rel=\"noopener noreferrer\">Vi\u00e1ticos Octubre-Diciembre 2017<\/a><\/p>\n<p>Gastos de Representaci\u00f3n 2016<\/p>\n<ul>\n<li><a href=\"https:\/\/www.oaxaca.gob.mx\/apbp\/wp-content\/uploads\/sites\/10\/2017\/05\/ALIMENTOS.pdf\" target=\"_blank\" rel=\"noopener noreferrer\">Alimentos<\/a><\/li>\n<li><a href=\"https:\/\/www.oaxaca.gob.mx\/apbp\/wp-content\/uploads\/sites\/10\/2017\/05\/HOSPEDAJE.pdf\" target=\"_blank\" rel=\"noopener noreferrer\">Hospedaje<\/a><\/li>\n<li><a href=\"https:\/\/www.oaxaca.gob.mx\/apbp\/wp-content\/uploads\/sites\/10\/2017\/05\/PASAJES.pdf\" target=\"_blank\" rel=\"noopener noreferrer\">Pasajes<\/a><\/li>\n<\/ul>\n<p>Gastos de Representaci\u00f3n 2017<\/p>\n<ul>\n<li><a href=\"https:\/\/www.oaxaca.gob.mx\/apbp\/wp-content\/uploads\/sites\/10\/2017\/05\/ALIMENTOS1.pdf\" target=\"_blank\" rel=\"noopener noreferrer\">Alimentos<\/a><\/li>\n<li><a href=\"https:\/\/www.oaxaca.gob.mx\/apbp\/wp-content\/uploads\/sites\/10\/2017\/05\/HOSPEDAJE1.pdf\" target=\"_blank\" rel=\"noopener noreferrer\">Hospedaje<\/a><\/li>\n<li><a href=\"https:\/\/www.oaxaca.gob.mx\/apbp\/wp-content\/uploads\/sites\/10\/2017\/05\/PASAJES1.pdf\" target=\"_blank\" rel=\"noopener noreferrer\">Pasajes<\/a><\/li>\n<\/ul>\n","protected":false},"excerpt":{"rendered":"<p>Tabulador de Vi\u00e1ticos Vi\u00e1ticos 2016 Vi\u00e1ticos Octubre-Diciembre 2017 Gastos de Representaci\u00f3n 2016 Alimentos Hospedaje Pasajes Gastos de Representaci\u00f3n 2017 Alimentos Hospedaje Pasajes<\/p>\n","protected":false},"author":1,"featured_media":0,"parent":0,"menu_order":0,"comment_status":"closed","ping_status":"closed","template":"","meta":{"episode_type":"","audio_file":"","podmotor_file_id":"","podmotor_episode_id":"","cover_image":"","cover_image_id":"","duration":"","filesize":"","filesize_raw":"","date_recorded":"","explicit":"","block":"","itunes_episode_number":"","itunes_title":"","itunes_season_number":"","itunes_episode_type":"","footnotes":""},"categories":[],"tags":[],"class_list":["post-409","page","type-page","status-publish","hentry"],"acf":[],"publishpress_future_action":{"enabled":false,"date":"2026-05-14 13:42:36","action":"change-status","newStatus":"draft","terms":[],"taxonomy":"category","extraData":[]},"publishpress_future_workflow_manual_trigger":{"enabledWorkflows":[]},"_links":{"self":[{"href":"https:\/\/www.oaxaca.gob.mx\/apbp\/wp-json\/wp\/v2\/pages\/409","targetHints":{"allow":["GET"]}}],"collection":[{"href":"https:\/\/www.oaxaca.gob.mx\/apbp\/wp-json\/wp\/v2\/pages"}],"about":[{"href":"https:\/\/www.oaxaca.gob.mx\/apbp\/wp-json\/wp\/v2\/types\/page"}],"author":[{"embeddable":true,"href":"https:\/\/www.oaxaca.gob.mx\/apbp\/wp-json\/wp\/v2\/users\/1"}],"replies":[{"embeddable":true,"href":"https:\/\/www.oaxaca.gob.mx\/apbp\/wp-json\/wp\/v2\/comments?post=409"}],"version-history":[{"count":0,"href":"https:\/\/www.oaxaca.gob.mx\/apbp\/wp-json\/wp\/v2\/pages\/409\/revisions"}],"wp:attachment":[{"href":"https:\/\/www.oaxaca.gob.mx\/apbp\/wp-json\/wp\/v2\/media?parent=409"}],"wp:term":[{"taxonomy":"category","embeddable":true,"href":"https:\/\/www.oaxaca.gob.mx\/apbp\/wp-json\/wp\/v2\/categories?post=409"},{"taxonomy":"post_tag","embeddable":true,"href":"https:\/\/www.oaxaca.gob.mx\/apbp\/wp-json\/wp\/v2\/tags?post=409"}],"curies":[{"name":"wp","href":"https:\/\/api.w.org\/{rel}","templated":true}]}}