{"id":37,"date":"2017-03-02T11:01:45","date_gmt":"2017-03-02T17:01:45","guid":{"rendered":"http:\/\/www.beneficenciapublica.oaxaca.gob.mx\/?page_id=37"},"modified":"2025-10-30T12:07:31","modified_gmt":"2025-10-30T18:07:31","slug":"funciones","status":"publish","type":"page","link":"https:\/\/www.oaxaca.gob.mx\/apbp\/funciones\/","title":{"rendered":"Funciones"},"content":{"rendered":"<p class=\"p1\"><b>Art\u00edculo 2. Del Decreto de la Creaci\u00f3n de la Administraci\u00f3n del Patrimonio de la Beneficencia Publica del Estado de Oaxaca<\/b><\/p>\n<p class=\"p1\">La administraci\u00f3n, tendr\u00e1 por objeto apoyar los programas asistenciales y los servicios de salud estatales, administrar su patrimonio de manera aut\u00f3noma y prestar los servicios que le son propios, de manera individualizada.<\/p>\n<p><span style=\"font-size: 12pt\"><strong>Para cumplir su objeto, la Administraci\u00f3n tendr\u00e1 las siguientes funciones:<\/strong><\/span><\/p>\n<ul class=\"listas-geo\">\n<li class=\"li1\">Ejercer las atribuciones que conforme a la legislaci\u00f3n vigente corresponda a la Beneficencia P\u00fablica del Estado.<\/li>\n<li class=\"li1\">Representar los intereses de la Beneficencia P\u00fablica en toda clase de actos, juicios y procedimientos.<\/li>\n<li class=\"li1\">Administrar el patrimonio que corresponda a la Beneficencia P\u00fablica.<\/li>\n<li class=\"li1\">Promover y gestionar la enajenaci\u00f3n de bienes pertenecientes a la Beneficencia P\u00fablica que no sean necesarios para el cumplimiento de su objeto.<\/li>\n<li class=\"li1\">Administrar los recursos provenientes del sistema estatal de cuotas de recuperaci\u00f3n.<\/li>\n<li class=\"li1\">Distribuir a programas de Salud, los recursos financieros que se le asignen, conforme a las pol\u00edticas y lineamientos que fije el titular de los Servicios de Salud Estatal.<\/li>\n<li class=\"li1\">Establecer los mecanismos necesarios para aplicar los recursos de la Beneficencia P\u00fablica.<\/li>\n<li class=\"li1\">Formular el programa de apoyos y subsidios espec\u00edficos a instituciones en materia de salud o que tengan por objeto asistencia a la poblaci\u00f3n en general o a grupos determinados de ella.<\/li>\n<li class=\"li1\">Actuar como fuente de financiamiento en apoyo a las actividades que realicen los Servicios de Salud del Estado.<\/li>\n<li class=\"li1\">Las dem\u00e1s que le asignen las disposiciones aplicables y que determine el patronato.<\/li>\n<\/ul>\n","protected":false},"excerpt":{"rendered":"<p>Art\u00edculo 2. Del Decreto de la Creaci\u00f3n de la Administraci\u00f3n del Patrimonio de la Beneficencia Publica del Estado de Oaxaca La administraci\u00f3n, tendr\u00e1 por objeto apoyar los programas asistenciales y los servicios de salud estatales, administrar su patrimonio de manera aut\u00f3noma y prestar los servicios que le son propios, de manera individualizada. Para cumplir su [&hellip;]<\/p>\n","protected":false},"author":1,"featured_media":0,"parent":0,"menu_order":0,"comment_status":"closed","ping_status":"closed","template":"","meta":{"episode_type":"","audio_file":"","podmotor_file_id":"","podmotor_episode_id":"","cover_image":"","cover_image_id":"","duration":"","filesize":"","filesize_raw":"","date_recorded":"","explicit":"","block":"","itunes_episode_number":"","itunes_title":"","itunes_season_number":"","itunes_episode_type":"","footnotes":""},"categories":[],"tags":[],"class_list":["post-37","page","type-page","status-publish","hentry"],"acf":[],"publishpress_future_action":{"enabled":false,"date":"2026-05-14 12:38:07","action":"change-status","newStatus":"draft","terms":[],"taxonomy":"category","extraData":[]},"publishpress_future_workflow_manual_trigger":{"enabledWorkflows":[]},"_links":{"self":[{"href":"https:\/\/www.oaxaca.gob.mx\/apbp\/wp-json\/wp\/v2\/pages\/37","targetHints":{"allow":["GET"]}}],"collection":[{"href":"https:\/\/www.oaxaca.gob.mx\/apbp\/wp-json\/wp\/v2\/pages"}],"about":[{"href":"https:\/\/www.oaxaca.gob.mx\/apbp\/wp-json\/wp\/v2\/types\/page"}],"author":[{"embeddable":true,"href":"https:\/\/www.oaxaca.gob.mx\/apbp\/wp-json\/wp\/v2\/users\/1"}],"replies":[{"embeddable":true,"href":"https:\/\/www.oaxaca.gob.mx\/apbp\/wp-json\/wp\/v2\/comments?post=37"}],"version-history":[{"count":3,"href":"https:\/\/www.oaxaca.gob.mx\/apbp\/wp-json\/wp\/v2\/pages\/37\/revisions"}],"predecessor-version":[{"id":8124,"href":"https:\/\/www.oaxaca.gob.mx\/apbp\/wp-json\/wp\/v2\/pages\/37\/revisions\/8124"}],"wp:attachment":[{"href":"https:\/\/www.oaxaca.gob.mx\/apbp\/wp-json\/wp\/v2\/media?parent=37"}],"wp:term":[{"taxonomy":"category","embeddable":true,"href":"https:\/\/www.oaxaca.gob.mx\/apbp\/wp-json\/wp\/v2\/categories?post=37"},{"taxonomy":"post_tag","embeddable":true,"href":"https:\/\/www.oaxaca.gob.mx\/apbp\/wp-json\/wp\/v2\/tags?post=37"}],"curies":[{"name":"wp","href":"https:\/\/api.w.org\/{rel}","templated":true}]}}