{"id":357,"date":"2017-05-04T12:56:36","date_gmt":"2017-05-04T18:56:36","guid":{"rendered":"http:\/\/www.beneficenciapublica.oaxaca.gob.mx\/?page_id=357"},"modified":"2017-05-04T12:56:36","modified_gmt":"2017-05-04T18:56:36","slug":"declaraciones-patrimoniales1","status":"publish","type":"page","link":"https:\/\/www.oaxaca.gob.mx\/apbp\/declaraciones-patrimoniales1\/","title":{"rendered":"Declaraciones Patrimoniales"},"content":{"rendered":"<p>\t\t\t\t<em>Con fundamento en el art\u00edculo 45 fracci\u00f3n I, de la Ley de Responsabilidades de los Servidores P\u00fablicos del Estado y Municipios de Oaxaca., deber\u00e1 presentarse dentro de los sesenta d\u00edas naturales siguientes a la toma de posesi\u00f3n.<\/em>\t\t<\/p>\n","protected":false},"excerpt":{"rendered":"<p>Con fundamento en el art\u00edculo 45 fracci\u00f3n I, de la Ley de Responsabilidades de los Servidores P\u00fablicos del Estado y Municipios de Oaxaca., deber\u00e1 presentarse dentro de los sesenta d\u00edas naturales siguientes a la toma de posesi\u00f3n.<\/p>\n","protected":false},"author":1,"featured_media":0,"parent":0,"menu_order":0,"comment_status":"closed","ping_status":"closed","template":"","meta":{"episode_type":"","audio_file":"","podmotor_file_id":"","podmotor_episode_id":"","cover_image":"","cover_image_id":"","duration":"","filesize":"","filesize_raw":"","date_recorded":"","explicit":"","block":"","itunes_episode_number":"","itunes_title":"","itunes_season_number":"","itunes_episode_type":"","footnotes":""},"categories":[],"tags":[],"class_list":["post-357","page","type-page","status-publish","hentry"],"acf":[],"publishpress_future_action":{"enabled":false,"date":"2026-05-14 13:43:29","action":"change-status","newStatus":"draft","terms":[],"taxonomy":"category","extraData":[]},"publishpress_future_workflow_manual_trigger":{"enabledWorkflows":[]},"_links":{"self":[{"href":"https:\/\/www.oaxaca.gob.mx\/apbp\/wp-json\/wp\/v2\/pages\/357","targetHints":{"allow":["GET"]}}],"collection":[{"href":"https:\/\/www.oaxaca.gob.mx\/apbp\/wp-json\/wp\/v2\/pages"}],"about":[{"href":"https:\/\/www.oaxaca.gob.mx\/apbp\/wp-json\/wp\/v2\/types\/page"}],"author":[{"embeddable":true,"href":"https:\/\/www.oaxaca.gob.mx\/apbp\/wp-json\/wp\/v2\/users\/1"}],"replies":[{"embeddable":true,"href":"https:\/\/www.oaxaca.gob.mx\/apbp\/wp-json\/wp\/v2\/comments?post=357"}],"version-history":[{"count":0,"href":"https:\/\/www.oaxaca.gob.mx\/apbp\/wp-json\/wp\/v2\/pages\/357\/revisions"}],"wp:attachment":[{"href":"https:\/\/www.oaxaca.gob.mx\/apbp\/wp-json\/wp\/v2\/media?parent=357"}],"wp:term":[{"taxonomy":"category","embeddable":true,"href":"https:\/\/www.oaxaca.gob.mx\/apbp\/wp-json\/wp\/v2\/categories?post=357"},{"taxonomy":"post_tag","embeddable":true,"href":"https:\/\/www.oaxaca.gob.mx\/apbp\/wp-json\/wp\/v2\/tags?post=357"}],"curies":[{"name":"wp","href":"https:\/\/api.w.org\/{rel}","templated":true}]}}