{"id":344,"date":"2017-05-04T12:14:22","date_gmt":"2017-05-04T18:14:22","guid":{"rendered":"http:\/\/www.beneficenciapublica.oaxaca.gob.mx\/?page_id=344"},"modified":"2017-05-04T12:14:22","modified_gmt":"2017-05-04T18:14:22","slug":"fraccion-xii","status":"publish","type":"page","link":"https:\/\/www.oaxaca.gob.mx\/apbp\/fraccion-xii\/","title":{"rendered":"Fraccion XII"},"content":{"rendered":"<p style=\"text-align: center\"><strong>Declaraciones Patrimoniales de los Servidores P\u00fablicos de la Administraci\u00f3n del Patrimonio de la Beneficencia P\u00fablica.<br \/>\n<\/strong><\/p>\n<table width=\"803\" align=\"center\">\n<tbody>\n<tr>\n<td bgcolor=\"#999999\" width=\"317\"><strong>Cargo<\/strong><\/td>\n<td bgcolor=\"#999999\" width=\"247\"><strong>Nombre<\/strong><\/td>\n<td bgcolor=\"#999999\" width=\"223\"><strong>Declaraci\u00f3n Patrimonial.<\/strong><\/td>\n<\/tr>\n<tr>\n<td width=\"317\">Directora General<\/td>\n<td width=\"247\">C. Alina G\u00f3mez Lagunas.<\/td>\n<td width=\"223\"><u><a href=\"http:\/\/www.apbp.oaxaca.gob.mx\/declaraciones-patrimoniales1\/\">Declaraci\u00f3n patrimonial<\/a><\/u><\/td>\n<\/tr>\n<tr>\n<td width=\"317\">Jefe del Departamento Jur\u00eddico<\/td>\n<td width=\"247\">Lic. Joaqu\u00edn D. Marcos Hern\u00e1ndez.<\/td>\n<td width=\"223\"><u><a href=\"http:\/\/www.apbp.oaxaca.gob.mx\/declaraciones-patrimoniales1\/\">Declaraci\u00f3n patrimonial<\/a><\/u><\/td>\n<\/tr>\n<tr>\n<td width=\"317\">Jefe del Departamento Administrativo<\/td>\n<td width=\"247\">Lic. Juan Iv\u00e1n Miguel Ch\u00e1vez.<\/td>\n<td width=\"223\"><u><a href=\"http:\/\/www.apbp.oaxaca.gob.mx\/declaraciones-patrimoniales1\/\">Declaraci\u00f3n patrimonial<\/a><\/u><\/td>\n<\/tr>\n<tr>\n<td width=\"317\">Jefe del Departamento de Desarrollo Social<\/td>\n<td width=\"247\">Mtra. Liliana Boj\u00f3rquez Santiago.<\/td>\n<td width=\"223\"><u><a href=\"http:\/\/www.apbp.oaxaca.gob.mx\/declaraciones-patrimoniales1\/\">Declaraci\u00f3n patrimonial<\/a><\/u><\/td>\n<\/tr>\n<tr>\n<td width=\"317\">Secretario Particular<\/td>\n<td width=\"247\">Lic. Luis Santiago<\/td>\n<td width=\"223\"><u><a href=\"http:\/\/www.apbp.oaxaca.gob.mx\/declaraciones-patrimoniales1\/\">Declaraci\u00f3n patrimonial<\/a><\/u><\/td>\n<\/tr>\n<tr>\n<td width=\"317\">Jefe de la Oficina de Recursos Humanos<\/td>\n<td width=\"247\">Cp. Olga Hern\u00e1ndez Alonso<\/td>\n<td width=\"223\"><u><a href=\"http:\/\/www.apbp.oaxaca.gob.mx\/declaraciones-patrimoniales2\/\">Declaraci\u00f3n patrimonial<\/a> <\/u><\/td>\n<\/tr>\n<tr>\n<td width=\"317\">Jefe del Oficina de Control Presupuestal<\/td>\n<td width=\"247\">Lic. Karina Cabrera Bourguett<\/td>\n<td width=\"223\"><u><a href=\"http:\/\/www.apbp.oaxaca.gob.mx\/declaraciones-patrimoniales3\/\">Declaraci\u00f3n patrimonial<\/a> <\/u><\/td>\n<\/tr>\n<tr>\n<td width=\"317\">Comisario<\/td>\n<td width=\"247\">Lic. Antonio Ru\u00edz Rubio.<\/td>\n<td width=\"223\"><a href=\"http:\/\/www.apbp.oaxaca.gob.mx\/declaraciones-patrimoniales1\/\"><u>Declaraci\u00f3n patrimonial <\/u><\/a><\/td>\n<\/tr>\n<tr>\n<td width=\"317\">Control Interno<\/td>\n<td width=\"247\">Lic. Luis P\u00e9rez Contreras.<\/td>\n<td width=\"223\"><u><a href=\"http:\/\/www.apbp.oaxaca.gob.mx\/declaraciones-patrimoniales1\/\">Declaraci\u00f3n patrimonial<\/a> <\/u><\/td>\n<\/tr>\n<\/tbody>\n<\/table>\n","protected":false},"excerpt":{"rendered":"<p>Declaraciones Patrimoniales de los Servidores P\u00fablicos de la Administraci\u00f3n del Patrimonio de la Beneficencia P\u00fablica. Cargo Nombre Declaraci\u00f3n Patrimonial. Directora General C. Alina G\u00f3mez Lagunas. Declaraci\u00f3n patrimonial Jefe del Departamento Jur\u00eddico Lic. Joaqu\u00edn D. Marcos Hern\u00e1ndez. Declaraci\u00f3n patrimonial Jefe del Departamento Administrativo Lic. Juan Iv\u00e1n Miguel Ch\u00e1vez. Declaraci\u00f3n patrimonial Jefe del Departamento de Desarrollo Social [&hellip;]<\/p>\n","protected":false},"author":1,"featured_media":0,"parent":0,"menu_order":0,"comment_status":"closed","ping_status":"closed","template":"","meta":{"episode_type":"","audio_file":"","podmotor_file_id":"","podmotor_episode_id":"","cover_image":"","cover_image_id":"","duration":"","filesize":"","filesize_raw":"","date_recorded":"","explicit":"","block":"","itunes_episode_number":"","itunes_title":"","itunes_season_number":"","itunes_episode_type":"","footnotes":""},"categories":[],"tags":[],"class_list":["post-344","page","type-page","status-publish","hentry"],"acf":[],"publishpress_future_action":{"enabled":false,"date":"2026-05-14 13:44:28","action":"change-status","newStatus":"draft","terms":[],"taxonomy":"category","extraData":[]},"publishpress_future_workflow_manual_trigger":{"enabledWorkflows":[]},"_links":{"self":[{"href":"https:\/\/www.oaxaca.gob.mx\/apbp\/wp-json\/wp\/v2\/pages\/344","targetHints":{"allow":["GET"]}}],"collection":[{"href":"https:\/\/www.oaxaca.gob.mx\/apbp\/wp-json\/wp\/v2\/pages"}],"about":[{"href":"https:\/\/www.oaxaca.gob.mx\/apbp\/wp-json\/wp\/v2\/types\/page"}],"author":[{"embeddable":true,"href":"https:\/\/www.oaxaca.gob.mx\/apbp\/wp-json\/wp\/v2\/users\/1"}],"replies":[{"embeddable":true,"href":"https:\/\/www.oaxaca.gob.mx\/apbp\/wp-json\/wp\/v2\/comments?post=344"}],"version-history":[{"count":0,"href":"https:\/\/www.oaxaca.gob.mx\/apbp\/wp-json\/wp\/v2\/pages\/344\/revisions"}],"wp:attachment":[{"href":"https:\/\/www.oaxaca.gob.mx\/apbp\/wp-json\/wp\/v2\/media?parent=344"}],"wp:term":[{"taxonomy":"category","embeddable":true,"href":"https:\/\/www.oaxaca.gob.mx\/apbp\/wp-json\/wp\/v2\/categories?post=344"},{"taxonomy":"post_tag","embeddable":true,"href":"https:\/\/www.oaxaca.gob.mx\/apbp\/wp-json\/wp\/v2\/tags?post=344"}],"curies":[{"name":"wp","href":"https:\/\/api.w.org\/{rel}","templated":true}]}}