{"id":330,"date":"2017-05-04T11:53:54","date_gmt":"2017-05-04T17:53:54","guid":{"rendered":"http:\/\/www.beneficenciapublica.oaxaca.gob.mx\/?page_id=330"},"modified":"2023-08-29T18:32:58","modified_gmt":"2023-08-30T00:32:58","slug":"actas-y-resoluciones-del-comite-de-transparencia","status":"publish","type":"page","link":"https:\/\/www.oaxaca.gob.mx\/apbp\/actas-y-resoluciones-del-comite-de-transparencia\/","title":{"rendered":"Actas y resoluciones del Comit\u00e9 de Transparencia"},"content":{"rendered":"<ul>\n<li><a href=\"https:\/\/www.oaxaca.gob.mx\/apbp\/wp-content\/uploads\/sites\/10\/2017\/05\/acta-subcomit\u00e9-2012.pdf\" target=\"_blank\" rel=\"noopener noreferrer\">Acta Subcomit\u00e9 2012<\/a><\/li>\n<li><a href=\"https:\/\/www.oaxaca.gob.mx\/apbp\/wp-content\/uploads\/sites\/10\/2017\/05\/acta-comite-nov2016.pdf\" target=\"_blank\" rel=\"noopener noreferrer\">Acta Comit\u00e9 noviembre 2016<\/a><\/li>\n<li><a href=\"https:\/\/www.oaxaca.gob.mx\/apbp\/wp-content\/uploads\/sites\/10\/2017\/05\/acta-comit\u00e9-marzo2017.pdf\" target=\"_blank\" rel=\"noopener noreferrer\">Acta Comit\u00e9 marzo 2017<\/a><\/li>\n<li><a href=\"https:\/\/www.oaxaca.gob.mx\/apbp\/wp-content\/uploads\/sites\/10\/2017\/06\/Acta-mayo-2017.pdf\" target=\"_blank\" rel=\"noopener noreferrer\">Acta Comit\u00e9 mayo 2017<\/a><\/li>\n<li><a href=\"https:\/\/www.oaxaca.gob.mx\/apbp\/wp-content\/uploads\/sites\/10\/2017\/11\/Acta-de-la-tercera-sesi\u00f3n-de-transparencia.pdf\" target=\"_blank\" rel=\"noopener noreferrer\">Acta Comit\u00e9 agosto 2017<\/a><\/li>\n<li><a href=\"https:\/\/www.oaxaca.gob.mx\/apbp\/wp-content\/uploads\/sites\/10\/2017\/12\/ACTA-COMITE-DICIEMBRE-2017.pdf\" target=\"_blank\" rel=\"noopener noreferrer\">Acta Comit\u00e9 diciembre 2017<\/a><\/li>\n<li><a href=\"https:\/\/www.oaxaca.gob.mx\/apbp\/wp-content\/uploads\/sites\/10\/2018\/04\/PRIMERA-SESION-ORDINARIA-TRANSPARENCIA.pdf\" target=\"_blank\" rel=\"noopener noreferrer\">Acta Primera Sesi\u00f3n Ordinaria 2018<\/a><\/li>\n<li><a href=\"https:\/\/www.oaxaca.gob.mx\/apbp\/wp-content\/uploads\/sites\/10\/2018\/04\/PRIMERA-SESION-EXTRAORDINARIA-TRANSPARENCIA.pdf\">Acta Primera Sesi\u00f3n Extraordinaria\u00a02018<\/a><\/li>\n<li><a href=\"https:\/\/www.oaxaca.gob.mx\/apbp\/wp-content\/uploads\/sites\/10\/2019\/07\/ACTA-PRIMERA-SESI\u00d3N-ORDINARIA.pdf\">Acta Primera Sesi\u00f3n Ordinaria 2019<\/a><\/li>\n<li><a href=\"https:\/\/www.oaxaca.gob.mx\/apbp\/wp-content\/uploads\/sites\/10\/2019\/07\/ACTA-DE-LA-SEGUNDA-SESION-ORDINARIA.pdf\">Acta Segunda Sesi\u00f3n Ordinaria 2019<\/a><\/li>\n<\/ul>\n","protected":false},"excerpt":{"rendered":"<p>Acta Subcomit\u00e9 2012 Acta Comit\u00e9 noviembre 2016 Acta Comit\u00e9 marzo 2017 Acta Comit\u00e9 mayo 2017 Acta Comit\u00e9 agosto 2017 Acta Comit\u00e9 diciembre 2017 Acta Primera Sesi\u00f3n Ordinaria 2018 Acta Primera Sesi\u00f3n Extraordinaria\u00a02018 Acta Primera Sesi\u00f3n Ordinaria 2019 Acta Segunda Sesi\u00f3n Ordinaria 2019<\/p>\n","protected":false},"author":1,"featured_media":0,"parent":0,"menu_order":0,"comment_status":"closed","ping_status":"closed","template":"","meta":{"episode_type":"","audio_file":"","podmotor_file_id":"","podmotor_episode_id":"","cover_image":"","cover_image_id":"","duration":"","filesize":"","filesize_raw":"","date_recorded":"","explicit":"","block":"","itunes_episode_number":"","itunes_title":"","itunes_season_number":"","itunes_episode_type":"","footnotes":""},"categories":[],"tags":[],"class_list":["post-330","page","type-page","status-publish","hentry"],"acf":[],"publishpress_future_action":{"enabled":false,"date":"2026-05-14 13:42:43","action":"change-status","newStatus":"draft","terms":[],"taxonomy":"category","extraData":[]},"publishpress_future_workflow_manual_trigger":{"enabledWorkflows":[]},"_links":{"self":[{"href":"https:\/\/www.oaxaca.gob.mx\/apbp\/wp-json\/wp\/v2\/pages\/330","targetHints":{"allow":["GET"]}}],"collection":[{"href":"https:\/\/www.oaxaca.gob.mx\/apbp\/wp-json\/wp\/v2\/pages"}],"about":[{"href":"https:\/\/www.oaxaca.gob.mx\/apbp\/wp-json\/wp\/v2\/types\/page"}],"author":[{"embeddable":true,"href":"https:\/\/www.oaxaca.gob.mx\/apbp\/wp-json\/wp\/v2\/users\/1"}],"replies":[{"embeddable":true,"href":"https:\/\/www.oaxaca.gob.mx\/apbp\/wp-json\/wp\/v2\/comments?post=330"}],"version-history":[{"count":2,"href":"https:\/\/www.oaxaca.gob.mx\/apbp\/wp-json\/wp\/v2\/pages\/330\/revisions"}],"predecessor-version":[{"id":3088,"href":"https:\/\/www.oaxaca.gob.mx\/apbp\/wp-json\/wp\/v2\/pages\/330\/revisions\/3088"}],"wp:attachment":[{"href":"https:\/\/www.oaxaca.gob.mx\/apbp\/wp-json\/wp\/v2\/media?parent=330"}],"wp:term":[{"taxonomy":"category","embeddable":true,"href":"https:\/\/www.oaxaca.gob.mx\/apbp\/wp-json\/wp\/v2\/categories?post=330"},{"taxonomy":"post_tag","embeddable":true,"href":"https:\/\/www.oaxaca.gob.mx\/apbp\/wp-json\/wp\/v2\/tags?post=330"}],"curies":[{"name":"wp","href":"https:\/\/api.w.org\/{rel}","templated":true}]}}