{"id":3076,"date":"2019-06-21T22:20:59","date_gmt":"2019-06-21T20:20:59","guid":{"rendered":"https:\/\/www.oaxaca.gob.mx\/apbp\/?page_id=3076"},"modified":"2019-08-30T09:49:12","modified_gmt":"2019-08-30T14:49:12","slug":"convocatoria-del-comite-de-etica","status":"publish","type":"page","link":"https:\/\/www.oaxaca.gob.mx\/apbp\/convocatoria-del-comite-de-etica\/","title":{"rendered":"Convocatoria del Comit\u00e9 de \u00c9tica"},"content":{"rendered":"[pdf title=Decreto de creaci\u00f3n\u00bb height=\u00bb700px\u00bb]https:\/\/www.oaxaca.gob.mx\/apbp\/wp-content\/uploads\/sites\/10\/2019\/08\/CONVOCATORIA-COMIT\u00c9-DE-\u00c9TICA.pdf[\/pdf]\n","protected":false},"excerpt":{"rendered":"<p>[pdf title=Decreto de creaci\u00f3n\u00bb height=\u00bb700px\u00bb]https:\/\/www.oaxaca.gob.mx\/apbp\/wp-content\/uploads\/sites\/10\/2019\/08\/CONVOCATORIA-COMIT\u00c9-DE-\u00c9TICA.pdf[\/pdf]<\/p>\n","protected":false},"author":10,"featured_media":0,"parent":0,"menu_order":0,"comment_status":"closed","ping_status":"closed","template":"","meta":{"episode_type":"","audio_file":"","podmotor_file_id":"","podmotor_episode_id":"","cover_image":"","cover_image_id":"","duration":"","filesize":"","filesize_raw":"","date_recorded":"","explicit":"","block":"","itunes_episode_number":"","itunes_title":"","itunes_season_number":"","itunes_episode_type":"","footnotes":""},"categories":[],"tags":[],"class_list":["post-3076","page","type-page","status-publish","hentry"],"acf":[],"publishpress_future_action":{"enabled":false,"date":"2026-05-14 13:43:29","action":"change-status","newStatus":"draft","terms":[],"taxonomy":"category","extraData":[]},"publishpress_future_workflow_manual_trigger":{"enabledWorkflows":[]},"_links":{"self":[{"href":"https:\/\/www.oaxaca.gob.mx\/apbp\/wp-json\/wp\/v2\/pages\/3076","targetHints":{"allow":["GET"]}}],"collection":[{"href":"https:\/\/www.oaxaca.gob.mx\/apbp\/wp-json\/wp\/v2\/pages"}],"about":[{"href":"https:\/\/www.oaxaca.gob.mx\/apbp\/wp-json\/wp\/v2\/types\/page"}],"author":[{"embeddable":true,"href":"https:\/\/www.oaxaca.gob.mx\/apbp\/wp-json\/wp\/v2\/users\/10"}],"replies":[{"embeddable":true,"href":"https:\/\/www.oaxaca.gob.mx\/apbp\/wp-json\/wp\/v2\/comments?post=3076"}],"version-history":[{"count":3,"href":"https:\/\/www.oaxaca.gob.mx\/apbp\/wp-json\/wp\/v2\/pages\/3076\/revisions"}],"predecessor-version":[{"id":3394,"href":"https:\/\/www.oaxaca.gob.mx\/apbp\/wp-json\/wp\/v2\/pages\/3076\/revisions\/3394"}],"wp:attachment":[{"href":"https:\/\/www.oaxaca.gob.mx\/apbp\/wp-json\/wp\/v2\/media?parent=3076"}],"wp:term":[{"taxonomy":"category","embeddable":true,"href":"https:\/\/www.oaxaca.gob.mx\/apbp\/wp-json\/wp\/v2\/categories?post=3076"},{"taxonomy":"post_tag","embeddable":true,"href":"https:\/\/www.oaxaca.gob.mx\/apbp\/wp-json\/wp\/v2\/tags?post=3076"}],"curies":[{"name":"wp","href":"https:\/\/api.w.org\/{rel}","templated":true}]}}