{"id":168,"date":"2017-03-28T11:51:59","date_gmt":"2017-03-28T17:51:59","guid":{"rendered":"http:\/\/www.beneficenciapublica.oaxaca.gob.mx\/?page_id=168"},"modified":"2017-03-28T11:51:59","modified_gmt":"2017-03-28T17:51:59","slug":"fraccion-xiii-unidad-de-transparencia","status":"publish","type":"page","link":"https:\/\/www.oaxaca.gob.mx\/apbp\/fraccion-xiii-unidad-de-transparencia\/","title":{"rendered":"Fracci\u00f3n XIII Unidad de Transparencia"},"content":{"rendered":"<p>\t\t\t\tTitular del Sujeto Obligado: C. Alina G\u00f3mez Lagunas<\/p>\n<p>Titular: Lic. Joaqu\u00edn Dioclesiano Marcos Hern\u00e1ndez<\/p>\n<p>Correo electr\u00f3nico oficial: <a href=\"mailto:benetransparencia@gmail.com\">benetransparencia@gmail.com<\/a><\/p>\n<p>Domicilio: Avenida de las Am\u00e9ricas n\u00famero 305, Colonia Am\u00e9rica Norte, Oaxaca de Ju\u00e1rez, Oaxaca.<\/p>\n<p>Tel\u00e9fonos: 1326855 o 1326856 ext. 105<\/p>\n<p>D\u00edas y horario de Atenci\u00f3n: Lunes a Viernes de 08:00 a 16:00 horas<\/p>\n<p>Nota: Se reciben solicitudes de informaci\u00f3n p\u00fablica respecto a la Administraci\u00f3n del Patrimonio de la Beneficencia P\u00fablica de Oaxaca, a trav\u00e9s del correo electr\u00f3nico oficial de la Unidad de Transparencia, en el domicilio oficial de \u00e9sta, v\u00eda telef\u00f3nica, por correo postal, mensajer\u00eda, tel\u00e9grafo, verbalmente ante el personal habilitado que las capturar\u00e1 en el sistema electr\u00f3nico de solicitudes; o cualquier medio aprobado por el Sistema Nacional.\t\t<\/p>\n","protected":false},"excerpt":{"rendered":"<p>Titular del Sujeto Obligado: C. Alina G\u00f3mez Lagunas Titular: Lic. Joaqu\u00edn Dioclesiano Marcos Hern\u00e1ndez Correo electr\u00f3nico oficial: benetransparencia@gmail.com Domicilio: Avenida de las Am\u00e9ricas n\u00famero 305, Colonia Am\u00e9rica Norte, Oaxaca de Ju\u00e1rez, Oaxaca. Tel\u00e9fonos: 1326855 o 1326856 ext. 105 D\u00edas y horario de Atenci\u00f3n: Lunes a Viernes de 08:00 a 16:00 horas Nota: Se reciben solicitudes [&hellip;]<\/p>\n","protected":false},"author":1,"featured_media":0,"parent":0,"menu_order":0,"comment_status":"closed","ping_status":"closed","template":"","meta":{"episode_type":"","audio_file":"","podmotor_file_id":"","podmotor_episode_id":"","cover_image":"","cover_image_id":"","duration":"","filesize":"","filesize_raw":"","date_recorded":"","explicit":"","block":"","itunes_episode_number":"","itunes_title":"","itunes_season_number":"","itunes_episode_type":"","footnotes":""},"categories":[],"tags":[],"class_list":["post-168","page","type-page","status-publish","hentry"],"acf":[],"publishpress_future_action":{"enabled":false,"date":"2026-05-14 13:44:59","action":"change-status","newStatus":"draft","terms":[],"taxonomy":"category","extraData":[]},"publishpress_future_workflow_manual_trigger":{"enabledWorkflows":[]},"_links":{"self":[{"href":"https:\/\/www.oaxaca.gob.mx\/apbp\/wp-json\/wp\/v2\/pages\/168","targetHints":{"allow":["GET"]}}],"collection":[{"href":"https:\/\/www.oaxaca.gob.mx\/apbp\/wp-json\/wp\/v2\/pages"}],"about":[{"href":"https:\/\/www.oaxaca.gob.mx\/apbp\/wp-json\/wp\/v2\/types\/page"}],"author":[{"embeddable":true,"href":"https:\/\/www.oaxaca.gob.mx\/apbp\/wp-json\/wp\/v2\/users\/1"}],"replies":[{"embeddable":true,"href":"https:\/\/www.oaxaca.gob.mx\/apbp\/wp-json\/wp\/v2\/comments?post=168"}],"version-history":[{"count":0,"href":"https:\/\/www.oaxaca.gob.mx\/apbp\/wp-json\/wp\/v2\/pages\/168\/revisions"}],"wp:attachment":[{"href":"https:\/\/www.oaxaca.gob.mx\/apbp\/wp-json\/wp\/v2\/media?parent=168"}],"wp:term":[{"taxonomy":"category","embeddable":true,"href":"https:\/\/www.oaxaca.gob.mx\/apbp\/wp-json\/wp\/v2\/categories?post=168"},{"taxonomy":"post_tag","embeddable":true,"href":"https:\/\/www.oaxaca.gob.mx\/apbp\/wp-json\/wp\/v2\/tags?post=168"}],"curies":[{"name":"wp","href":"https:\/\/api.w.org\/{rel}","templated":true}]}}