{"id":163,"date":"2017-03-24T12:29:44","date_gmt":"2017-03-24T18:29:44","guid":{"rendered":"http:\/\/www.beneficenciapublica.oaxaca.gob.mx\/?page_id=163"},"modified":"2017-03-24T12:29:44","modified_gmt":"2017-03-24T18:29:44","slug":"departamento-administrativo","status":"publish","type":"page","link":"https:\/\/www.oaxaca.gob.mx\/apbp\/departamento-administrativo\/","title":{"rendered":"Departamento Administrativo"},"content":{"rendered":"<p>\t\t\t\tDEPARTAMENTO ADMINISTRATIVO<\/p>\n<p>Lic. Juan Iv\u00e1n Miguel Ch\u00e1vez.<\/p>\n<p>-Jefe del Departamento Administrativo de la Administraci\u00f3n del Patrimonio de la Beneficencia P\u00fablica.<\/p>\n<p>Correo electr\u00f3nico oficial: apbp.juridico@gmail.com<\/p>\n<p>N\u00famero telef\u00f3nico oficial: 132 6855 EXT. 108<\/p>\n<p>Direcci\u00f3n oficial: Av. De las Am\u00e9ricas #305 Col. Am\u00e9rica Norte.\t\t<\/p>\n","protected":false},"excerpt":{"rendered":"<p>DEPARTAMENTO ADMINISTRATIVO Lic. Juan Iv\u00e1n Miguel Ch\u00e1vez. -Jefe del Departamento Administrativo de la Administraci\u00f3n del Patrimonio de la Beneficencia P\u00fablica. Correo electr\u00f3nico oficial: apbp.juridico@gmail.com N\u00famero telef\u00f3nico oficial: 132 6855 EXT. 108 Direcci\u00f3n oficial: Av. De las Am\u00e9ricas #305 Col. Am\u00e9rica Norte.<\/p>\n","protected":false},"author":1,"featured_media":0,"parent":0,"menu_order":0,"comment_status":"closed","ping_status":"closed","template":"","meta":{"episode_type":"","audio_file":"","podmotor_file_id":"","podmotor_episode_id":"","cover_image":"","cover_image_id":"","duration":"","filesize":"","filesize_raw":"","date_recorded":"","explicit":"","block":"","itunes_episode_number":"","itunes_title":"","itunes_season_number":"","itunes_episode_type":"","footnotes":""},"categories":[],"tags":[],"class_list":["post-163","page","type-page","status-publish","hentry"],"acf":[],"publishpress_future_action":{"enabled":false,"date":"2026-05-05 11:10:49","action":"change-status","newStatus":"draft","terms":[],"taxonomy":"category","extraData":[]},"publishpress_future_workflow_manual_trigger":{"enabledWorkflows":[]},"_links":{"self":[{"href":"https:\/\/www.oaxaca.gob.mx\/apbp\/wp-json\/wp\/v2\/pages\/163","targetHints":{"allow":["GET"]}}],"collection":[{"href":"https:\/\/www.oaxaca.gob.mx\/apbp\/wp-json\/wp\/v2\/pages"}],"about":[{"href":"https:\/\/www.oaxaca.gob.mx\/apbp\/wp-json\/wp\/v2\/types\/page"}],"author":[{"embeddable":true,"href":"https:\/\/www.oaxaca.gob.mx\/apbp\/wp-json\/wp\/v2\/users\/1"}],"replies":[{"embeddable":true,"href":"https:\/\/www.oaxaca.gob.mx\/apbp\/wp-json\/wp\/v2\/comments?post=163"}],"version-history":[{"count":0,"href":"https:\/\/www.oaxaca.gob.mx\/apbp\/wp-json\/wp\/v2\/pages\/163\/revisions"}],"wp:attachment":[{"href":"https:\/\/www.oaxaca.gob.mx\/apbp\/wp-json\/wp\/v2\/media?parent=163"}],"wp:term":[{"taxonomy":"category","embeddable":true,"href":"https:\/\/www.oaxaca.gob.mx\/apbp\/wp-json\/wp\/v2\/categories?post=163"},{"taxonomy":"post_tag","embeddable":true,"href":"https:\/\/www.oaxaca.gob.mx\/apbp\/wp-json\/wp\/v2\/tags?post=163"}],"curies":[{"name":"wp","href":"https:\/\/api.w.org\/{rel}","templated":true}]}}