{"id":158,"date":"2017-03-24T11:55:47","date_gmt":"2017-03-24T17:55:47","guid":{"rendered":"http:\/\/www.beneficenciapublica.oaxaca.gob.mx\/?page_id=158"},"modified":"2017-03-24T11:55:47","modified_gmt":"2017-03-24T17:55:47","slug":"direccion-general","status":"publish","type":"page","link":"https:\/\/www.oaxaca.gob.mx\/apbp\/direccion-general\/","title":{"rendered":"Direcci\u00f3n General"},"content":{"rendered":"<p>\t\t\t\tC. Alina G\u00f3mez Lagunas<\/p>\n<p>-Directora General de la Administraci\u00f3n del Patrimonio de la Beneficencia P\u00fablica<\/p>\n<p>N\u00famero telef\u00f3nico oficial: 132 6855 EXT. 114<\/p>\n<p>Direcci\u00f3n oficial: Av. De las Am\u00e9ricas #305 Col. Am\u00e9rica Norte.\t\t<\/p>\n","protected":false},"excerpt":{"rendered":"<p>C. Alina G\u00f3mez Lagunas -Directora General de la Administraci\u00f3n del Patrimonio de la Beneficencia P\u00fablica N\u00famero telef\u00f3nico oficial: 132 6855 EXT. 114 Direcci\u00f3n oficial: Av. De las Am\u00e9ricas #305 Col. Am\u00e9rica Norte.<\/p>\n","protected":false},"author":1,"featured_media":0,"parent":0,"menu_order":0,"comment_status":"closed","ping_status":"closed","template":"","meta":{"episode_type":"","audio_file":"","podmotor_file_id":"","podmotor_episode_id":"","cover_image":"","cover_image_id":"","duration":"","filesize":"","filesize_raw":"","date_recorded":"","explicit":"","block":"","itunes_episode_number":"","itunes_title":"","itunes_season_number":"","itunes_episode_type":"","footnotes":""},"categories":[],"tags":[],"class_list":["post-158","page","type-page","status-publish","hentry"],"acf":[],"publishpress_future_action":{"enabled":false,"date":"2026-05-14 13:43:28","action":"change-status","newStatus":"draft","terms":[],"taxonomy":"category","extraData":[]},"publishpress_future_workflow_manual_trigger":{"enabledWorkflows":[]},"_links":{"self":[{"href":"https:\/\/www.oaxaca.gob.mx\/apbp\/wp-json\/wp\/v2\/pages\/158","targetHints":{"allow":["GET"]}}],"collection":[{"href":"https:\/\/www.oaxaca.gob.mx\/apbp\/wp-json\/wp\/v2\/pages"}],"about":[{"href":"https:\/\/www.oaxaca.gob.mx\/apbp\/wp-json\/wp\/v2\/types\/page"}],"author":[{"embeddable":true,"href":"https:\/\/www.oaxaca.gob.mx\/apbp\/wp-json\/wp\/v2\/users\/1"}],"replies":[{"embeddable":true,"href":"https:\/\/www.oaxaca.gob.mx\/apbp\/wp-json\/wp\/v2\/comments?post=158"}],"version-history":[{"count":0,"href":"https:\/\/www.oaxaca.gob.mx\/apbp\/wp-json\/wp\/v2\/pages\/158\/revisions"}],"wp:attachment":[{"href":"https:\/\/www.oaxaca.gob.mx\/apbp\/wp-json\/wp\/v2\/media?parent=158"}],"wp:term":[{"taxonomy":"category","embeddable":true,"href":"https:\/\/www.oaxaca.gob.mx\/apbp\/wp-json\/wp\/v2\/categories?post=158"},{"taxonomy":"post_tag","embeddable":true,"href":"https:\/\/www.oaxaca.gob.mx\/apbp\/wp-json\/wp\/v2\/tags?post=158"}],"curies":[{"name":"wp","href":"https:\/\/api.w.org\/{rel}","templated":true}]}}