{"id":758,"date":"2017-05-24T13:44:02","date_gmt":"2017-05-24T19:44:02","guid":{"rendered":"https:\/\/www.oaxaca.gob.mx\/ageo\/?page_id=758"},"modified":"2017-05-24T13:44:02","modified_gmt":"2017-05-24T19:44:02","slug":"fotografias-de-documentos-historicos-una-o-mas-hojas","status":"publish","type":"page","link":"https:\/\/www.oaxaca.gob.mx\/ageo\/fotografias-de-documentos-historicos-una-o-mas-hojas\/","title":{"rendered":"Fotograf\u00edas de documentos hist\u00f3ricos una o m\u00e1s hojas"},"content":{"rendered":"<table border=\"0\" cellspacing=\"5\" cellpadding=\"5\">\n<tbody>\n<tr>\n<td colspan=\"4\" valign=\"top\">\n<h5><span style=\"color: #800080\"><strong>Clave: 3BLBAA008<\/strong><\/span><\/h5>\n<hr \/>\n<\/td>\n<\/tr>\n<tr>\n<td colspan=\"4\" valign=\"top\"><strong>Descripci\u00f3n: <\/strong>Servicio de toma de fotograf\u00edas, donde el usuario hace uso de su equipo para capturar digitalmente y sin flash, las im\u00e1genes de los documentos hist\u00f3ricos desde un d\u00eda hasta cinco.<\/p>\n<hr \/>\n<\/td>\n<\/tr>\n<tr>\n<td colspan=\"4\" valign=\"top\"><strong>Requisitos:\u00a0<\/strong><\/p>\n<ol>\n<li>Oficio de Solicitud en original y copia, comprometi\u00e9ndose a otorgar los cr\u00e9ditos correspondientes.<\/li>\n<li>Identificaci\u00f3n oficial en original y copia.<\/li>\n<li>Pago de los derechos por concepto del servicio solicitado y original o copia del recibo de pago.<\/li>\n<\/ol>\n<hr \/>\n<\/td>\n<\/tr>\n<tr>\n<td colspan=\"4\" valign=\"top\"><strong>Procedimiento: <\/strong><\/p>\n<ol>\n<li>Acudir a las instalaciones del Archivo General y registrar el acceso.<\/li>\n<li>Solicitar en la Sala de Consulta la orientaci\u00f3n necesaria para obtener el servicio.<\/li>\n<li>Diligenciar la ficha de solicitud y recibir el documento para consulta.<\/li>\n<li>Solicitar el servicio de pr\u00e9stamo para fotografiar sin flash los documentos hist\u00f3ricos (Solo en documentos en los que sea posible este proceso), mediante una carta en original y copia, en donde se compromete a dar los cr\u00e9ditos correspondientes en su investigaci\u00f3n. Entregar copia de su identificaci\u00f3n. Si la fotograf\u00eda es para publicaci\u00f3n, debe solicitar el permiso de uso de la imagen.<\/li>\n<li>Obtener la L\u00ednea de Captura (orden de pago) del servicio para pagar los derechos en la instituci\u00f3n bancaria autorizada o recaudaci\u00f3n de rentas m\u00e1s cercana. Te invitamos a consultar la <a href=\"\/wp-content\/pdf\/GUIA%20PARA%20PAGO%20DE%20SERVICIOS.pdf\">GU\u00cdA PARA GENERAR L\u00cdNEA DE CAPTURA <\/a>.<\/li>\n<li>Entregar recibo de pago original o copia del mismo.<\/li>\n<li>Toma de fotos sin flash con la c\u00e1mara del usuario.<\/li>\n<li>Devolver los documentos en las mismas condiciones en que los recibi\u00f3.<\/li>\n<\/ol>\n<p>Fin del tr\u00e1mite.<\/p>\n<hr \/>\n<\/td>\n<\/tr>\n<tr>\n<td colspan=\"2\" valign=\"top\"><strong>Usuario: <\/strong> P\u00fablico en general<\/td>\n<td valign=\"top\"><strong>Tiempo de respuesta: <\/strong>15\u00a0a 20 minutos<\/td>\n<\/tr>\n<tr>\n<td style=\"text-align: left\" colspan=\"2\" valign=\"top\"><strong>Documento a obtener: <\/strong>Fotos sin flash con la c\u00e1mara del usuario.<\/td>\n<td valign=\"top\"><strong>Formato: <\/strong> No aplica<\/td>\n<\/tr>\n<tr>\n<td colspan=\"2\" valign=\"top\"><strong>Costo: <\/strong>3.09\u00a0UMAS.<\/td>\n<td valign=\"top\"><strong>Correo electr\u00f3nico:<\/strong> <a href=\"mailto:archivohistorico@oaxaca.gob.mx\">archivohistorico@oaxaca.gob.mx<\/a><\/td>\n<\/tr>\n<tr>\n<td colspan=\"2\" valign=\"top\"><strong>Forma de pago: <\/strong> Moneda Nacional.<\/td>\n<td valign=\"top\"><strong>Tel\u00e9fono:<\/strong> 951-5012215<\/td>\n<\/tr>\n<tr>\n<td style=\"text-align: left\" valign=\"top\" width=\"302\"><strong>Lugar de pago: <\/strong> Recaudaci\u00f3n y\/o Instituci\u00f3n bancaria autorizada.<\/p>\n<hr \/>\n<\/td>\n<td valign=\"top\" width=\"300\">\n<p style=\"text-align: left\"><strong>Horario <\/strong>: lunes a viernes 8:00 a 14:30 horas.<\/p>\n<hr \/>\n<\/td>\n<td valign=\"top\" width=\"436\"><strong>Domicilio: <\/strong>Santos Degollado No. 400 Col. Centro, Oaxaca de Ju\u00e1rez.\u00a0<strong>\u00a0<\/strong><\/p>\n<hr \/>\n<\/td>\n<\/tr>\n<tr>\n<td colspan=\"4\" valign=\"top\">\n<p align=\"center\"><strong>Informaci\u00f3n Complementaria <\/strong><\/p>\n<\/td>\n<\/tr>\n<tr>\n<td colspan=\"4\" valign=\"top\"><strong>Fundamento jur\u00eddico: <\/strong><\/p>\n<p>Ley Org\u00e1nica del Poder Ejecutivo del Estado de Oaxaca vigente, Art\u00edculo 46 Fracci\u00f3n XVIII.<\/p>\n<p>Ley Estatal de Derechos 2016, Art\u00edculo 79, Fracci\u00f3n VIII.<\/p>\n<p>Reglamento Interno de la Secretaria de Administraci\u00f3n, Art\u00edculo 86, Fracci\u00f3n II y V.<\/p>\n<p>Reglamento de los Archivos del Poder Ejecutivo del Estado de Oaxaca, art\u00edculo 65, Fracci\u00f3n VII Primera parte que a la letra dice: Los documentos que forman parte de los acervos del Archivo General no podr\u00e1n ser sustra\u00eddos del \u00e1rea de resguardo. No se permitir\u00e1 el pr\u00e9stamo a domicilio. Fracci\u00f3n XI.- el Archivo General no est\u00e1 obligado a reproducir documentos en formatos especiales cuando no se cuente con el equipo necesario para ello.<\/p>\n<hr \/>\n<\/td>\n<\/tr>\n<tr>\n<td colspan=\"4\" valign=\"top\"><strong>Responsable: <\/strong><\/p>\n<p>Lic. Ver\u00f3nica Allier Garc\u00eda<\/p>\n<p>Jefa de la Unidad de Difusi\u00f3n<\/p>\n<hr \/>\n<\/td>\n<\/tr>\n<tr>\n<td colspan=\"4\" valign=\"top\"><strong>Quejas, denuncias o sugerencias: <\/strong><\/p>\n<p>Departamento de Atenci\u00f3n a Quejas y Denuncias contra Servidores P\u00fablicos perteneciente a la Secretar\u00eda de la Contralor\u00eda y Transparencia Gubernamental, ubicada en Ciudad Administrativa \u201cBenem\u00e9rito de la Am\u00e9ricas\u201d Edificio 3 \u201cAndr\u00e9s Henestrosa\u201d nivel 3 Carretera Oaxaca-Istmo KM: 11.5 Tlalixtac de Cabrera, Oaxaca Tel\u00e9fono (951) 5015000 Ext. 10474, 10479, 10480, 10491, 11820, 018007127579, 01800 7127580<\/td>\n<\/tr>\n<\/tbody>\n<\/table>\n","protected":false},"excerpt":{"rendered":"<p>Clave: 3BLBAA008 Descripci\u00f3n: Servicio de toma de fotograf\u00edas, donde el usuario hace uso de su equipo para capturar digitalmente y sin flash, las im\u00e1genes de los documentos hist\u00f3ricos desde un d\u00eda hasta cinco. Requisitos:\u00a0 Oficio de Solicitud en original y copia, comprometi\u00e9ndose a otorgar los cr\u00e9ditos correspondientes. Identificaci\u00f3n oficial en original y copia. Pago de [&hellip;]<\/p>\n","protected":false},"author":1,"featured_media":0,"parent":0,"menu_order":0,"comment_status":"closed","ping_status":"closed","template":"","meta":{"episode_type":"","audio_file":"","podmotor_file_id":"","podmotor_episode_id":"","cover_image":"","cover_image_id":"","duration":"","filesize":"","filesize_raw":"","date_recorded":"","explicit":"","block":"","itunes_episode_number":"","itunes_title":"","itunes_season_number":"","itunes_episode_type":"","footnotes":""},"categories":[],"tags":[],"class_list":["post-758","page","type-page","status-publish","hentry"],"acf":[],"publishpress_future_action":{"enabled":false,"date":"2026-04-20 09:02:05","action":"change-status","newStatus":"draft","terms":[],"taxonomy":"category","extraData":[]},"publishpress_future_workflow_manual_trigger":{"enabledWorkflows":[]},"_links":{"self":[{"href":"https:\/\/www.oaxaca.gob.mx\/ageo\/wp-json\/wp\/v2\/pages\/758","targetHints":{"allow":["GET"]}}],"collection":[{"href":"https:\/\/www.oaxaca.gob.mx\/ageo\/wp-json\/wp\/v2\/pages"}],"about":[{"href":"https:\/\/www.oaxaca.gob.mx\/ageo\/wp-json\/wp\/v2\/types\/page"}],"author":[{"embeddable":true,"href":"https:\/\/www.oaxaca.gob.mx\/ageo\/wp-json\/wp\/v2\/users\/1"}],"replies":[{"embeddable":true,"href":"https:\/\/www.oaxaca.gob.mx\/ageo\/wp-json\/wp\/v2\/comments?post=758"}],"version-history":[{"count":0,"href":"https:\/\/www.oaxaca.gob.mx\/ageo\/wp-json\/wp\/v2\/pages\/758\/revisions"}],"wp:attachment":[{"href":"https:\/\/www.oaxaca.gob.mx\/ageo\/wp-json\/wp\/v2\/media?parent=758"}],"wp:term":[{"taxonomy":"category","embeddable":true,"href":"https:\/\/www.oaxaca.gob.mx\/ageo\/wp-json\/wp\/v2\/categories?post=758"},{"taxonomy":"post_tag","embeddable":true,"href":"https:\/\/www.oaxaca.gob.mx\/ageo\/wp-json\/wp\/v2\/tags?post=758"}],"curies":[{"name":"wp","href":"https:\/\/api.w.org\/{rel}","templated":true}]}}