{"id":612,"date":"2017-05-24T08:50:16","date_gmt":"2017-05-24T14:50:16","guid":{"rendered":"https:\/\/www.oaxaca.gob.mx\/ageo\/?page_id=612"},"modified":"2024-02-01T14:52:11","modified_gmt":"2024-02-01T20:52:11","slug":"proceso-de-atencion-para-visitas-guiadas","status":"publish","type":"page","link":"https:\/\/www.oaxaca.gob.mx\/ageo\/proceso-de-atencion-para-visitas-guiadas\/","title":{"rendered":"Proceso de atenci\u00f3n para visitas guiadas"},"content":{"rendered":"<p><strong>ANTES DE LA VISITA<\/strong><\/p>\n<p>El Archivo General del Estado de Oaxaca, es el espacio encargado de preservar la memoria hist\u00f3rica de Oaxaca adem\u00e1s de estar considerado como uno de los m\u00e1s importantes a nivel nacional por su acervo documental que data del siglo XVI al XX; adem\u00e1s tiene a su cuidado m\u00e1s de 16 mil metros lineales de documentos que permiten conocer y comprender la historia de Oaxaca<a href=\"#_ftn1\" name=\"_ftnref1\">[1]<\/a>.<\/p>\n<p>Si deseas conocer y\/o formas parte de alguna Dependencia o Instituci\u00f3n Educativa, puedes visitarnos.<\/p>\n<ol>\n<li>Env\u00eda un oficio dirigido al Director del Archivo General del Estado de Oaxaca solicitando visita guiada al Archivo General, en el, indica el n\u00famero de personas consideradas para poder organizarnos.<\/li>\n<\/ol>\n<ol start=\"2\">\n<li>Al recibir tu solicitud, tenemos cinco d\u00edas h\u00e1biles para darte una respuesta en la cual citaremos d\u00eda, hora y fecha en la que podemos recibirte. Es importante que sepas que no podemos ingresar con art\u00edculos que pongan en peligro el acervo o dificulten la vigilancia de los responsables en la sala, por ese motivo, las mochilas y\/o bolsas, que traigan se tienen que dejar en el m\u00f3dulo de seguridad, donde se resguardan hasta el momento de tu salida<a href=\"#_ftn2\" name=\"_ftnref2\">[2]<\/a>.<\/li>\n<\/ol>\n<p><strong>EL D\u00cdA DE LA VISITA GUIADA<\/strong><\/p>\n<ol start=\"3\">\n<li>Cuando llegues a las instalaciones del Archivo General del Estado de Oaxaca (AGEO), como responsable del grupo deber\u00e1s registrarte en el m\u00f3dulo de vigilancia para el ingreso indicando el n\u00famero de los acompa\u00f1antes y\/o mostrando el oficio de respuesta donde qued\u00f3 programada la cita.<\/li>\n<\/ol>\n<ol start=\"4\">\n<li>Personal del \u00e1rea de Difusi\u00f3n de Acervos, les recibir\u00e1 para iniciar la visita guiada empezando por dar recomendaciones generales del recorrido y duraci\u00f3n aproximada.<\/li>\n<\/ol>\n<ol start=\"5\">\n<li>Al t\u00e9rmino del recorrido, les invitaremos a contestar una breve encuesta de satisfacci\u00f3n y \u00a1Claro! a dejarnos sus comentarios en nuestro libro de visitas.<\/li>\n<\/ol>\n<ol start=\"6\">\n<li>Para salir, por favor registra la hora de salida y si dejaron bolsas y\/o mochilas se deben recoger en el m\u00f3dulo de vigilancia.<\/li>\n<\/ol>\n<p>&nbsp;<\/p>\n<p>En el Archivo General, nos encantan las visitas guiadas, as\u00ed que invita a tus amigos y familia tambi\u00e9n a conocernos. Agradecemos tus comentarios y sugerencias.<\/p>\n<p>&nbsp;<\/p>\n<h6><em><a href=\"#_ftnref1\" name=\"_ftn1\">[1]<\/a> Informaci\u00f3n tomada de Gob.mx disponible para su consulta en: <a href=\"https:\/\/www.gob.mx\/agn\/articulos\/oaxaca-inaugurara-la-ciudad-de-los-archivos?idiom=es\">https:\/\/www.gob.mx\/agn\/articulos\/oaxaca-inaugurara-la-ciudad-de-los-archivos?idiom=es<\/a><\/em><\/h6>\n<h6><em><a href=\"#_ftnref2\" name=\"_ftn2\">[2]<\/a> Fracci\u00f3n IV del art\u00edculo 65 del Reglamento de los Archivos del Poder Ejecutivo del Estado de Oaxaca.<\/em><\/h6>\n","protected":false},"excerpt":{"rendered":"<p>ANTES DE LA VISITA El Archivo General del Estado de Oaxaca, es el espacio encargado de preservar la memoria hist\u00f3rica de Oaxaca adem\u00e1s de estar considerado como uno de los m\u00e1s importantes a nivel nacional por su acervo documental que data del siglo XVI al XX; adem\u00e1s tiene a su cuidado m\u00e1s de 16 mil [&hellip;]<\/p>\n","protected":false},"author":1,"featured_media":0,"parent":0,"menu_order":0,"comment_status":"closed","ping_status":"closed","template":"","meta":{"episode_type":"","audio_file":"","podmotor_file_id":"","podmotor_episode_id":"","cover_image":"","cover_image_id":"","duration":"","filesize":"","filesize_raw":"","date_recorded":"","explicit":"","block":"","itunes_episode_number":"","itunes_title":"","itunes_season_number":"","itunes_episode_type":"","footnotes":""},"categories":[],"tags":[],"class_list":["post-612","page","type-page","status-publish","hentry"],"acf":[],"publishpress_future_action":{"enabled":false,"date":"2026-05-13 12:37:04","action":"change-status","newStatus":"draft","terms":[],"taxonomy":"category","extraData":[]},"publishpress_future_workflow_manual_trigger":{"enabledWorkflows":[]},"_links":{"self":[{"href":"https:\/\/www.oaxaca.gob.mx\/ageo\/wp-json\/wp\/v2\/pages\/612","targetHints":{"allow":["GET"]}}],"collection":[{"href":"https:\/\/www.oaxaca.gob.mx\/ageo\/wp-json\/wp\/v2\/pages"}],"about":[{"href":"https:\/\/www.oaxaca.gob.mx\/ageo\/wp-json\/wp\/v2\/types\/page"}],"author":[{"embeddable":true,"href":"https:\/\/www.oaxaca.gob.mx\/ageo\/wp-json\/wp\/v2\/users\/1"}],"replies":[{"embeddable":true,"href":"https:\/\/www.oaxaca.gob.mx\/ageo\/wp-json\/wp\/v2\/comments?post=612"}],"version-history":[{"count":2,"href":"https:\/\/www.oaxaca.gob.mx\/ageo\/wp-json\/wp\/v2\/pages\/612\/revisions"}],"predecessor-version":[{"id":9638,"href":"https:\/\/www.oaxaca.gob.mx\/ageo\/wp-json\/wp\/v2\/pages\/612\/revisions\/9638"}],"wp:attachment":[{"href":"https:\/\/www.oaxaca.gob.mx\/ageo\/wp-json\/wp\/v2\/media?parent=612"}],"wp:term":[{"taxonomy":"category","embeddable":true,"href":"https:\/\/www.oaxaca.gob.mx\/ageo\/wp-json\/wp\/v2\/categories?post=612"},{"taxonomy":"post_tag","embeddable":true,"href":"https:\/\/www.oaxaca.gob.mx\/ageo\/wp-json\/wp\/v2\/tags?post=612"}],"curies":[{"name":"wp","href":"https:\/\/api.w.org\/{rel}","templated":true}]}}