{"id":2912,"date":"2019-08-07T20:43:02","date_gmt":"2019-08-07T18:43:02","guid":{"rendered":"https:\/\/www.oaxaca.gob.mx\/ageo\/?page_id=2912"},"modified":"2024-08-06T15:00:41","modified_gmt":"2024-08-06T21:00:41","slug":"acerca-de-ageo","status":"publish","type":"page","link":"https:\/\/www.oaxaca.gob.mx\/ageo\/acerca-de-ageo\/","title":{"rendered":"Acerca de AGEO"},"content":{"rendered":"<p style=\"text-align: justify;font-size:20px\">En su origen, el Archivo era un departamento secundario, ubicado en uno de los patios internos del Palacio de Gobierno del Estado. Con una inadecuada estanter\u00eda se colocaban los paquetes siguiendo un orden cronol\u00f3gico que se perd\u00eda cuando se realizaban las b\u00fasquedas de informaci\u00f3n.<br \/>\nEn 1832 el Cuarto Congreso Constitucional del Estado expidi\u00f3 un Decreto ordenando la elaboraci\u00f3n de inventarios de los documentos resguardados en los archivos del Estado.<br \/>\nCasi cien a\u00f1os m\u00e1s tarde y tras los vaivenes de la pol\u00edtica nacional y estatal durante el siglo XIX y principios del XX, el Archivo General de Gobierno se encontraba en muy mal estado. Por ello en 1923 se inici\u00f3 una reorganizaci\u00f3n, formando expedientes con base en diferentes ramos.<br \/>\nEn 1929 se comision\u00f3 al C. Arcadio Ortega Dom\u00ednguez, director de la Biblioteca P\u00fablica del Estado, para que dirigiera los trabajos de protecci\u00f3n, organizaci\u00f3n y clasificaci\u00f3n del Archivo General, en la casa que alberga actualmente el Museo Rufino Tamayo. En dicho inmueble estuvo el archivo General cerca de 42 a\u00f1os.<br \/>\nEn 1970, siendo secretario general de Despacho el Lic. Fernando G\u00f3mez Sandoval se traslad\u00f3 el archivo a la secci\u00f3n sur del ex convento de los Siete Pr\u00edncipes, ubicado en la calle de Santos Degollado n\u00famero 400, atr\u00e1s de la Casa de la Cultura Oaxaque\u00f1a.<br \/>\nEn 1994 cambia su nombre al de Archivo General del Poder Ejecutivo del Estado de Oaxaca, de conformidad con la Ley Org\u00e1nica del Poder Ejecutivo de ese a\u00f1o, mediante un Decreto.<br \/>\nEn el 2011, el Gobierno del Estado de Oaxaca, con apoyo de la Fundaci\u00f3n Alfredo Harp Hel\u00fa Oaxaca (FAHHO), a trav\u00e9s de la Asociaci\u00f3n Civil Apoyo al Desarrollo de Archivos y Bibliotecas de M\u00e9xico (ADABI), inici\u00f3 una importante labor de rescate, ordenaci\u00f3n, organizaci\u00f3n y estabilizaci\u00f3n del Archivo Hist\u00f3rico del Archivo General del Poder Ejecutivo del Oaxaca, con el cual se obtuvieron las gu\u00edas de los 5 grandes fondos: Gobierno, Hacienda, Justicia, Milicia y Registro Civil.<br \/>\nEn el 2014 se inici\u00f3 la construcci\u00f3n del edificio en el parque de las Canteras, inmueble dise\u00f1ado exprofeso por el Arquitecto Ignacio Mendaro Corsini a fin de resguardar los documentos hist\u00f3ricos en repositorios especiales que tienen una extensi\u00f3n de m\u00e1s de 8 kil\u00f3metros lineales. El edificio del AGEO es un referente obligado en el mundo, respecto de los edificios contempor\u00e1neos destinados a albergar instituciones de archivo.<br \/>\nEl 24 de febrero de 2017 se public\u00f3 el Decreto por el cual se crea el Archivo General del Estado de Oaxaca (AGEO) como un \u00f3rgano desconcentrado de la Secretar\u00eda de Administraci\u00f3n, con autonom\u00eda t\u00e9cnica, operativa y de gesti\u00f3n.<br \/>\nEl 15 de junio de 2019 se public\u00f3 la Ley General de Archivos. Para cumplir con el proceso de armonizaci\u00f3n de esta ley, el 15 de febrero de 2020 fueron publicados la Ley de Archivos para el Estado de Oaxaca y los marcos normativos que regulan el conjunto de los archivos activos de tr\u00e1mite, concentraci\u00f3n e hist\u00f3ricos de todo el Estado.<br \/>\nA partir de una acci\u00f3n de inconstitucionalidad que emiti\u00f3 el Instituto Nacional de Acceso a la Informaci\u00f3n P\u00fablica (INAI), en la que se se\u00f1ala la necesidad de modificar la Ley de Archivos para el Estado de Oaxaca, el 23 de mayo de 2023 se inici\u00f3 el proceso de creaci\u00f3n del Archivo general del estado de Oaxaca como organismo p\u00fablico descentralizado no sectorizado, con autonom\u00eda t\u00e9cnica, administrativa y financiera. Con esta modificaci\u00f3n jur\u00eddica y administrativa inicia la fase m\u00e1s reciente de la historia de este archivo y de la pol\u00edtica documental y de informaci\u00f3n en el Estado.<br \/>\nEl AGEO ofrece diversos servicios. Cuenta con una sala de consulta abierta al p\u00fablico en general y para los investigadores, en donde se realizan consultas directas de los documentos hist\u00f3ricos originales que se encuentran en los fondos. Se brindan servicios de reprograf\u00eda, digitalizando documentos que son solicitados por los usuarios y con motivos de preservaci\u00f3n. Por otra parte, como responsable del funcionamiento del Sistema Estatal de Archivos, el AGEO proporciona programas de capacitaci\u00f3n y asesor\u00eda a los sujetos obligados del Gobierno del Estado, a los poderes Judicial y Legislativo, organismos p\u00fablicos descentralizados, ayuntamientos y particulares que lo soliciten.<br \/>\nEl Archivo General del Estado de Oaxaca, fue una de las primeras entidades federativas, en constituir su Consejo Estatal de Archivos, adem\u00e1s de regular el funcionamiento de su Comit\u00e9 T\u00e9cnico, esto con la finalidad de crear y fortalecer el Sistema Estatal de Archivos. Con estas dos figuras el AGEO, se constituye en el ente regulador y normativo respecto de la organizaci\u00f3n, conservaci\u00f3n y difusi\u00f3n del patrimonio documental del Estado de Oaxaca.<\/p>\n","protected":false},"excerpt":{"rendered":"<p>En su origen, el Archivo era un departamento secundario, ubicado en uno de los patios internos del Palacio de Gobierno del Estado. Con una inadecuada estanter\u00eda se colocaban los paquetes siguiendo un orden cronol\u00f3gico que se perd\u00eda cuando se realizaban las b\u00fasquedas de informaci\u00f3n. En 1832 el Cuarto Congreso Constitucional del Estado expidi\u00f3 un Decreto [&hellip;]<\/p>\n","protected":false},"author":1,"featured_media":0,"parent":0,"menu_order":0,"comment_status":"closed","ping_status":"closed","template":"","meta":{"episode_type":"","audio_file":"","podmotor_file_id":"","podmotor_episode_id":"","cover_image":"","cover_image_id":"","duration":"","filesize":"","filesize_raw":"","date_recorded":"","explicit":"","block":"","itunes_episode_number":"","itunes_title":"","itunes_season_number":"","itunes_episode_type":"","footnotes":""},"categories":[],"tags":[],"class_list":["post-2912","page","type-page","status-publish","hentry"],"acf":[],"publishpress_future_action":{"enabled":false,"date":"2026-05-14 04:53:22","action":"change-status","newStatus":"draft","terms":[],"taxonomy":"category","extraData":[]},"publishpress_future_workflow_manual_trigger":{"enabledWorkflows":[]},"_links":{"self":[{"href":"https:\/\/www.oaxaca.gob.mx\/ageo\/wp-json\/wp\/v2\/pages\/2912","targetHints":{"allow":["GET"]}}],"collection":[{"href":"https:\/\/www.oaxaca.gob.mx\/ageo\/wp-json\/wp\/v2\/pages"}],"about":[{"href":"https:\/\/www.oaxaca.gob.mx\/ageo\/wp-json\/wp\/v2\/types\/page"}],"author":[{"embeddable":true,"href":"https:\/\/www.oaxaca.gob.mx\/ageo\/wp-json\/wp\/v2\/users\/1"}],"replies":[{"embeddable":true,"href":"https:\/\/www.oaxaca.gob.mx\/ageo\/wp-json\/wp\/v2\/comments?post=2912"}],"version-history":[{"count":2,"href":"https:\/\/www.oaxaca.gob.mx\/ageo\/wp-json\/wp\/v2\/pages\/2912\/revisions"}],"predecessor-version":[{"id":11184,"href":"https:\/\/www.oaxaca.gob.mx\/ageo\/wp-json\/wp\/v2\/pages\/2912\/revisions\/11184"}],"wp:attachment":[{"href":"https:\/\/www.oaxaca.gob.mx\/ageo\/wp-json\/wp\/v2\/media?parent=2912"}],"wp:term":[{"taxonomy":"category","embeddable":true,"href":"https:\/\/www.oaxaca.gob.mx\/ageo\/wp-json\/wp\/v2\/categories?post=2912"},{"taxonomy":"post_tag","embeddable":true,"href":"https:\/\/www.oaxaca.gob.mx\/ageo\/wp-json\/wp\/v2\/tags?post=2912"}],"curies":[{"name":"wp","href":"https:\/\/api.w.org\/{rel}","templated":true}]}}