{"id":11002,"date":"2024-06-28T09:48:28","date_gmt":"2024-06-28T15:48:28","guid":{"rendered":"https:\/\/www.oaxaca.gob.mx\/ageo\/?page_id=11002"},"modified":"2025-06-16T16:34:52","modified_gmt":"2025-06-16T22:34:52","slug":"encuentros-y-desencuentros-con-la-historia","status":"publish","type":"page","link":"https:\/\/www.oaxaca.gob.mx\/ageo\/encuentros-y-desencuentros-con-la-historia\/","title":{"rendered":"Encuentros y desencuentros con la historia"},"content":{"rendered":"<p><img decoding=\"async\" src=\"https:\/\/www.oaxaca.gob.mx\/ageo\/wp-content\/uploads\/sites\/62\/2024\/06\/PORTADAPODCASTWEB-240627.jpg\" width=\"100%\" \/><br \/>\n<div class=\"su-spacer\" style=\"height:30px\"><\/div>\n<h2><strong>1<sup>er<\/sup> EPISODIO<\/strong><\/h2>\n<p><strong>\u00abLa Genealog\u00eda\u201d, Un viaje a nuestro pasado familiar y a nuestras ra\u00edces.<\/strong><br \/>\n<iframe loading=\"lazy\" style=\"border-radius: 12px\" src=\"https:\/\/open.spotify.com\/embed\/episode\/4Sd5bbNst0cXGnA5MKwLKg?utm_source=generator&amp;theme=0\" width=\"100%\" height=\"152\" frameborder=\"0\" allowfullscreen=\"allowfullscreen\"><\/iframe><br \/>\n<div class=\"su-spacer\" style=\"height:30px\"><\/div>\n<h2><strong>2<sup>do<\/sup> EPISODIO<\/strong><\/h2>\n<p><strong>\u201cAlfredo Canseco\u201d maestro de maestros.<\/strong><br \/>\n<iframe loading=\"lazy\" style=\"border-radius: 12px\" src=\"https:\/\/open.spotify.com\/embed\/episode\/5pASttneAxj3sbiypB6ccy?utm_source=generator&amp;theme=0\" width=\"100%\" height=\"152\" frameborder=\"0\" allowfullscreen=\"allowfullscreen\"><\/iframe><br \/>\n<div class=\"su-spacer\" style=\"height:30px\"><\/div>\n<h2><strong>3<sup>er<\/sup> EPISODIO<\/strong><\/h2>\n<p><strong>La ciudad de Oaxaca y sus m\u00fasicas en los sesentas.<\/strong><br \/>\n<iframe loading=\"lazy\" style=\"border-radius: 12px\" src=\"https:\/\/open.spotify.com\/embed\/episode\/4nKLJSXDsL2XMZa3mcRHFn?utm_source=generator&amp;theme=0\" width=\"100%\" height=\"152\" frameborder=\"0\" allowfullscreen=\"allowfullscreen\"><\/iframe><br \/>\n<div class=\"su-spacer\" style=\"height:30px\"><\/div>\n<h2><strong>4<sup>to<\/sup> EPISODIO<\/strong><\/h2>\n<p><strong>El Cine en Oaxaca.<\/strong><br \/>\n<iframe loading=\"lazy\" style=\"border-radius:12px\" src=\"https:\/\/open.spotify.com\/embed\/episode\/1q55rgqPtFfhSZLVXUv3c8?utm_source=generator&amp;theme=0&amp;t=0\" width=\"100%\" height=\"152\" frameBorder=\"0\" allowfullscreen=\"\" allow=\"autoplay; clipboard-write; encrypted-media; fullscreen; picture-in-picture\"><\/iframe><br \/>\n<div class=\"su-spacer\" style=\"height:30px\"><\/div>\n<h2><strong>5<sup>to<\/sup> EPISODIO<\/strong><\/h2>\n<p><strong>\u00abLa Guelaguetza\u00bb \u00bfTradici\u00f3n ancestral o construcci\u00f3n contempor\u00e1nea?<\/strong><br \/>\n<iframe loading=\"lazy\" style=\"border-radius:12px\" src=\"https:\/\/open.spotify.com\/embed\/episode\/0IjrXATzOkURzPOm9mi2Mu?utm_source=generator&amp;theme=0\" width=\"100%\" height=\"152\" frameBorder=\"0\" allowfullscreen=\"\" allow=\"autoplay; clipboard-write; encrypted-media; fullscreen; picture-in-picture\"><\/iframe><br \/>\n<div class=\"su-spacer\" style=\"height:30px\"><\/div>\n<h2><strong>6<sup>to<\/sup> EPISODIO<\/strong><\/h2>\n<p><strong>Las \u00f3rdenes religiosas en el Oaxaca colonial.<\/strong><br \/>\n<iframe loading=\"lazy\" style=\"border-radius:12px\" src=\"https:\/\/open.spotify.com\/embed\/episode\/1iDUHs6xy2hEE4NVzXe9Yt?utm_source=generator&amp;theme=0\" width=\"100%\" height=\"152\" frameBorder=\"0\" allowfullscreen=\"\" allow=\"autoplay; clipboard-write; encrypted-media; fullscreen; picture-in-picture\"><\/iframe><br \/>\n<div class=\"su-spacer\" style=\"height:30px\"><\/div>\n<h2><strong>7<sup>mo<\/sup> EPISODIO<\/strong><\/h2>\n<p><strong>La grana cochinilla, un producto de Oaxaca para el mundo. Primera Parte.<\/strong><br \/>\n<iframe loading=\"lazy\" style=\"border-radius:12px\" src=\"https:\/\/open.spotify.com\/embed\/episode\/6X5gNqqwtuPIPihtgHiDmd?utm_source=generator&amp;theme=0\" width=\"100%\" height=\"152\" frameBorder=\"0\" allowfullscreen=\"\" allow=\"autoplay; clipboard-write; encrypted-media; fullscreen; picture-in-picture\"><\/iframe><br \/>\n<div class=\"su-spacer\" style=\"height:30px\"><\/div>\n<h2><strong>8<sup>bo<\/sup> EPISODIO<\/strong><\/h2>\n<p><strong>La grana cochinilla, un producto de Oaxaca para el mundo. Segunda Parte <\/strong><br \/>\n<iframe loading=\"lazy\" style=\"border-radius:12px\" src=\"https:\/\/open.spotify.com\/embed\/episode\/52kcXHdjinWvwuRqKj3Ar1?utm_source=generator&amp;theme=0\" width=\"100%\" height=\"152\" frameBorder=\"0\" allowfullscreen=\"\" allow=\"autoplay; clipboard-write; encrypted-media; fullscreen; picture-in-picture\"><\/iframe><br \/>\n<div class=\"su-spacer\" style=\"height:30px\"><\/div>\n<h2><strong>9<sup>no<\/sup> EPISODIO<\/strong><\/h2>\n<p><strong>A la sombra del caf\u00e9, en el coraz\u00f3n de la sierra \u00abEl mal de ceguera en Oaxaca\u00bb.<\/strong><br \/>\n<iframe loading=\"lazy\" style=\"border-radius:12px\" src=\"https:\/\/open.spotify.com\/embed\/episode\/2Jq00EkQtmojYsmRccvQbD?utm_source=generator&amp;theme=0\" width=\"100%\" height=\"152\" frameBorder=\"0\" allowfullscreen=\"\" allow=\"autoplay; clipboard-write; encrypted-media; fullscreen; picture-in-picture\"><\/iframe><br \/>\n<div class=\"su-spacer\" style=\"height:30px\"><\/div>\n<h2><strong>10<sup>mo<\/sup> EPISODIO<\/strong><\/h2>\n<p><strong>Los museos como protagonistas de la historia en Oaxaca. Entre instituciones y comunidades.<\/strong><br \/>\n<iframe loading=\"lazy\" style=\"border-radius:12px\" src=\"https:\/\/open.spotify.com\/embed\/episode\/4G3Tm6nezxRtYlXhvU2GIX?utm_source=generator&amp;theme=0\" width=\"100%\" height=\"152\" frameBorder=\"0\" allowfullscreen=\"\" allow=\"autoplay; clipboard-write; encrypted-media; fullscreen; picture-in-picture\"><\/iframe><\/p>\n","protected":false},"excerpt":{"rendered":"<p>1er EPISODIO \u00abLa Genealog\u00eda\u201d, Un viaje a nuestro pasado familiar y a nuestras ra\u00edces. 2do EPISODIO \u201cAlfredo Canseco\u201d maestro de maestros. 3er EPISODIO La ciudad de Oaxaca y sus m\u00fasicas en los sesentas. 4to EPISODIO El Cine en Oaxaca. 5to EPISODIO \u00abLa Guelaguetza\u00bb \u00bfTradici\u00f3n ancestral o construcci\u00f3n contempor\u00e1nea? 6to EPISODIO Las \u00f3rdenes religiosas en el [&hellip;]<\/p>\n","protected":false},"author":69,"featured_media":0,"parent":0,"menu_order":0,"comment_status":"closed","ping_status":"closed","template":"","meta":{"episode_type":"","audio_file":"","podmotor_file_id":"","podmotor_episode_id":"","cover_image":"","cover_image_id":"","duration":"","filesize":"","filesize_raw":"","date_recorded":"","explicit":"","block":"","itunes_episode_number":"","itunes_title":"","itunes_season_number":"","itunes_episode_type":"","footnotes":""},"categories":[],"tags":[],"class_list":["post-11002","page","type-page","status-publish","hentry"],"acf":[],"publishpress_future_action":{"enabled":false,"date":"2026-05-22 05:41:32","action":"change-status","newStatus":"draft","terms":[],"taxonomy":"category","extraData":[]},"publishpress_future_workflow_manual_trigger":{"enabledWorkflows":[]},"_links":{"self":[{"href":"https:\/\/www.oaxaca.gob.mx\/ageo\/wp-json\/wp\/v2\/pages\/11002","targetHints":{"allow":["GET"]}}],"collection":[{"href":"https:\/\/www.oaxaca.gob.mx\/ageo\/wp-json\/wp\/v2\/pages"}],"about":[{"href":"https:\/\/www.oaxaca.gob.mx\/ageo\/wp-json\/wp\/v2\/types\/page"}],"author":[{"embeddable":true,"href":"https:\/\/www.oaxaca.gob.mx\/ageo\/wp-json\/wp\/v2\/users\/69"}],"replies":[{"embeddable":true,"href":"https:\/\/www.oaxaca.gob.mx\/ageo\/wp-json\/wp\/v2\/comments?post=11002"}],"version-history":[{"count":2,"href":"https:\/\/www.oaxaca.gob.mx\/ageo\/wp-json\/wp\/v2\/pages\/11002\/revisions"}],"predecessor-version":[{"id":11853,"href":"https:\/\/www.oaxaca.gob.mx\/ageo\/wp-json\/wp\/v2\/pages\/11002\/revisions\/11853"}],"wp:attachment":[{"href":"https:\/\/www.oaxaca.gob.mx\/ageo\/wp-json\/wp\/v2\/media?parent=11002"}],"wp:term":[{"taxonomy":"category","embeddable":true,"href":"https:\/\/www.oaxaca.gob.mx\/ageo\/wp-json\/wp\/v2\/categories?post=11002"},{"taxonomy":"post_tag","embeddable":true,"href":"https:\/\/www.oaxaca.gob.mx\/ageo\/wp-json\/wp\/v2\/tags?post=11002"}],"curies":[{"name":"wp","href":"https:\/\/api.w.org\/{rel}","templated":true}]}}