{"id":93,"date":"2016-02-03T17:46:14","date_gmt":"2016-02-03T17:46:14","guid":{"rendered":"https:\/\/www.oaxaca.gob.mx\/administracion\/?page_id=93"},"modified":"2016-02-03T17:46:14","modified_gmt":"2016-02-03T17:46:14","slug":"funciones","status":"publish","type":"page","link":"https:\/\/www.oaxaca.gob.mx\/administracion\/funciones\/","title":{"rendered":"Funciones"},"content":{"rendered":"<h3>Funciones<\/h3>\n<p>De acuerdo con la Ley Org\u00e1nica del Poder Ejecutivo del Estado, que manifiesta en el art\u00edculo 46. A la Secretar\u00eda de Administraci\u00f3n le corresponde el despacho de los siguientes asuntos:<br \/>\nART\u00cdCULO 46.<\/p>\n<ul>\n<li>Normar y controlar la administraci\u00f3n del capital humano, recursos materiales, tecnol\u00f3gicos y servicios de apoyo de la Administraci\u00f3n P\u00fablica Estatal;<\/li>\n<li>Aplicar y vigilar el cumplimiento de las disposiciones legales, convenios y contratos que rijan las relaciones laborales entre el Gobierno del Estado y sus trabajadores;<\/li>\n<li>Establecer una estrecha comunicaci\u00f3n y coordinaci\u00f3n con las organizaciones sindicales de los trabajadores al servicio del Gobierno del Estado a efecto de fortalecer las relaciones laborales;<\/li>\n<li>Formular los objetivos, procedimientos y mecanismos aplicables para la administraci\u00f3n del personal al servicio del Poder Ejecutivo;<\/li>\n<li>Normar, aplicar y administrar lo referente a sueldos y salarios de los trabajadores al servicio del Poder Ejecutivo;<\/li>\n<li>Expedir los nombramientos y tramitar las remociones, renuncias, licencias y jubilaciones de los trabajadores de la Administraci\u00f3n P\u00fablica Estatal;<\/li>\n<li>Brindar seguridad y servicios sociales a los trabajadores al servicio del Gobierno del Estado, atendiendo al principio de equidad de g\u00e9nero;<\/li>\n<li>Mantener al corriente el escalaf\u00f3n de los trabajadores de la administraci\u00f3n p\u00fablica centralizada, en los t\u00e9rminos del presupuesto de egresos autorizado, atendiendo al principio de equidad de g\u00e9nero;<\/li>\n<li>Contratar los servicios personales necesarios para el funcionamiento de la administraci\u00f3n p\u00fablica centralizada, en los t\u00e9rminos del presupuesto de Egresos autorizado, atendiendo al principio de equidad de g\u00e9nero;<\/li>\n<li>Supervisar la organizaci\u00f3n, funcionamiento y desarrollo del servicio civil de carrera y vigilar su implementaci\u00f3n;<\/li>\n<li>Implementar y coordinar los lineamientos y procedimientos de selecci\u00f3n de personal que requiera la Administraci\u00f3n P\u00fablica Estatal, as\u00ed como, evaluar la productividad y el desempe\u00f1o de los trabajadores con respecto al cumplimiento de sus actividades y responsabilidades;<\/li>\n<li>Reglamentar y coordinar el desarrollo de sistemas de informaci\u00f3n, as\u00ed como la adquisici\u00f3n de bienes y servicios de inform\u00e1tica de la Administraci\u00f3n P\u00fablica;<\/li>\n<li>Establecer coordinadamente con las Dependencias y Entidades, programas de modernizaci\u00f3n y calidad administrativa, con el prop\u00f3sito de promover la eficacia y eficiencia de la Administraci\u00f3n P\u00fablica, en los t\u00e9rminos de los objetivos, estrategias y l\u00edneas de acci\u00f3n del Plan Estatal de Desarrollo;<\/li>\n<li>Dise\u00f1ar y autorizar las estructuras administrativas de las dependencias, entidades, \u00f3rganos desconcentrados y auxiliares del Gobierno del Estado;<\/li>\n<li>Normar los criterios metodol\u00f3gicos de niveles de las Dependencias y Entidades;<\/li>\n<li>Dise\u00f1ar las estructuras administrativas de las Dependencias y Entidades de la Administraci\u00f3n P\u00fablica Estatal, y proponerlas a la consideraci\u00f3n presupuestal de la Secretar\u00eda Finanzas, las que una vez valoradas, de acuerdo al presupuesto autorizado, deber\u00e1n ser validadas y rubricadas por el Secretario de Administraci\u00f3n, quien inmediatamente deber\u00e1 remitirlas, adjuntando el expediente de dictamen, para la autorizaci\u00f3n definitiva del Gobernador del Estado;<\/li>\n<li>Emitir las normas y disposiciones de la Administraci\u00f3n P\u00fablica Estatal, para la adquisici\u00f3n, arrendamiento o enajenaci\u00f3n de bienes y servicios, de conformidad con la normatividad aplicable;<\/li>\n<li>Administrar el Archivo General del Poder Ejecutivo del Estado; normar y asesorar a Dependencias y Entidades de la Administraci\u00f3n P\u00fablica Estatal, en la organizaci\u00f3n, control, registro y salvaguarda de sus archivos hist\u00f3ricos;<\/li>\n<li>Definir previo acuerdo del Gobernador del Estado, criterios y pol\u00edticas de descentralizaci\u00f3n y desconcentraci\u00f3n de servicios administrativos, coordinando los procesos respectivos con las diferentes Dependencias y Entidades de la Administraci\u00f3n P\u00fablica Estatal;<\/li>\n<li>Administrar y vigilar los almacenes generales del Gobierno del Estado;<\/li>\n<li>Registrar y controlar los veh\u00edculos y maquinaria del Poder Ejecutivo del Estado;<\/li>\n<li>supervisar las condiciones de uso y autorizar las reparaciones en general, servicios y mantenimiento de los mismos;<\/li>\n<li>Proponer a consideraci\u00f3n del Gobernador del Estado, la creaci\u00f3n, modificaci\u00f3n, adscripci\u00f3n, supresi\u00f3n, fusi\u00f3n y extinci\u00f3n de \u00e1reas o unidades administrativas de Dependencias y Entidades de la Administraci\u00f3n P\u00fablica Estatal;<\/li>\n<li>Conducir y coordinar el desarrollo de programas de mejoramiento administrativo con Dependencias y Entidades de la Administraci\u00f3n P\u00fablica Estatal, revisando permanentemente los sistemas, m\u00e9todos y procedimientos de trabajo;<\/li>\n<li>Inventariar todas las adquisiciones de bienes muebles y realizar el cat\u00e1logo de bienes inmuebles del Gobierno del Estado;<\/li>\n<li>Administrar y asegurar la conservaci\u00f3n y el mantenimiento del patrimonio del Gobierno del Estado;<\/li>\n<li>Realizar el procedimiento de enajenaci\u00f3n y arrendamiento de bienes muebles, pertenecientes a la Administraci\u00f3n P\u00fablica Estatal, conforme a la normatividad aplicable, previo acuerdo del Titular del Ejecutivo;<\/li>\n<li>Establecer coordinaci\u00f3n con las Dependencias y Entidades de la Administraci\u00f3n P\u00fablica Estatal, a trav\u00e9s de sus unidades de apoyo administrativo, para asegurar la adecuada administraci\u00f3n de personal y recursos materiales, la conservaci\u00f3n y el mantenimiento del patrimonio del gobierno del Estado, y en general el suministro oportuno de los bienes y servicios que requiera la ejecuci\u00f3n de los programas de trabajo;<\/li>\n<li>Establecer los lineamientos para la elaboraci\u00f3n de los documentos normativos de organizaci\u00f3n y operaci\u00f3n de Dependencias y Entidades de la Administraci\u00f3n P\u00fablica Estatal;<\/li>\n<li>Revisar y autorizar en el \u00e1mbito administrativo, conjuntamente con la Consejer\u00eda Jur\u00eddica del Gobierno del Estado, los reglamentos internos de las Dependencias y Entidades de la Administraci\u00f3n P\u00fablica Estatal, as\u00ed como los proyectos de decretos y acuerdos en los que intervenga la Secretar\u00eda;<\/li>\n<li>Expedir los documentos, constancias y credenciales de identificaci\u00f3n de los servidores p\u00fablicos del Poder Ejecutivo;<\/li>\n<li>Elaborar, coordinar, supervisar y ejecutar programas y proyectos de profesionalizaci\u00f3n y capacitaci\u00f3n, para el desarrollo y formaci\u00f3n integral de los servidores p\u00fablicos, con el fin de que otorguen un servicio eficiente y de calidad a los ciudadanos;<\/li>\n<li>Integrar, actualizar, controlar y publicar el Registro de las Entidades de la Administraci\u00f3n P\u00fablica Estatal;<\/li>\n<li>Establecer pol\u00edticas y programas estrat\u00e9gicos para implementar la mejora de procesos, la aplicaci\u00f3n de las tecnolog\u00edas de la informaci\u00f3n, la simplificaci\u00f3n y optimizaci\u00f3n regulatoria que conduzcan a la modernizaci\u00f3n administrativa de Dependencias y Entidades de la Administraci\u00f3n P\u00fablica Estatal;<\/li>\n<li>Administrar los parques y espacios recreativos propiedad del Gobierno del Estado;<\/li>\n<li>Atender los mecanismos de vigilancia y supervisi\u00f3n conjuntamente con las \u00e1reas involucradas en la planeaci\u00f3n, organizaci\u00f3n y ejecuci\u00f3n de las giras de trabajo del Gobernador;<\/li>\n<li>Administrar el Hangar Oficial del Gobierno del Estado; Administrar la Casa Oficial del Gobierno del Estado;<\/li>\n<li>Suplir al Presidente del Comit\u00e9 de Transparencia y Acceso a la Informaci\u00f3n P\u00fablica del Poder Ejecutivo del Estado;<\/li>\n<li>Informar anualmente al Titular del Ejecutivo del resultado de las evaluaciones que en el \u00e1mbito de su competencia realice a las Dependencias y Entidades, y proponer las medidas correctivas que procedan;<\/li>\n<li>Llevar a cabo el tr\u00e1mite y registro de las obras intelectuales, marcas y licencias propiedad del Gobierno del Estado, en estrecha coadyuvancia con la Consejer\u00eda Jur\u00eddica del Gobierno del Estado; y<\/li>\n<li>Las dem\u00e1s que en el \u00e1mbito de su competencia le confiera directamente el Gobernador del Estado, su Reglamento Interno y dem\u00e1s disposiciones normativas aplicables.<\/li>\n<\/ul>\n","protected":false},"excerpt":{"rendered":"<p>Funciones De acuerdo con la Ley Org\u00e1nica del Poder Ejecutivo del Estado, que manifiesta en el art\u00edculo 46. A la Secretar\u00eda de Administraci\u00f3n le corresponde el despacho de los siguientes asuntos: ART\u00cdCULO 46. Normar y controlar la administraci\u00f3n del capital humano, recursos materiales, tecnol\u00f3gicos y servicios de apoyo de la Administraci\u00f3n P\u00fablica Estatal; Aplicar y [&hellip;]<\/p>\n","protected":false},"author":1,"featured_media":0,"parent":0,"menu_order":0,"comment_status":"closed","ping_status":"closed","template":"","meta":{"episode_type":"","audio_file":"","podmotor_file_id":"","podmotor_episode_id":"","cover_image":"","cover_image_id":"","duration":"","filesize":"","filesize_raw":"","date_recorded":"","explicit":"","block":"","itunes_episode_number":"","itunes_title":"","itunes_season_number":"","itunes_episode_type":"","footnotes":""},"categories":[],"tags":[],"class_list":["post-93","page","type-page","status-publish","hentry"],"acf":[],"publishpress_future_action":{"enabled":false,"date":"2026-05-11 06:33:13","action":"change-status","newStatus":"draft","terms":[],"taxonomy":"category","extraData":[]},"publishpress_future_workflow_manual_trigger":{"enabledWorkflows":[]},"_links":{"self":[{"href":"https:\/\/www.oaxaca.gob.mx\/administracion\/wp-json\/wp\/v2\/pages\/93","targetHints":{"allow":["GET"]}}],"collection":[{"href":"https:\/\/www.oaxaca.gob.mx\/administracion\/wp-json\/wp\/v2\/pages"}],"about":[{"href":"https:\/\/www.oaxaca.gob.mx\/administracion\/wp-json\/wp\/v2\/types\/page"}],"author":[{"embeddable":true,"href":"https:\/\/www.oaxaca.gob.mx\/administracion\/wp-json\/wp\/v2\/users\/1"}],"replies":[{"embeddable":true,"href":"https:\/\/www.oaxaca.gob.mx\/administracion\/wp-json\/wp\/v2\/comments?post=93"}],"version-history":[{"count":0,"href":"https:\/\/www.oaxaca.gob.mx\/administracion\/wp-json\/wp\/v2\/pages\/93\/revisions"}],"wp:attachment":[{"href":"https:\/\/www.oaxaca.gob.mx\/administracion\/wp-json\/wp\/v2\/media?parent=93"}],"wp:term":[{"taxonomy":"category","embeddable":true,"href":"https:\/\/www.oaxaca.gob.mx\/administracion\/wp-json\/wp\/v2\/categories?post=93"},{"taxonomy":"post_tag","embeddable":true,"href":"https:\/\/www.oaxaca.gob.mx\/administracion\/wp-json\/wp\/v2\/tags?post=93"}],"curies":[{"name":"wp","href":"https:\/\/api.w.org\/{rel}","templated":true}]}}