{"id":88,"date":"2016-02-03T17:40:17","date_gmt":"2016-02-03T17:40:17","guid":{"rendered":"https:\/\/www.oaxaca.gob.mx\/administracion\/?page_id=88"},"modified":"2019-09-25T10:52:12","modified_gmt":"2019-09-25T15:52:12","slug":"mision-y-vision","status":"publish","type":"page","link":"https:\/\/www.oaxaca.gob.mx\/administracion\/mision-y-vision\/","title":{"rendered":"Misi\u00f3n, Visi\u00f3n y Objetivos"},"content":{"rendered":"<h3>Misi\u00f3n<\/h3>\n<p style=\"text-align: justify;\">Normar y gestionar el uso eficaz, eficiente y transparente de los recursos humanos, materiales y servicios de apoyo, que requieren las Dependencias y Entidades de la Administraci\u00f3n P\u00fablica Estatal para brindar servicios de calidad a la ciudadan\u00eda, mediante la mejora continua.<\/p>\n<h3>Visi\u00f3n<\/h3>\n<p style=\"text-align: justify;\">Ser una Instituci\u00f3n de Gobierno Estatal moderna y de excelencia, con una cultura laboral altamente profesional y con actitud de servicio, que rinda cuentas en el manejo de los recursos de la Administraci\u00f3n P\u00fablica Estatal, garantizando el cumplimiento de est\u00e1ndares de calidad en los tr\u00e1mites y servicios brindados a la ciudadan\u00eda.<\/p>\n<h3>Valores Institucionales<\/h3>\n<p style=\"text-align: justify;\">La Secretar\u00eda de Administraci\u00f3n, se conduce bajo los valores del C\u00f3digo de \u00c9tica del Poder Ejecutivo del Estado de Oaxaca:<\/p>\n<table>\n<tr>\n<td>1. Inter\u00e9s p\u00fablico.<\/td>\n<td>&nbsp;&nbsp;&nbsp;&nbsp;8. Cooperaci\u00f3n.<\/td>\n<\/tr>\n<tr>\n<td>2. Respeto.<\/td>\n<td>&nbsp;&nbsp;&nbsp;&nbsp;9. Liderazgo.<\/td>\n<\/tr>\n<tr>\n<td>3. Respeto a los derechos humanos.<\/td>\n<td>&nbsp;&nbsp;&nbsp;&nbsp;10. Transparencia.<\/td>\n<\/tr>\n<tr>\n<td>4. Igualdad y no discriminaci\u00f3n.<\/td>\n<td>&nbsp;&nbsp;&nbsp;&nbsp;11. Rendici\u00f3n de cuentas. <\/td>\n<\/tr>\n<tr>\n<td>5. Equidad de g\u00e9nero.<\/td>\n<td>&nbsp;&nbsp;&nbsp;&nbsp;12. Objetividad.<\/td>\n<\/tr>\n<tr>\n<td>6. Entorno cultural y ecol\u00f3gico.<\/td>\n<td>&nbsp;&nbsp;&nbsp;&nbsp;13. Profesionalismo.<\/td>\n<\/tr>\n<tr>\n<td>7. Integridad.<\/td>\n<td>&nbsp;&nbsp;&nbsp;&nbsp;14. Eficacia.<\/td>\n<\/tr>\n<\/table>\n<p><\/br><\/p>\n<h3>Objetivo Estrat\u00e9gico<\/h3>\n<p style=\"text-align: justify;\">Formular y establecer las normas, pol\u00edticas y lineamientos t\u00e9cnico-administrativos, tendientes a optimizar el aprovechamiento de los recursos humanos, materiales y servicios de apoyo requeridos para el logro de los objetivos institucionales y el adecuado funcionamiento de las Dependencias y Entidades, mejorando la Gesti\u00f3n P\u00fablica Estatal en beneficio de la ciudadan\u00eda.<\/p>\n","protected":false},"excerpt":{"rendered":"<p>Misi\u00f3n Normar y gestionar el uso eficaz, eficiente y transparente de los recursos humanos, materiales y servicios de apoyo, que requieren las Dependencias y Entidades de la Administraci\u00f3n P\u00fablica Estatal para brindar servicios de calidad a la ciudadan\u00eda, mediante la mejora continua. Visi\u00f3n Ser una Instituci\u00f3n de Gobierno Estatal moderna y de excelencia, con una [&hellip;]<\/p>\n","protected":false},"author":1,"featured_media":0,"parent":0,"menu_order":0,"comment_status":"closed","ping_status":"closed","template":"","meta":{"episode_type":"","audio_file":"","podmotor_file_id":"","podmotor_episode_id":"","cover_image":"","cover_image_id":"","duration":"","filesize":"","filesize_raw":"","date_recorded":"","explicit":"","block":"","itunes_episode_number":"","itunes_title":"","itunes_season_number":"","itunes_episode_type":"","footnotes":""},"categories":[],"tags":[],"class_list":["post-88","page","type-page","status-publish","hentry"],"acf":[],"publishpress_future_action":{"enabled":false,"date":"2026-05-12 12:22:12","action":"change-status","newStatus":"draft","terms":[],"taxonomy":"category","extraData":[]},"publishpress_future_workflow_manual_trigger":{"enabledWorkflows":[]},"_links":{"self":[{"href":"https:\/\/www.oaxaca.gob.mx\/administracion\/wp-json\/wp\/v2\/pages\/88","targetHints":{"allow":["GET"]}}],"collection":[{"href":"https:\/\/www.oaxaca.gob.mx\/administracion\/wp-json\/wp\/v2\/pages"}],"about":[{"href":"https:\/\/www.oaxaca.gob.mx\/administracion\/wp-json\/wp\/v2\/types\/page"}],"author":[{"embeddable":true,"href":"https:\/\/www.oaxaca.gob.mx\/administracion\/wp-json\/wp\/v2\/users\/1"}],"replies":[{"embeddable":true,"href":"https:\/\/www.oaxaca.gob.mx\/administracion\/wp-json\/wp\/v2\/comments?post=88"}],"version-history":[{"count":1,"href":"https:\/\/www.oaxaca.gob.mx\/administracion\/wp-json\/wp\/v2\/pages\/88\/revisions"}],"predecessor-version":[{"id":38984,"href":"https:\/\/www.oaxaca.gob.mx\/administracion\/wp-json\/wp\/v2\/pages\/88\/revisions\/38984"}],"wp:attachment":[{"href":"https:\/\/www.oaxaca.gob.mx\/administracion\/wp-json\/wp\/v2\/media?parent=88"}],"wp:term":[{"taxonomy":"category","embeddable":true,"href":"https:\/\/www.oaxaca.gob.mx\/administracion\/wp-json\/wp\/v2\/categories?post=88"},{"taxonomy":"post_tag","embeddable":true,"href":"https:\/\/www.oaxaca.gob.mx\/administracion\/wp-json\/wp\/v2\/tags?post=88"}],"curies":[{"name":"wp","href":"https:\/\/api.w.org\/{rel}","templated":true}]}}