{"id":39,"date":"2016-02-03T16:05:03","date_gmt":"2016-02-03T16:05:03","guid":{"rendered":"https:\/\/www.oaxaca.gob.mx\/administracion\/?page_id=39"},"modified":"2024-08-12T11:38:20","modified_gmt":"2024-08-12T17:38:20","slug":"sala-de-prensa","status":"publish","type":"page","link":"https:\/\/www.oaxaca.gob.mx\/administracion\/sala-de-prensa\/","title":{"rendered":"Noticias"},"content":{"rendered":"\r\n<section class=\"section\">\r\n  <div class=\"container-md\">\r\n    <div class=\"row\">\r\n      <div class=\"col-md-8\">\r\n                <div class=\"row\">\r\n          \r\n          <!-- \/*\r\n          $paged = ( get_query_var('paged') ) ? absint(get_query_var('paged')) : 1;\r\n          \/\/$query = new WP_Query( array( 'post_type' =>  'post', 'category_name' => 'noticias', 'posts_per_page' => 10 , 'paged' => $paged ) );\r\n          $query = new WP_Query( array( 'post_type' =>  'post', 'post_status' => 'publish', 'posts_per_page' => 10 , 'paged' => $paged ) );\r\n          if ( $query->have_posts() ) :\r\n            while ( $query->have_posts() ) : $query->the_post(); *\/ \r\n          ?> -->\r\n            <div class=\"card border-0 mb-3\" style=\"width: 100%;\">\r\n              <div class=\"row g-0\">\r\n                <div class=\"col-md-4\">\r\n                                      <img decoding=\"async\" src=\"https:\/\/www.oaxaca.gob.mx\/administracion\/wp-content\/uploads\/sites\/66\/2026\/05\/CP280426-04.png\" class=\"img-fluid\" style=\"width:300px; height:200px;\" alt=\"Promueve Secretar\u00eda de Administraci\u00f3n la inclusi\u00f3n con taller de Lengua de Se\u00f1as Mexicana\">\r\n                                  <\/div>\r\n                <div class=\"col-md-8\">\r\n                  <div class=\"card-body py-1\">\r\n                    <a href=\"https:\/\/www.oaxaca.gob.mx\/administracion\/promueve-secretaria-de-administracion-la-inclusion-con-taller-de-lengua-de-senas-mexicana\/\" title=\"Promueve Secretar\u00eda de Administraci\u00f3n la inclusi\u00f3n con taller de Lengua de Se\u00f1as Mexicana\">\r\n                      <h5 class=\"card-title\">Promueve Secretar\u00eda de Administraci\u00f3n la inclusi\u00f3n con taller de Lengua de Se\u00f1as Mexicana<\/h5>\r\n                    <\/a>\r\n                    <p class=\"card-text\"><p>Durante el 2026 se han realizado seis actividades formativas en esta materia; en favor de 57servidores p\u00fablicos. San Bartolo Coyotepec, Oax., 28 de abril 2026.- La Secretar\u00eda de Administraci\u00f3n, a trav\u00e9s de la Unidad de Desarrollo Profesional, imparti\u00f3 el taller \u201cLengua de Se\u00f1as Mexicana B\u00e1sico I\u201d a personal de Ciudad Judicial, con el objetivo de [&hellip;]<\/p>\n<\/p>\r\n                  <\/div>\r\n                <\/div>\r\n              <\/div>\r\n            <\/div>\r\n            \r\n          <!-- \/*\r\n          $paged = ( get_query_var('paged') ) ? absint(get_query_var('paged')) : 1;\r\n          \/\/$query = new WP_Query( array( 'post_type' =>  'post', 'category_name' => 'noticias', 'posts_per_page' => 10 , 'paged' => $paged ) );\r\n          $query = new WP_Query( array( 'post_type' =>  'post', 'post_status' => 'publish', 'posts_per_page' => 10 , 'paged' => $paged ) );\r\n          if ( $query->have_posts() ) :\r\n            while ( $query->have_posts() ) : $query->the_post(); *\/ \r\n          ?> -->\r\n            <div class=\"card border-0 mb-3\" style=\"width: 100%;\">\r\n              <div class=\"row g-0\">\r\n                <div class=\"col-md-4\">\r\n                                      <img decoding=\"async\" src=\"https:\/\/www.oaxaca.gob.mx\/administracion\/wp-content\/uploads\/sites\/66\/2026\/04\/cp280426-03-1.png\" class=\"img-fluid\" style=\"width:300px; height:200px;\" alt=\"Firman Gobierno de Oaxaca y STPEIDCEO Convenio del Pliego Petitorio 2026\">\r\n                                  <\/div>\r\n                <div class=\"col-md-8\">\r\n                  <div class=\"card-body py-1\">\r\n                    <a href=\"https:\/\/www.oaxaca.gob.mx\/administracion\/firman-gobierno-de-oaxaca-y-stpeidceo-convenio-del-pliego-petitorio-2026-2\/\" title=\"Firman Gobierno de Oaxaca y STPEIDCEO Convenio del Pliego Petitorio 2026\">\r\n                      <h5 class=\"card-title\">Firman Gobierno de Oaxaca y STPEIDCEO Convenio del Pliego Petitorio 2026<\/h5>\r\n                    <\/a>\r\n                    <p class=\"card-text\"><p>El titular del Poder Ejecutivo, Salom\u00f3n Jara Cruz reiter\u00f3 su total respeto y respaldo a las y los agremiados &nbsp; Oaxaca de Ju\u00e1rez, Oax. 27 de abril de 2026.- El Gobierno del Estado y el Sindicato de Trabajadores de los Poderes del Estado e Instituciones Descentralizadas de Car\u00e1cter Estatal de Oaxaca (STPEIDCEO) firmaron este 27 [&hellip;]<\/p>\n<\/p>\r\n                  <\/div>\r\n                <\/div>\r\n              <\/div>\r\n            <\/div>\r\n            \r\n          <!-- \/*\r\n          $paged = ( get_query_var('paged') ) ? absint(get_query_var('paged')) : 1;\r\n          \/\/$query = new WP_Query( array( 'post_type' =>  'post', 'category_name' => 'noticias', 'posts_per_page' => 10 , 'paged' => $paged ) );\r\n          $query = new WP_Query( array( 'post_type' =>  'post', 'post_status' => 'publish', 'posts_per_page' => 10 , 'paged' => $paged ) );\r\n          if ( $query->have_posts() ) :\r\n            while ( $query->have_posts() ) : $query->the_post(); *\/ \r\n          ?> -->\r\n            <div class=\"card border-0 mb-3\" style=\"width: 100%;\">\r\n              <div class=\"row g-0\">\r\n                <div class=\"col-md-4\">\r\n                                      <img decoding=\"async\" src=\"https:\/\/www.oaxaca.gob.mx\/administracion\/wp-content\/uploads\/sites\/66\/2026\/04\/CP240426-02.png\" class=\"img-fluid\" style=\"width:300px; height:200px;\" alt=\"Promueve Secretar\u00eda de Administraci\u00f3n bienestar laboral con activaci\u00f3n f\u00edsica\">\r\n                                  <\/div>\r\n                <div class=\"col-md-8\">\r\n                  <div class=\"card-body py-1\">\r\n                    <a href=\"https:\/\/www.oaxaca.gob.mx\/administracion\/promueve-secretaria-de-administracion-bienestar-laboral-con-activacion-fisica\/\" title=\"Promueve Secretar\u00eda de Administraci\u00f3n bienestar laboral con activaci\u00f3n f\u00edsica\">\r\n                      <h5 class=\"card-title\">Promueve Secretar\u00eda de Administraci\u00f3n bienestar laboral con activaci\u00f3n f\u00edsica<\/h5>\r\n                    <\/a>\r\n                    <p class=\"card-text\"><p>La actividad permiti\u00f3 generar un espacio para recargar energ\u00eda, liberar el estr\u00e9s y promover h\u00e1bitos saludables. Tlalixtac de Cabrera, Oax., 24 de abril de 2026.- La Secretar\u00eda de Administraci\u00f3n, a trav\u00e9s del Centro Mujer Tu Espacio, llev\u00f3 a cabo la actividad \u201cPausas para la Salud: Movimiento Consciente; Clases de Pilates\u201d, dirigida a servidoras p\u00fablicas del [&hellip;]<\/p>\n<\/p>\r\n                  <\/div>\r\n                <\/div>\r\n              <\/div>\r\n            <\/div>\r\n            \r\n          <!-- \/*\r\n          $paged = ( get_query_var('paged') ) ? absint(get_query_var('paged')) : 1;\r\n          \/\/$query = new WP_Query( array( 'post_type' =>  'post', 'category_name' => 'noticias', 'posts_per_page' => 10 , 'paged' => $paged ) );\r\n          $query = new WP_Query( array( 'post_type' =>  'post', 'post_status' => 'publish', 'posts_per_page' => 10 , 'paged' => $paged ) );\r\n          if ( $query->have_posts() ) :\r\n            while ( $query->have_posts() ) : $query->the_post(); *\/ \r\n          ?> -->\r\n            <div class=\"card border-0 mb-3\" style=\"width: 100%;\">\r\n              <div class=\"row g-0\">\r\n                <div class=\"col-md-4\">\r\n                                      <img decoding=\"async\" src=\"https:\/\/www.oaxaca.gob.mx\/administracion\/wp-content\/uploads\/sites\/66\/2026\/04\/CP230426-03.png\" class=\"img-fluid\" style=\"width:300px; height:200px;\" alt=\"Impulsa Administraci\u00f3n el pensamiento creativo en el servicio p\u00fablico\">\r\n                                  <\/div>\r\n                <div class=\"col-md-8\">\r\n                  <div class=\"card-body py-1\">\r\n                    <a href=\"https:\/\/www.oaxaca.gob.mx\/administracion\/impulsa-administracion-el-pensamiento-creativo-en-el-servicio-publico\/\" title=\"Impulsa Administraci\u00f3n el pensamiento creativo en el servicio p\u00fablico\">\r\n                      <h5 class=\"card-title\">Impulsa Administraci\u00f3n el pensamiento creativo en el servicio p\u00fablico<\/h5>\r\n                    <\/a>\r\n                    <p class=\"card-text\"><p>Durante la capacitaci\u00f3n, las y los participantes conocieron t\u00e9cnicas y din\u00e1micas enfocadas en el desarrollo del pensamiento creativo. Tlalixtac de Cabrera, Oax. 23 de abril de 2026.- La Secretar\u00eda de Administraci\u00f3n, a trav\u00e9s de la Unidad de Desarrollo Profesional, imparti\u00f3 el taller \u201cEnciende tu creatividad\u201d dirigido al funcionariado del Gobierno del Estado de Oaxaca, con [&hellip;]<\/p>\n<\/p>\r\n                  <\/div>\r\n                <\/div>\r\n              <\/div>\r\n            <\/div>\r\n            \r\n          <!-- \/*\r\n          $paged = ( get_query_var('paged') ) ? absint(get_query_var('paged')) : 1;\r\n          \/\/$query = new WP_Query( array( 'post_type' =>  'post', 'category_name' => 'noticias', 'posts_per_page' => 10 , 'paged' => $paged ) );\r\n          $query = new WP_Query( array( 'post_type' =>  'post', 'post_status' => 'publish', 'posts_per_page' => 10 , 'paged' => $paged ) );\r\n          if ( $query->have_posts() ) :\r\n            while ( $query->have_posts() ) : $query->the_post(); *\/ \r\n          ?> -->\r\n            <div class=\"card border-0 mb-3\" style=\"width: 100%;\">\r\n              <div class=\"row g-0\">\r\n                <div class=\"col-md-4\">\r\n                                      <img decoding=\"async\" src=\"https:\/\/www.oaxaca.gob.mx\/administracion\/wp-content\/uploads\/sites\/66\/2026\/04\/CP200426-04.png\" class=\"img-fluid\" style=\"width:300px; height:200px;\" alt=\"Fortalece Administraci\u00f3n conocimiento sobre la Ley Olimpia en el servicio p\u00fablico\">\r\n                                  <\/div>\r\n                <div class=\"col-md-8\">\r\n                  <div class=\"card-body py-1\">\r\n                    <a href=\"https:\/\/www.oaxaca.gob.mx\/administracion\/fortalece-administracion-conocimiento-sobre-la-ley-olimpia-en-el-servicio-publico\/\" title=\"Fortalece Administraci\u00f3n conocimiento sobre la Ley Olimpia en el servicio p\u00fablico\">\r\n                      <h5 class=\"card-title\">Fortalece Administraci\u00f3n conocimiento sobre la Ley Olimpia en el servicio p\u00fablico<\/h5>\r\n                    <\/a>\r\n                    <p class=\"card-text\"><p>La Unidad de Desarrollo Profesional imparti\u00f3 capacitaci\u00f3n a personal de diversas dependencias para reconocer la violencia digital y su marco legal Tlalixtac de Cabrera Oax., 20 de abril de 2026.- La Secretar\u00eda de Administraci\u00f3n, a trav\u00e9s de la Unidad de Desarrollo Profesional, imparti\u00f3 el curso \u201cLey Olimpia\u201d a personas servidoras p\u00fablicas de diversas dependencias de [&hellip;]<\/p>\n<\/p>\r\n                  <\/div>\r\n                <\/div>\r\n              <\/div>\r\n            <\/div>\r\n            \r\n          <!-- \/*\r\n          $paged = ( get_query_var('paged') ) ? absint(get_query_var('paged')) : 1;\r\n          \/\/$query = new WP_Query( array( 'post_type' =>  'post', 'category_name' => 'noticias', 'posts_per_page' => 10 , 'paged' => $paged ) );\r\n          $query = new WP_Query( array( 'post_type' =>  'post', 'post_status' => 'publish', 'posts_per_page' => 10 , 'paged' => $paged ) );\r\n          if ( $query->have_posts() ) :\r\n            while ( $query->have_posts() ) : $query->the_post(); *\/ \r\n          ?> -->\r\n            <div class=\"card border-0 mb-3\" style=\"width: 100%;\">\r\n              <div class=\"row g-0\">\r\n                <div class=\"col-md-4\">\r\n                                      <img decoding=\"async\" src=\"https:\/\/www.oaxaca.gob.mx\/administracion\/wp-content\/uploads\/sites\/66\/2026\/04\/CP170426-02.png\" class=\"img-fluid\" style=\"width:300px; height:200px;\" alt=\"Fortalece Administraci\u00f3n habilidades cognitivas en personas servidoras p\u00fablicas\">\r\n                                  <\/div>\r\n                <div class=\"col-md-8\">\r\n                  <div class=\"card-body py-1\">\r\n                    <a href=\"https:\/\/www.oaxaca.gob.mx\/administracion\/fortalece-administracion-habilidades-cognitivas-en-personas-servidoras-publicas\/\" title=\"Fortalece Administraci\u00f3n habilidades cognitivas en personas servidoras p\u00fablicas\">\r\n                      <h5 class=\"card-title\">Fortalece Administraci\u00f3n habilidades cognitivas en personas servidoras p\u00fablicas<\/h5>\r\n                    <\/a>\r\n                    <p class=\"card-text\"><p>La Unidad de Desarrollo Profesional imparti\u00f3 el taller \u201cSalud Cognitiva\u201d para promover el bienestar mental y el desempe\u00f1o laboral. &nbsp; Tlalixtac de Cabrera, Oax., 17 de abril de 2026.- La Secretar\u00eda de Administraci\u00f3n, a trav\u00e9s de la Unidad de Desarrollo Profesional, realiz\u00f3 el taller \u201cSalud Cognitiva\u201d dirigido a personas servidoras p\u00fablicas, con el objetivo de [&hellip;]<\/p>\n<\/p>\r\n                  <\/div>\r\n                <\/div>\r\n              <\/div>\r\n            <\/div>\r\n            \r\n          <!-- \/*\r\n          $paged = ( get_query_var('paged') ) ? absint(get_query_var('paged')) : 1;\r\n          \/\/$query = new WP_Query( array( 'post_type' =>  'post', 'category_name' => 'noticias', 'posts_per_page' => 10 , 'paged' => $paged ) );\r\n          $query = new WP_Query( array( 'post_type' =>  'post', 'post_status' => 'publish', 'posts_per_page' => 10 , 'paged' => $paged ) );\r\n          if ( $query->have_posts() ) :\r\n            while ( $query->have_posts() ) : $query->the_post(); *\/ \r\n          ?> -->\r\n            <div class=\"card border-0 mb-3\" style=\"width: 100%;\">\r\n              <div class=\"row g-0\">\r\n                <div class=\"col-md-4\">\r\n                                      <img decoding=\"async\" src=\"https:\/\/www.oaxaca.gob.mx\/administracion\/wp-content\/uploads\/sites\/66\/2026\/04\/cp060426-03-1.png\" class=\"img-fluid\" style=\"width:300px; height:200px;\" alt=\"Invita Administraci\u00f3n a participar en actividades recreativas y culturales durante abril en parques p\u00fablicos\">\r\n                                  <\/div>\r\n                <div class=\"col-md-8\">\r\n                  <div class=\"card-body py-1\">\r\n                    <a href=\"https:\/\/www.oaxaca.gob.mx\/administracion\/invita-administracion-a-participar-en-actividades-recreativas-y-culturales-durante-abril-en-parques-publicos\/\" title=\"Invita Administraci\u00f3n a participar en actividades recreativas y culturales durante abril en parques p\u00fablicos\">\r\n                      <h5 class=\"card-title\">Invita Administraci\u00f3n a participar en actividades recreativas y culturales durante abril en parques p\u00fablicos<\/h5>\r\n                    <\/a>\r\n                    <p class=\"card-text\"><p>Se realizar\u00e1n torneos, talleres, juegos, presentaciones art\u00edsticas y din\u00e1micas familiares en distintos espacios de convivencia de Oaxaca. Tlalixtac de Cabrera, Oax., 6 de abril de 2026.- La Secretar\u00eda de Administraci\u00f3n, a trav\u00e9s de la Coordinaci\u00f3n de Espacios P\u00fablicos y Recreativos, invita a la poblaci\u00f3n a participar en las actividades recreativas, deportivas, culturales y l\u00fadicas que [&hellip;]<\/p>\n<\/p>\r\n                  <\/div>\r\n                <\/div>\r\n              <\/div>\r\n            <\/div>\r\n            \r\n          <!-- \/*\r\n          $paged = ( get_query_var('paged') ) ? absint(get_query_var('paged')) : 1;\r\n          \/\/$query = new WP_Query( array( 'post_type' =>  'post', 'category_name' => 'noticias', 'posts_per_page' => 10 , 'paged' => $paged ) );\r\n          $query = new WP_Query( array( 'post_type' =>  'post', 'post_status' => 'publish', 'posts_per_page' => 10 , 'paged' => $paged ) );\r\n          if ( $query->have_posts() ) :\r\n            while ( $query->have_posts() ) : $query->the_post(); *\/ \r\n          ?> -->\r\n            <div class=\"card border-0 mb-3\" style=\"width: 100%;\">\r\n              <div class=\"row g-0\">\r\n                <div class=\"col-md-4\">\r\n                                      <img decoding=\"async\" src=\"https:\/\/www.oaxaca.gob.mx\/administracion\/wp-content\/uploads\/sites\/66\/2026\/04\/cp260326-04.png\" class=\"img-fluid\" style=\"width:300px; height:200px;\" alt=\"Inician mesas de negociaci\u00f3n entre Gobierno de Oaxaca y STPEIDCEO\">\r\n                                  <\/div>\r\n                <div class=\"col-md-8\">\r\n                  <div class=\"card-body py-1\">\r\n                    <a href=\"https:\/\/www.oaxaca.gob.mx\/administracion\/inician-mesas-de-negociacion-entre-gobierno-de-oaxaca-y-stpeidceo\/\" title=\"Inician mesas de negociaci\u00f3n entre Gobierno de Oaxaca y STPEIDCEO\">\r\n                      <h5 class=\"card-title\">Inician mesas de negociaci\u00f3n entre Gobierno de Oaxaca y STPEIDCEO<\/h5>\r\n                    <\/a>\r\n                    <p class=\"card-text\"><p>* El titular de la Secretar\u00eda de Administraci\u00f3n encabez\u00f3 el arranque del di\u00e1logo derivado del Pliego Petitorio 2026. Oaxaca de Ju\u00e1rez, Oax., 26 de marzo de 2026.- El Gobierno del Estado, a trav\u00e9s de la Secretar\u00eda de Administraci\u00f3n, inici\u00f3 las mesas de negociaci\u00f3n con el STPEIDCEO, tras la recepci\u00f3n de su Pliego Petitorio 2026. El [&hellip;]<\/p>\n<\/p>\r\n                  <\/div>\r\n                <\/div>\r\n              <\/div>\r\n            <\/div>\r\n            \r\n          <!-- \/*\r\n          $paged = ( get_query_var('paged') ) ? absint(get_query_var('paged')) : 1;\r\n          \/\/$query = new WP_Query( array( 'post_type' =>  'post', 'category_name' => 'noticias', 'posts_per_page' => 10 , 'paged' => $paged ) );\r\n          $query = new WP_Query( array( 'post_type' =>  'post', 'post_status' => 'publish', 'posts_per_page' => 10 , 'paged' => $paged ) );\r\n          if ( $query->have_posts() ) :\r\n            while ( $query->have_posts() ) : $query->the_post(); *\/ \r\n          ?> -->\r\n            <div class=\"card border-0 mb-3\" style=\"width: 100%;\">\r\n              <div class=\"row g-0\">\r\n                <div class=\"col-md-4\">\r\n                                      <img decoding=\"async\" src=\"https:\/\/www.oaxaca.gob.mx\/administracion\/wp-content\/uploads\/sites\/66\/2026\/04\/cp250326-03.png\" class=\"img-fluid\" style=\"width:300px; height:200px;\" alt=\"Fortalece Administraci\u00f3n principios \u00e9ticos en personal del COBAO\">\r\n                                  <\/div>\r\n                <div class=\"col-md-8\">\r\n                  <div class=\"card-body py-1\">\r\n                    <a href=\"https:\/\/www.oaxaca.gob.mx\/administracion\/fortalece-administracion-principios-eticos-en-personal-del-cobao\/\" title=\"Fortalece Administraci\u00f3n principios \u00e9ticos en personal del COBAO\">\r\n                      <h5 class=\"card-title\">Fortalece Administraci\u00f3n principios \u00e9ticos en personal del COBAO<\/h5>\r\n                    <\/a>\r\n                    <p class=\"card-text\"><p>A trav\u00e9s de la UDP, imparti\u00f3 el curso \u201c\u00c9tica y valores en la pr\u00e1ctica laboral\u201d en beneficio de las y los trabajadores del Colegio de Bachilleres del Estado de Oaxaca. Santa Cruz Xoxocotl\u00e1n, Oax., 25 de marzo de 2026.- La Secretar\u00eda de Administraci\u00f3n (SA), a trav\u00e9s de la Unidad de Desarrollo Profesional (UDP), imparti\u00f3 el [&hellip;]<\/p>\n<\/p>\r\n                  <\/div>\r\n                <\/div>\r\n              <\/div>\r\n            <\/div>\r\n            \r\n          <!-- \/*\r\n          $paged = ( get_query_var('paged') ) ? absint(get_query_var('paged')) : 1;\r\n          \/\/$query = new WP_Query( array( 'post_type' =>  'post', 'category_name' => 'noticias', 'posts_per_page' => 10 , 'paged' => $paged ) );\r\n          $query = new WP_Query( array( 'post_type' =>  'post', 'post_status' => 'publish', 'posts_per_page' => 10 , 'paged' => $paged ) );\r\n          if ( $query->have_posts() ) :\r\n            while ( $query->have_posts() ) : $query->the_post(); *\/ \r\n          ?> -->\r\n            <div class=\"card border-0 mb-3\" style=\"width: 100%;\">\r\n              <div class=\"row g-0\">\r\n                <div class=\"col-md-4\">\r\n                                      <img decoding=\"async\" src=\"https:\/\/www.oaxaca.gob.mx\/administracion\/wp-content\/uploads\/sites\/66\/2026\/03\/cp240326-02.png\" class=\"img-fluid\" style=\"width:300px; height:200px;\" alt=\"EN DI\u00c1LOGO FRANCO Y RESPETUOSO, RECIBE GOBERNADOR DE OAXACA PLIEGO PETITORIO 2026 DEL STPEIDCEO\">\r\n                                  <\/div>\r\n                <div class=\"col-md-8\">\r\n                  <div class=\"card-body py-1\">\r\n                    <a href=\"https:\/\/www.oaxaca.gob.mx\/administracion\/en-dialogo-franco-y-respetuoso-recibe-gobernador-de-oaxaca-pliego-petitorio-2026-del-stpeidceo\/\" title=\"EN DI\u00c1LOGO FRANCO Y RESPETUOSO, RECIBE GOBERNADOR DE OAXACA PLIEGO PETITORIO 2026 DEL STPEIDCEO\">\r\n                      <h5 class=\"card-title\">EN DI\u00c1LOGO FRANCO Y RESPETUOSO, RECIBE GOBERNADOR DE OAXACA PLIEGO PETITORIO 2026 DEL STPEIDCEO<\/h5>\r\n                    <\/a>\r\n                    <p class=\"card-text\"><p>Se impulsan acuerdos en beneficio de las y los trabajadores Oaxaca de Ju\u00e1rez, Oax. 24 de marzo de 2026.- En un ambiente de respeto, apertura y di\u00e1logo, el Gobernador Salom\u00f3n Jara Cruz encabez\u00f3 la recepci\u00f3n del Pliego Petitorio 2026 presentado por el Sindicato de Trabajadores de los Poderes del Estado e Instituciones Descentralizadas de Car\u00e1cter [&hellip;]<\/p>\n<\/p>\r\n                  <\/div>\r\n                <\/div>\r\n              <\/div>\r\n            <\/div>\r\n            \r\n\r\n            <!--<div class=\"row\">\r\n              <div class=\"col-md-6 text-left\"><h5><\/h5><\/div>\r\n              <div class=\"col-md-6 text-right\"><h5><\/h5><\/div>\r\n            <\/div>-->\r\n            <div class=\"row\">\r\n              <div class=\"col-md-6 text-left\">\r\n                <h5><a href=\"https:\/\/www.oaxaca.gob.mx\/administracion\/wp-json\/wp\/v2\/pages\/39\/page\/2\/\" >Noticias anteriores<\/a><\/h5>\r\n              <\/div>\r\n              <div class=\"col-md-6 text-right\">\r\n                <h5><\/h5>\r\n              <\/div>\r\n            <\/div>\r\n                  <\/div>\r\n      <\/div>\r\n    <\/div>\r\n  <\/div>\r\n<\/section>\r\n\r\n\r\n\n","protected":false},"excerpt":{"rendered":"","protected":false},"author":1,"featured_media":0,"parent":0,"menu_order":0,"comment_status":"closed","ping_status":"closed","template":"","meta":{"episode_type":"","audio_file":"","podmotor_file_id":"","podmotor_episode_id":"","cover_image":"","cover_image_id":"","duration":"","filesize":"","filesize_raw":"","date_recorded":"","explicit":"","block":"","itunes_episode_number":"","itunes_title":"","itunes_season_number":"","itunes_episode_type":"","footnotes":""},"categories":[],"tags":[],"class_list":["post-39","page","type-page","status-publish","hentry"],"acf":[],"publishpress_future_action":{"enabled":false,"date":"2026-05-19 10:23:38","action":"change-status","newStatus":"draft","terms":[],"taxonomy":"category","extraData":[]},"publishpress_future_workflow_manual_trigger":{"enabledWorkflows":[]},"_links":{"self":[{"href":"https:\/\/www.oaxaca.gob.mx\/administracion\/wp-json\/wp\/v2\/pages\/39","targetHints":{"allow":["GET"]}}],"collection":[{"href":"https:\/\/www.oaxaca.gob.mx\/administracion\/wp-json\/wp\/v2\/pages"}],"about":[{"href":"https:\/\/www.oaxaca.gob.mx\/administracion\/wp-json\/wp\/v2\/types\/page"}],"author":[{"embeddable":true,"href":"https:\/\/www.oaxaca.gob.mx\/administracion\/wp-json\/wp\/v2\/users\/1"}],"replies":[{"embeddable":true,"href":"https:\/\/www.oaxaca.gob.mx\/administracion\/wp-json\/wp\/v2\/comments?post=39"}],"version-history":[{"count":2,"href":"https:\/\/www.oaxaca.gob.mx\/administracion\/wp-json\/wp\/v2\/pages\/39\/revisions"}],"predecessor-version":[{"id":35914,"href":"https:\/\/www.oaxaca.gob.mx\/administracion\/wp-json\/wp\/v2\/pages\/39\/revisions\/35914"}],"wp:attachment":[{"href":"https:\/\/www.oaxaca.gob.mx\/administracion\/wp-json\/wp\/v2\/media?parent=39"}],"wp:term":[{"taxonomy":"category","embeddable":true,"href":"https:\/\/www.oaxaca.gob.mx\/administracion\/wp-json\/wp\/v2\/categories?post=39"},{"taxonomy":"post_tag","embeddable":true,"href":"https:\/\/www.oaxaca.gob.mx\/administracion\/wp-json\/wp\/v2\/tags?post=39"}],"curies":[{"name":"wp","href":"https:\/\/api.w.org\/{rel}","templated":true}]}}