{"id":35474,"date":"2024-06-13T11:08:05","date_gmt":"2024-06-13T17:08:05","guid":{"rendered":"https:\/\/www.oaxaca.gob.mx\/administracion\/?page_id=35474"},"modified":"2024-06-18T12:31:38","modified_gmt":"2024-06-18T18:31:38","slug":"asesoria-psicologica","status":"publish","type":"page","link":"https:\/\/www.oaxaca.gob.mx\/administracion\/asesoria-psicologica\/","title":{"rendered":"Asesor\u00eda Psicol\u00f3gica"},"content":{"rendered":"<div class=\"row\">\n<img loading=\"lazy\" decoding=\"async\" class=\"img-fluid mx-auto\" src=\"https:\/\/www.oaxaca.gob.mx\/administracion\/wp-content\/uploads\/sites\/66\/2024\/06\/img-10-scaled.jpg\" alt=\"\" width=\"1559\" height=\"1063\" \/>\n<\/div>\n<div class=\"row mt-4\">\n<div class=\"col-md-6 ps-5 pe-5\">\n<p style=\"text-align: justify;font-size: 14px\">Contamos con un espacio confortable, c\u00e1lido y seguro donde las personas pueden acudir y solicitar asesor\u00edas psicol\u00f3gicas para tratar diferentes tem\u00e1ticas que necesiten ser abordadas para mejorar su bienestar emocional, mental y laboral.<\/p>\n<p style=\"text-align: justify;font-size: 14px\">Buscamos que las y los trabajadores cuenten con un espacio en el que puedan encontrar empat\u00eda, escucha, comprensi\u00f3n y apoyo para sentirse mejor en los diferentes \u00e1mbitos de su vida.<\/p>\n<\/div>\n<div class=\"col-md-6 ps-5\">\n<ul style=\"text-align: justify\">\n<p style=\"text-align: justify;font-size: 14px\"><b>D\u00edas de atenci\u00f3n: Lunes, mi\u00e9rcoles y viernes de 09:00 a 14:00 hrs. Con previa cita a la extensi\u00f3n 10938.<\/b><\/p>\n<\/div>\n<\/div>\n","protected":false},"excerpt":{"rendered":"<p>Contamos con un espacio confortable, c\u00e1lido y seguro donde las personas pueden acudir y solicitar asesor\u00edas psicol\u00f3gicas para tratar diferentes tem\u00e1ticas que necesiten ser abordadas para mejorar su bienestar emocional, mental y laboral. Buscamos que las y los trabajadores cuenten con un espacio en el que puedan encontrar empat\u00eda, escucha, comprensi\u00f3n y apoyo para sentirse [&hellip;]<\/p>\n","protected":false},"author":72,"featured_media":0,"parent":0,"menu_order":0,"comment_status":"closed","ping_status":"closed","template":"","meta":{"episode_type":"","audio_file":"","podmotor_file_id":"","podmotor_episode_id":"","cover_image":"","cover_image_id":"","duration":"","filesize":"","filesize_raw":"","date_recorded":"","explicit":"","block":"","itunes_episode_number":"","itunes_title":"","itunes_season_number":"","itunes_episode_type":"","footnotes":""},"categories":[],"tags":[],"class_list":["post-35474","page","type-page","status-publish","hentry"],"acf":[],"publishpress_future_action":{"enabled":false,"date":"2026-04-23 23:23:30","action":"change-status","newStatus":"draft","terms":[],"taxonomy":"category","extraData":[]},"publishpress_future_workflow_manual_trigger":{"enabledWorkflows":[]},"_links":{"self":[{"href":"https:\/\/www.oaxaca.gob.mx\/administracion\/wp-json\/wp\/v2\/pages\/35474","targetHints":{"allow":["GET"]}}],"collection":[{"href":"https:\/\/www.oaxaca.gob.mx\/administracion\/wp-json\/wp\/v2\/pages"}],"about":[{"href":"https:\/\/www.oaxaca.gob.mx\/administracion\/wp-json\/wp\/v2\/types\/page"}],"author":[{"embeddable":true,"href":"https:\/\/www.oaxaca.gob.mx\/administracion\/wp-json\/wp\/v2\/users\/72"}],"replies":[{"embeddable":true,"href":"https:\/\/www.oaxaca.gob.mx\/administracion\/wp-json\/wp\/v2\/comments?post=35474"}],"version-history":[{"count":3,"href":"https:\/\/www.oaxaca.gob.mx\/administracion\/wp-json\/wp\/v2\/pages\/35474\/revisions"}],"predecessor-version":[{"id":35675,"href":"https:\/\/www.oaxaca.gob.mx\/administracion\/wp-json\/wp\/v2\/pages\/35474\/revisions\/35675"}],"wp:attachment":[{"href":"https:\/\/www.oaxaca.gob.mx\/administracion\/wp-json\/wp\/v2\/media?parent=35474"}],"wp:term":[{"taxonomy":"category","embeddable":true,"href":"https:\/\/www.oaxaca.gob.mx\/administracion\/wp-json\/wp\/v2\/categories?post=35474"},{"taxonomy":"post_tag","embeddable":true,"href":"https:\/\/www.oaxaca.gob.mx\/administracion\/wp-json\/wp\/v2\/tags?post=35474"}],"curies":[{"name":"wp","href":"https:\/\/api.w.org\/{rel}","templated":true}]}}