{"id":305,"date":"2016-02-05T15:46:37","date_gmt":"2016-02-05T15:46:37","guid":{"rendered":"https:\/\/www.oaxaca.gob.mx\/administracion\/?page_id=305"},"modified":"2016-02-05T15:46:37","modified_gmt":"2016-02-05T15:46:37","slug":"comite-de-adquisiones-de-bienes-y-servcios-del-ejecutivo-estatal","status":"publish","type":"page","link":"https:\/\/www.oaxaca.gob.mx\/administracion\/comite-de-adquisiones-de-bienes-y-servcios-del-ejecutivo-estatal\/","title":{"rendered":"COMIT\u00c9 DE ADQUISIONES, ENAJENACIONES, ARRENDAMIENTOS Y SERVICIOS DEL ESTADO DE OAXACA"},"content":{"rendered":"<p><strong>OBJETIVO GENERAL<br \/>\n<\/strong><\/p>\n<p style=\"text-align: justify\" align=\"justify\">Se constituye como un \u00f3rgano consultivo de apoyo a la Secretar\u00eda, con facultades normativas, ejecutivas y de supervisi\u00f3n en materia de contrataci\u00f3n de adquisiciones, arrendamientos y servicios de cualquier naturaleza.<\/p>\n<p style=\"text-align: justify\" align=\"justify\">Tiene por objeto intervenir como instancia administrativa y coadyuvar en el establecimiento de las pol\u00edticas, bases y lineamientos que regulen la aplicaci\u00f3n de los recursos p\u00fablicos en materia de contrataci\u00f3n de adquisiciones, arrendamientos y servicios, que requiera la Administraci\u00f3n P\u00fablica Estatal.<\/p>\n","protected":false},"excerpt":{"rendered":"<p>OBJETIVO GENERAL Se constituye como un \u00f3rgano consultivo de apoyo a la Secretar\u00eda, con facultades normativas, ejecutivas y de supervisi\u00f3n en materia de contrataci\u00f3n de adquisiciones, arrendamientos y servicios de cualquier naturaleza. Tiene por objeto intervenir como instancia administrativa y coadyuvar en el establecimiento de las pol\u00edticas, bases y lineamientos que regulen la aplicaci\u00f3n de [&hellip;]<\/p>\n","protected":false},"author":1,"featured_media":0,"parent":0,"menu_order":0,"comment_status":"closed","ping_status":"closed","template":"","meta":{"episode_type":"","audio_file":"","podmotor_file_id":"","podmotor_episode_id":"","cover_image":"","cover_image_id":"","duration":"","filesize":"","filesize_raw":"","date_recorded":"","explicit":"","block":"","itunes_episode_number":"","itunes_title":"","itunes_season_number":"","itunes_episode_type":"","footnotes":""},"categories":[],"tags":[],"class_list":["post-305","page","type-page","status-publish","hentry"],"acf":[],"publishpress_future_action":{"enabled":false,"date":"2026-05-23 17:24:09","action":"change-status","newStatus":"draft","terms":[],"taxonomy":"category","extraData":[]},"publishpress_future_workflow_manual_trigger":{"enabledWorkflows":[]},"_links":{"self":[{"href":"https:\/\/www.oaxaca.gob.mx\/administracion\/wp-json\/wp\/v2\/pages\/305","targetHints":{"allow":["GET"]}}],"collection":[{"href":"https:\/\/www.oaxaca.gob.mx\/administracion\/wp-json\/wp\/v2\/pages"}],"about":[{"href":"https:\/\/www.oaxaca.gob.mx\/administracion\/wp-json\/wp\/v2\/types\/page"}],"author":[{"embeddable":true,"href":"https:\/\/www.oaxaca.gob.mx\/administracion\/wp-json\/wp\/v2\/users\/1"}],"replies":[{"embeddable":true,"href":"https:\/\/www.oaxaca.gob.mx\/administracion\/wp-json\/wp\/v2\/comments?post=305"}],"version-history":[{"count":0,"href":"https:\/\/www.oaxaca.gob.mx\/administracion\/wp-json\/wp\/v2\/pages\/305\/revisions"}],"wp:attachment":[{"href":"https:\/\/www.oaxaca.gob.mx\/administracion\/wp-json\/wp\/v2\/media?parent=305"}],"wp:term":[{"taxonomy":"category","embeddable":true,"href":"https:\/\/www.oaxaca.gob.mx\/administracion\/wp-json\/wp\/v2\/categories?post=305"},{"taxonomy":"post_tag","embeddable":true,"href":"https:\/\/www.oaxaca.gob.mx\/administracion\/wp-json\/wp\/v2\/tags?post=305"}],"curies":[{"name":"wp","href":"https:\/\/api.w.org\/{rel}","templated":true}]}}