{"id":23631,"date":"2019-09-17T15:26:44","date_gmt":"2019-09-17T20:26:44","guid":{"rendered":"https:\/\/www.oaxaca.gob.mx\/administracion\/?page_id=23631"},"modified":"2024-06-11T10:47:13","modified_gmt":"2024-06-11T16:47:13","slug":"quienes-somos-ug","status":"publish","type":"page","link":"https:\/\/www.oaxaca.gob.mx\/administracion\/quienes-somos-cm\/","title":{"rendered":"\u00bfQui\u00e9nes Somos?"},"content":{"rendered":"<p>Somos el \u00e1rea responsable de desarrollar y promover acciones dentro de la Secretar\u00eda de Administraci\u00f3n para la incorporaci\u00f3n de la perspectiva de g\u00e9nero, prevenir y atender de primera instancia la violencia contra las mujeres, servidoras p\u00fablicas; as\u00ed como de fomentar la igualdad sustantiva entre mujeres y hombres a trav\u00e9s de foros, talleres, conferencias, cursos, acciones afirmativas entre otras actividades, lo que fortalecer\u00e1 el desarrollo institucional.<\/p>\n<p><strong>Servicios:<\/strong><br \/>\n\u00a0<br \/>\n<div class=\"su-list\" style=\"margin-left:1px\">\n<ul>\n<li><i class=\"sui sui-check\" style=\"color:#000000\"><\/i> Atenci\u00f3n psicol\u00f3gica de primer contacto a las servidoras p\u00fablicas de la Secretar\u00eda, v\u00edctimas de violencia de g\u00e9nero.<\/li>\n<li><i class=\"sui sui-check\" style=\"color:#000000\"><\/i> Orientaci\u00f3n legal a las servidoras p\u00fablicas de la Secretar\u00eda, v\u00edctimas de violencia de g\u00e9nero.<\/li>\n<li><i class=\"sui sui-check\" style=\"color:#000000\"><\/i> Espacio digno y seguro para ejercer la lactancia materna.<\/li>\n<li><i class=\"sui sui-check\" style=\"color:#000000\"><\/i> Eventos formativos (talleres y conferencias).<\/li>\n<li><i class=\"sui sui-check\" style=\"color:#000000\"><\/i> Canalizamos a otras instancias de atenci\u00f3n especializada para casos de violencia de g\u00e9nero.<\/li>\n<\/ul>\n<\/div>\n<strong>Contacto<\/strong><\/p>\n<p>Carretera Internacional Oaxaca-Istmo, km. 11.5, Ciudad Administrativa Benem\u00e9rito de las Am\u00e9ricas, Edificio 1, Piso 3, Tlalixtac de Cabrera, Oaxaca de Ju\u00e1rez. C.P. 68270.<br \/>\nTel.: 951- 501- 5000 ext. 10938.<br \/>\nHorario de atenci\u00f3n: 8:00 a 16:00 horas.<\/p>\n","protected":false},"excerpt":{"rendered":"<p>Somos el \u00e1rea responsable de desarrollar y promover acciones dentro de la Secretar\u00eda de Administraci\u00f3n para la incorporaci\u00f3n de la perspectiva de g\u00e9nero, prevenir y atender de primera instancia la violencia contra las mujeres, servidoras p\u00fablicas; as\u00ed como de fomentar la igualdad sustantiva entre mujeres y hombres a trav\u00e9s de foros, talleres, conferencias, cursos, acciones [&hellip;]<\/p>\n","protected":false},"author":72,"featured_media":0,"parent":0,"menu_order":0,"comment_status":"closed","ping_status":"closed","template":"","meta":{"episode_type":"","audio_file":"","podmotor_file_id":"","podmotor_episode_id":"","cover_image":"","cover_image_id":"","duration":"","filesize":"","filesize_raw":"","date_recorded":"","explicit":"","block":"","itunes_episode_number":"","itunes_title":"","itunes_season_number":"","itunes_episode_type":"","footnotes":""},"categories":[],"tags":[],"class_list":["post-23631","page","type-page","status-publish","hentry"],"acf":[],"publishpress_future_action":{"enabled":false,"date":"2026-04-23 22:04:28","action":"change-status","newStatus":"draft","terms":[],"taxonomy":"category","extraData":[]},"publishpress_future_workflow_manual_trigger":{"enabledWorkflows":[]},"_links":{"self":[{"href":"https:\/\/www.oaxaca.gob.mx\/administracion\/wp-json\/wp\/v2\/pages\/23631","targetHints":{"allow":["GET"]}}],"collection":[{"href":"https:\/\/www.oaxaca.gob.mx\/administracion\/wp-json\/wp\/v2\/pages"}],"about":[{"href":"https:\/\/www.oaxaca.gob.mx\/administracion\/wp-json\/wp\/v2\/types\/page"}],"author":[{"embeddable":true,"href":"https:\/\/www.oaxaca.gob.mx\/administracion\/wp-json\/wp\/v2\/users\/72"}],"replies":[{"embeddable":true,"href":"https:\/\/www.oaxaca.gob.mx\/administracion\/wp-json\/wp\/v2\/comments?post=23631"}],"version-history":[{"count":1,"href":"https:\/\/www.oaxaca.gob.mx\/administracion\/wp-json\/wp\/v2\/pages\/23631\/revisions"}],"predecessor-version":[{"id":35444,"href":"https:\/\/www.oaxaca.gob.mx\/administracion\/wp-json\/wp\/v2\/pages\/23631\/revisions\/35444"}],"wp:attachment":[{"href":"https:\/\/www.oaxaca.gob.mx\/administracion\/wp-json\/wp\/v2\/media?parent=23631"}],"wp:term":[{"taxonomy":"category","embeddable":true,"href":"https:\/\/www.oaxaca.gob.mx\/administracion\/wp-json\/wp\/v2\/categories?post=23631"},{"taxonomy":"post_tag","embeddable":true,"href":"https:\/\/www.oaxaca.gob.mx\/administracion\/wp-json\/wp\/v2\/tags?post=23631"}],"curies":[{"name":"wp","href":"https:\/\/api.w.org\/{rel}","templated":true}]}}