{"id":132,"date":"2016-02-03T19:30:57","date_gmt":"2016-02-03T19:30:57","guid":{"rendered":"https:\/\/www.oaxaca.gob.mx\/administracion\/?page_id=132"},"modified":"2026-03-23T11:36:13","modified_gmt":"2026-03-23T17:36:13","slug":"direccion-de-modernizacion-administrativa","status":"publish","type":"page","link":"https:\/\/www.oaxaca.gob.mx\/administracion\/direccion-de-modernizacion-administrativa\/","title":{"rendered":"Direcci\u00f3n de Modernizaci\u00f3n Administrativa"},"content":{"rendered":"<div class=\"d-flex align-items-start\">\n<div class=\"row\">\n<div class=\"col-md-3\">\n<div class=\"nav flex-column nav-pills me-3\" id=\"v-pills-tab\" role=\"tablist\">\n        <button class=\"nav-link text-start active\" id=\"v-pills-objetivo-tab\" data-bs-toggle=\"pill\" data-bs-target=\"#v-pills-objetivo\" type=\"button\" role=\"tab\" aria-controls=\"v-pills-objetivo\"> Objetivo General<\/button><br \/>\n        <button class=\"nav-link text-start\" id=\"v-pills-funciones-tab\" data-bs-toggle=\"pill\" data-bs-target=\"#v-pills-funciones\" type=\"button\" role=\"tab\" aria-controls=\"v-pills-funciones\"> Funciones<\/button><br \/>\n        <button class=\"nav-link text-start\" id=\"v-pills-contacto-tab\" data-bs-toggle=\"pill\" data-bs-target=\"#v-pills-contacto\" type=\"button\" role=\"tab\" aria-controls=\"v-pills-contacto\"> Contacto<\/button><br \/>\n        <button class=\"nav-link text-start\" id=\"v-pills-guias-tab\" data-bs-toggle=\"pill\" data-bs-target=\"#v-pills-guias\" type=\"button\" role=\"tab\" aria-controls=\"v-pills-guias\"> Gu\u00edas y Lineamientos<\/button><br \/>\n<button class=\"nav-link text-start\" id=\"v-pills-sirepa-tab\" data-bs-toggle=\"pill\" data-bs-target=\"#v-pills-sirepa\" type=\"button\" role=\"tab\" aria-controls=\"v-pills-sirepa\"> SIREPA<\/button>\n      <\/div>\n<\/p><\/div>\n<div class=\"col-md-9\">\n<div class=\"tab-content\" id=\"v-pills-tabContent\">\n<div class=\"tab-pane fade show active\" id=\"v-pills-objetivo\" role=\"tabpanel\" aria-labelledby=\"v-pills-objetivo-tab\">\n<p style=\"text-align: center\"><span style=\"color: #8d3b88\"><strong>Objetivo General<\/strong><\/span><\/p>\n<p style=\"text-align: justify\">Impulsar la transformaci\u00f3n de la administraci\u00f3n p\u00fablica estatal, a trav\u00e9s del dise\u00f1o de estructuras org\u00e1nicas que permitan innovar sus modelos organizacionales, la mejora de los procesos, la simplificaci\u00f3n y desregulaci\u00f3n de tr\u00e1mites y servicios que eleven los est\u00e1ndares de eficiencia y eficacia gubernamental, a fin de responder con oportunidad a las demandas y expectativas de la poblaci\u00f3n.<\/p>\n<\/p><\/div>\n<div class=\"tab-pane fade\" id=\"v-pills-funciones\" role=\"tabpanel\" aria-labelledby=\"v-pills-funciones-tab\">\n<p style=\"text-align: center\"><span style=\"color: #8d3b88\"><strong>Funciones<\/strong><\/span><\/p>\n<ul class=\"listas-geo\">\n<li>Coordinar el dise\u00f1o, revisi\u00f3n, an\u00e1lisis y dictamen de las estructuras org\u00e1nicas del personal de Mandos<br \/>\n              Medios y Superiores de las Dependencias y Entidades.<\/li>\n<li>Instruir la elaboraci\u00f3n de los lineamientos metodol\u00f3gicos y criterios t\u00e9cnicos para la elaboraci\u00f3n de<br \/>\n              estructuras org\u00e1nicas, reglamentos internos y manuales administrativos de las Dependencias y Entidades.<\/li>\n<li>Presentar las propuestas de creaci\u00f3n, cambios de nomenclatura, reorganizaci\u00f3n, fusi\u00f3n y cancelaci\u00f3n de<br \/>\n              \u00e1reas administrativas de las Dependencias y Entidades, y determinar de acuerdo a las normas, disposiciones y<br \/>\n              lineamientos vigentes, su viabilidad.<\/li>\n<li>Presentar para autorizaci\u00f3n de su superior jer\u00e1rquico las propuestas de creaci\u00f3n, cambios de nomenclatura<br \/>\n              reorganizaci\u00f3n, fusi\u00f3n y cancelaci\u00f3n de las Dependencias y Entidades.<\/li>\n<li>Coordinar la elaboraci\u00f3n de proyectos, pol\u00edticas y programas generales que contribuyan a mejorar las<br \/>\n              disposiciones administrativas, simplificar los procesos y brindar mejores servicios a la ciudadan\u00eda<\/li>\n<li>Establecer los lineamientos para la elaboraci\u00f3n de Reglamentos Internos, Manuales de Organizaci\u00f3n,<br \/>\n              Procedimientos y Tr\u00e1mites y Servicios de la Administraci\u00f3n P\u00fablica Estatal.<\/li>\n<li>Coordinar las acciones de revisi\u00f3n de los proyectos de creaci\u00f3n o reforma de reglamentos internos y dem\u00e1s<br \/>\n              ordenamientos legales de las Dependencias y Entidades.<\/li>\n<li>Coordinar la integraci\u00f3n y revisi\u00f3n de los inventarios de tr\u00e1mites y servicios de las Dependencias y<br \/>\n              Entidades, para su validaci\u00f3n y Registro.<\/li>\n<li>Difundir el Registro Estatal de Tr\u00e1mites y Servicios a trav\u00e9s de la fracci\u00f3n IX de Ventanilla \u00danica de<br \/>\n              Acceso a la Informaci\u00f3n.<\/li>\n<li>Dar seguimiento puntual a la instalaci\u00f3n y funcionamiento de los \u00f3rganos de gobierno de las Entidades y<br \/>\n              verificar que se actualice su normatividad.<\/li>\n<\/ul><\/div>\n<div class=\"tab-pane fade\" id=\"v-pills-contacto\" role=\"tabpanel\" aria-labelledby=\"v-pills-contacto-tab\">\n<p style=\"text-align: center\"><span style=\"color: #8d3b88\"><strong>Contacto<\/strong><\/span><\/p>\n<p style=\"text-align: justify\">Edificio 1 \u201cJos\u00e9 Vasconcelos\u201d, nivel 3, Ciudad Administrativa.<\/p>\n<p style=\"text-align: justify\">Ext. 10884, 10883<\/p>\n<\/p><\/div>\n<div class=\"tab-pane fade\" id=\"v-pills-guias\" role=\"tabpanel\" aria-labelledby=\"v-pills-guias-tab\">\n<ul class=\"nav nav-pills mb-3\" id=\"pills-tab\" role=\"tablist\">\n<li class=\"nav-item\" role=\"presentation\">\n              <button class=\"nav-link active\" id=\"pills-uno-tab\" data-bs-toggle=\"pill\" data-bs-target=\"#pills-uno\" type=\"button\" role=\"tab\" aria-controls=\"pills-uno\">Diagn\u00f3stico de la GUIA<\/button>\n            <\/li>\n<li class=\"nav-item\" role=\"presentation\">\n              <button class=\"nav-link\" id=\"pills-dos-tab\" data-bs-toggle=\"pill\" data-bs-target=\"#pills-dos\" type=\"button\" role=\"tab\" aria-controls=\"pills-dos\">Seguimiento de la GUIA<\/button>\n            <\/li>\n<li class=\"nav-item\" role=\"presentation\">\n              <button class=\"nav-link\" id=\"pills-tres-tab\" data-bs-toggle=\"pill\" data-bs-target=\"#pills-tres\" type=\"button\" role=\"tab\" aria-controls=\"pills-tres\">Lineamientos para la<br \/>\n                elaboraci\u00f3n de reglamentos internos<\/button>\n            <\/li>\n<li class=\"nav-item\" role=\"presentation\">\n              <button class=\"nav-link\" id=\"pills-cuatro-tab\" data-bs-toggle=\"pill\" data-bs-target=\"#pills-cuatro\" type=\"button\" role=\"tab\" aria-controls=\"pills-cuatro\">Lineamientos para Manuales de<br \/>\n                Organizaci\u00f3n<\/button>\n            <\/li>\n<li class=\"nav-item\" role=\"presentation\">\n              <button class=\"nav-link\" id=\"pills-cinco-tab\" data-bs-toggle=\"pill\" data-bs-target=\"#pills-cinco\" type=\"button\" role=\"tab\" aria-controls=\"pills-cinco\">Lineamientos para Manuales de<br \/>\n                Procedimientos<\/button>\n            <\/li>\n<\/ul>\n<div class=\"tab-content\" id=\"pills-tabContent\">\n<div class=\"tab-pane fade show active\" id=\"pills-uno\" role=\"tabpanel\" aria-labelledby=\"pills-uno-tab\">\n<p style=\"text-align: center\"><span style=\"color: #8d3b88\"><strong>Diagn\u00f3stico de la GUIA<\/strong><\/span><\/p>\n\n<table id=\"tablepress-62\" class=\"tablepress tablepress-id-62\">\n<thead>\n<tr class=\"row-1\">\n\t<th class=\"column-1\">PRODUCTO<\/th><td class=\"column-2\"><\/td>\n<\/tr>\n<\/thead>\n<tbody class=\"row-striping row-hover\">\n<tr class=\"row-2\">\n\t<td class=\"column-1\"><p style=\"text-align:justify;font-size: 11px\">CUESTIONARIO DE DIAGNOSTICO<\/p><\/td><td class=\"column-2\"><a href=\"https:\/\/www.oaxaca.gob.mx\/administracion\/wp-content\/uploads\/sites\/66\/2024\/04\/CUESTIONARIO-DE-DIAGNOSTICO.pdf\" target=\"_blank\" rel=\"noopener noreferrer\"><i class=\"fa fa-download\">&nbsp;<\/i><\/a><\/td>\n<\/tr>\n<tr class=\"row-3\">\n\t<td class=\"column-1\"><p style=\"text-align:justify;font-size: 11px\">IDENTIFICACION DE PROCESOS SEFADER<\/p><\/td><td class=\"column-2\"><a href=\"https:\/\/www.oaxaca.gob.mx\/administracion\/wp-content\/uploads\/sites\/66\/2024\/04\/F2-Identificacion-de-procesos-SEFADER.pdf\" target=\"_blank\" rel=\"noopener noreferrer\"><i class=\"fa fa-download\">&nbsp;<\/i><\/a><\/td>\n<\/tr>\n<tr class=\"row-4\">\n\t<td class=\"column-1\"><p style=\"text-align:justify;font-size: 11px\">ANALISIS-DE-PROCESOS-E-INDICADOR-DE-RESULTADOS<\/p><\/td><td class=\"column-2\"><a href=\"https:\/\/www.oaxaca.gob.mx\/administracion\/wp-content\/uploads\/sites\/66\/2024\/04\/F3-Analisis-de-procesos-e-indicador-de-resultados.pdf\" target=\"_blank\" rel=\"noopener noreferrer\"><i class=\"fa fa-download\">&nbsp;<\/i><\/a><\/td>\n<\/tr>\n<\/tbody>\n<\/table>\n<!-- #tablepress-62 from cache --><\/div>\n<div class=\"tab-pane fade\" id=\"pills-dos\" role=\"tabpanel\" aria-labelledby=\"pills-dos-tab\">\n<p style=\"text-align: center\"><span style=\"color: #8d3b88\"><strong>Seguimiento de la GUIA<\/strong><\/span><\/p>\n\n<table id=\"tablepress-25\" class=\"tablepress tablepress-id-25\">\n<thead>\n<tr class=\"row-1\">\n\t<th class=\"column-1\">PRODUCTO<\/th><td class=\"column-2\"><\/td>\n<\/tr>\n<\/thead>\n<tbody class=\"row-striping row-hover\">\n<tr class=\"row-2\">\n\t<td class=\"column-1\"><p style=\"text-align:justify;font-size: 11px\">SEGUIMIENTO RESUMEN SEFADER<\/p><\/td><td class=\"column-2\"><a href=\"https:\/\/www.oaxaca.gob.mx\/administracion\/wp-content\/uploads\/sites\/66\/2024\/04\/F4-SEGUIMIENTO-RESUMEN-SEFADER-1.pdf\" target=\"_blank\" rel=\"noopener noreferrer\"><i class=\"fa fa-download\">&nbsp;<\/i><\/a><\/td>\n<\/tr>\n<tr class=\"row-3\">\n\t<td class=\"column-1\"><p style=\"text-align:justify;font-size: 11px\">ANALISIS DE RESULTADOS<\/p><\/td><td class=\"column-2\"><a href=\"https:\/\/www.oaxaca.gob.mx\/administracion\/wp-content\/uploads\/sites\/66\/2024\/04\/F5-ANALISIS-DE-RESULTADOS-1.pdf\" target=\"_blank\" rel=\"noopener noreferrer\"><i class=\"fa fa-download\">&nbsp;<\/i><\/a><\/td>\n<\/tr>\n<\/tbody>\n<\/table>\n<!-- #tablepress-25 from cache --><\/div>\n<div class=\"tab-pane fade\" id=\"pills-tres\" role=\"tabpanel\" aria-labelledby=\"pills-tres-tab\">\n<p style=\"text-align: center\"><span style=\"color: #8d3b88\"><strong>Lineamientos para la elaboraci\u00f3n de reglamentos internos<\/strong><\/span><\/p>\n\n<table id=\"tablepress-26\" class=\"tablepress tablepress-id-26\">\n<thead>\n<tr class=\"row-1\">\n\t<th class=\"column-1\">Documento<\/th><th class=\"column-2\">Descargar<\/th>\n<\/tr>\n<\/thead>\n<tbody class=\"row-striping row-hover\">\n<tr class=\"row-2\">\n\t<td class=\"column-1\">1. Lineamiento para la elaboracio\u0301n de Reglamento Interno<\/td><td class=\"column-2\"><a href=\"https:\/\/www.oaxaca.gob.mx\/administracion\/wp-content\/uploads\/sites\/66\/2020\/06\/1.-Lineamiento-para-la-elaboracio\u0301n-de-Reglamento-Interno.pdf\"><i class=\"fas fa-download\"><\/i><\/a><\/td>\n<\/tr>\n<tr class=\"row-3\">\n\t<td class=\"column-1\">2. Matriz de alineamiento para Reglamento Interno<\/td><td class=\"column-2\"><a href=\"https:\/\/www.oaxaca.gob.mx\/administracion\/wp-content\/uploads\/sites\/66\/2023\/10\/Matriz-de-alineamientos-para-RI.docx\"><i class=\"fas fa-download\"><\/i><\/a><\/td>\n<\/tr>\n<tr class=\"row-4\">\n\t<td class=\"column-1\">3. Gui\u0301a para el uso de un lenguaje incluyente<\/td><td class=\"column-2\"><a href=\"https:\/\/www.oaxaca.gob.mx\/administracion\/wp-content\/uploads\/sites\/66\/2020\/06\/3.-Gui\u0301a-para-el-uso-de-un-lenguaje-incluyente.pdf\"><i class=\"fas fa-download\"><\/i><\/a><\/td>\n<\/tr>\n<\/tbody>\n<\/table>\n<!-- #tablepress-26 from cache --><\/div>\n<div class=\"tab-pane fade\" id=\"pills-cuatro\" role=\"tabpanel\" aria-labelledby=\"pills-cuatro-tab\">\n<p style=\"text-align: center\"><span style=\"color: #8d3b88\"><strong>Lineamientos para Manuales de Organizaci\u00f3n<\/strong><\/span><\/p>\n\n<table id=\"tablepress-27\" class=\"tablepress tablepress-id-27\">\n<thead>\n<tr class=\"row-1\">\n\t<th class=\"column-1\">Documento<\/th><th class=\"column-2\">Descargar<\/th>\n<\/tr>\n<\/thead>\n<tbody class=\"row-striping row-hover\">\n<tr class=\"row-2\">\n\t<td class=\"column-1\">1. Lineamiento para Manual de Organizacio\u0301n<\/td><td class=\"column-2\"><a href=\"https:\/\/www.oaxaca.gob.mx\/administracion\/wp-content\/uploads\/sites\/66\/2020\/06\/1.-Lineamiento-para-Manual-de-Organizacio\u0301n.pdf\"><i class=\"fas fa-download\"><\/i><\/a><\/td>\n<\/tr>\n<tr class=\"row-3\">\n\t<td class=\"column-1\">2. Matriz de alineamiento para Manual de Organizacio\u0301n<\/td><td class=\"column-2\"><a href=\"https:\/\/www.oaxaca.gob.mx\/administracion\/wp-content\/uploads\/sites\/66\/2023\/10\/Matriz-de-alineamiento-para-MO.docx\"><i class=\"fas fa-download\"><\/i><\/a><\/td>\n<\/tr>\n<tr class=\"row-4\">\n\t<td class=\"column-1\">3. Gui\u0301a para el uso de un lenguaje incluyente<\/td><td class=\"column-2\"><a href=\"https:\/\/www.oaxaca.gob.mx\/administracion\/wp-content\/uploads\/sites\/66\/2020\/06\/4.-Gui\u0301a-para-el-uso-de-un-lenguaje-incluyente.pdf\"><i class=\"fas fa-download\"><\/i><\/a><\/td>\n<\/tr>\n<\/tbody>\n<\/table>\n<!-- #tablepress-27 from cache --><\/div>\n<div class=\"tab-pane fade\" id=\"pills-cinco\" role=\"tabpanel\" aria-labelledby=\"pills-cinco-tab\">\n<p style=\"text-align: center\"><span style=\"color: #8d3b88\"><strong>Lineamientos para Manuales de Procedimientos<\/strong><\/span><\/p>\n\n<table id=\"tablepress-28\" class=\"tablepress tablepress-id-28\">\n<thead>\n<tr class=\"row-1\">\n\t<th class=\"column-1\">Documento<\/th><th class=\"column-2\">Descargar<\/th>\n<\/tr>\n<\/thead>\n<tbody class=\"row-striping row-hover\">\n<tr class=\"row-2\">\n\t<td class=\"column-1\">1. Lineamiento para la elaboracio\u0301n de Manual de Procedimientos<\/td><td class=\"column-2\"><a href=\"https:\/\/www.oaxaca.gob.mx\/administracion\/wp-content\/uploads\/sites\/66\/2020\/06\/1.-Lineamiento-para-la-elaboracio\u0301n-de-Manual-de-Procedimientos.pdf\"><i class=\"fas fa-download\"><\/i><\/a><\/td>\n<\/tr>\n<tr class=\"row-3\">\n\t<td class=\"column-1\">2. Formato de MAPEO<\/td><td class=\"column-2\"><a href=\"https:\/\/www.oaxaca.gob.mx\/administracion\/wp-content\/uploads\/sites\/66\/2023\/10\/Formato-de-MAPEO.xlsx\"><i class=\"fas fa-download\"><\/i><\/a><\/td>\n<\/tr>\n<tr class=\"row-4\">\n\t<td class=\"column-1\">3. Gui\u0301a para el uso de un lenguaje incluyente<\/td><td class=\"column-2\"><a href=\"https:\/\/www.oaxaca.gob.mx\/administracion\/wp-content\/uploads\/sites\/66\/2020\/06\/5.-Gui\u0301a-para-el-uso-de-un-lenguaje-incluyente.pdf\"><i class=\"fas fa-download\"><\/i><\/a><\/td>\n<\/tr>\n<\/tbody>\n<\/table>\n<!-- #tablepress-28 from cache --><\/div>\n<\/p><\/div>\n<\/p><\/div>\n<div class=\"tab-pane fade\" id=\"v-pills-sirepa\" role=\"tabpanel\" aria-labelledby=\"v-pills-sirepa-tab\">\n<p style=\"text-align: center\"><span style=\"color: #8d3b88\"><strong>SISTEMA DE REGISTRO DE ENTIDADES PARAESTATALES<\/strong><\/span><\/p>\n<p style=\"text-align: justify\">Objetivo: La modernizaci\u00f3n permanente de la Administraci\u00f3n P\u00fablica, es el fundamento y raz\u00f3n para el desarrollo y puesta en marcha del &quot;SIREPA&quot; con la finalidad de que se constituya en una herramienta confiable y segura para integrar el Registro de Entidades Paraestatales.<\/p>\n<div class=\"text-center pt-3\">\n<p>Acceso al SIREPA: <a href=\"https:\/\/sirepa.oaxaca.gob.mx\/\" target=\"_blank\">https:\/\/sirepa.oaxaca.gob.mx\/<\/a><\/p>\n<\/p><\/div>\n<\/p><\/div>\n<\/p><\/div>\n<\/p><\/div>\n<\/p><\/div>\n<\/div>\n","protected":false},"excerpt":{"rendered":"<p>Objetivo General Funciones Contacto Gu\u00edas y Lineamientos SIREPA Objetivo General Impulsar la transformaci\u00f3n de la administraci\u00f3n p\u00fablica estatal, a trav\u00e9s del dise\u00f1o de estructuras org\u00e1nicas que permitan innovar sus modelos organizacionales, la mejora de los procesos, la simplificaci\u00f3n y desregulaci\u00f3n de tr\u00e1mites y servicios que eleven los est\u00e1ndares de eficiencia y eficacia gubernamental, a fin [&hellip;]<\/p>\n","protected":false},"author":1,"featured_media":0,"parent":0,"menu_order":0,"comment_status":"closed","ping_status":"closed","template":"","meta":{"episode_type":"","audio_file":"","podmotor_file_id":"","podmotor_episode_id":"","cover_image":"","cover_image_id":"","duration":"","filesize":"","filesize_raw":"","date_recorded":"","explicit":"","block":"","itunes_episode_number":"","itunes_title":"","itunes_season_number":"","itunes_episode_type":"","footnotes":""},"categories":[],"tags":[],"class_list":["post-132","page","type-page","status-publish","hentry"],"acf":[],"publishpress_future_action":{"enabled":false,"date":"2026-05-20 10:00:43","action":"change-status","newStatus":"draft","terms":[],"taxonomy":"category","extraData":[]},"publishpress_future_workflow_manual_trigger":{"enabledWorkflows":[]},"_links":{"self":[{"href":"https:\/\/www.oaxaca.gob.mx\/administracion\/wp-json\/wp\/v2\/pages\/132","targetHints":{"allow":["GET"]}}],"collection":[{"href":"https:\/\/www.oaxaca.gob.mx\/administracion\/wp-json\/wp\/v2\/pages"}],"about":[{"href":"https:\/\/www.oaxaca.gob.mx\/administracion\/wp-json\/wp\/v2\/types\/page"}],"author":[{"embeddable":true,"href":"https:\/\/www.oaxaca.gob.mx\/administracion\/wp-json\/wp\/v2\/users\/1"}],"replies":[{"embeddable":true,"href":"https:\/\/www.oaxaca.gob.mx\/administracion\/wp-json\/wp\/v2\/comments?post=132"}],"version-history":[{"count":3,"href":"https:\/\/www.oaxaca.gob.mx\/administracion\/wp-json\/wp\/v2\/pages\/132\/revisions"}],"predecessor-version":[{"id":38992,"href":"https:\/\/www.oaxaca.gob.mx\/administracion\/wp-json\/wp\/v2\/pages\/132\/revisions\/38992"}],"wp:attachment":[{"href":"https:\/\/www.oaxaca.gob.mx\/administracion\/wp-json\/wp\/v2\/media?parent=132"}],"wp:term":[{"taxonomy":"category","embeddable":true,"href":"https:\/\/www.oaxaca.gob.mx\/administracion\/wp-json\/wp\/v2\/categories?post=132"},{"taxonomy":"post_tag","embeddable":true,"href":"https:\/\/www.oaxaca.gob.mx\/administracion\/wp-json\/wp\/v2\/tags?post=132"}],"curies":[{"name":"wp","href":"https:\/\/api.w.org\/{rel}","templated":true}]}}